{"id":9533,"date":"2022-01-20T17:55:05","date_gmt":"2022-01-20T17:55:06","guid":{"rendered":"https:\/\/helliston.eu\/?post_type=product&#038;p=9533"},"modified":"2023-03-18T08:24:43","modified_gmt":"2023-03-18T08:24:43","slug":"hss-hyvelstal-258mm-till-holzstar-adh-250-258x22x18mm-2-st","status":"publish","type":"product","link":"https:\/\/helliston.eu\/sv\/produkt\/hss-hyvelstal-258mm-till-holzstar-adh-250-258x22x18mm-2-st\/","title":{"rendered":"Hyvelst\u00e5l till Holzstar ADH 250, HSS, 258x22x1,8mm"},"content":{"rendered":"","protected":false},"excerpt":{"rendered":"<p>HSS hyvelst\u00e5l till rikthyveln\/ planhyveln Holzstar ADH 250, 258 x 22 x 1,8 mm. 2 st\u00e5l\/paket. Tillverkade av motst\u00e5ndskraftigt HSS-snabbst\u00e5l (rockwellh\u00e5rdhet 63+HRC). Hyvelst\u00e5l \u00e4r omsk\u00e4rpbar. Ytterligare information l\u00e4ngst ned.<\/p>\n","protected":false},"featured_media":9190,"template":"","meta":[],"product_brand":[],"product_cat":[2653,2588,819],"product_tag":[4327],"class_list":{"0":"post-9533","1":"product","2":"type-product","3":"status-publish","4":"has-post-thumbnail","6":"product_cat-till-hyvel-adh-250","7":"product_cat-hyvelstal-till-holzstar","8":"product_cat-hyvelstal-hyvelknivar-efter-marken","9":"product_tag-258x22-sv","11":"first","12":"instock","13":"taxable","14":"shipping-taxable","15":"purchasable","16":"product-type-simple"},"jetpack_sharing_enabled":true,"_links":{"self":[{"href":"https:\/\/helliston.eu\/sv\/wp-json\/wp\/v2\/product\/9533","targetHints":{"allow":["GET"]}}],"collection":[{"href":"https:\/\/helliston.eu\/sv\/wp-json\/wp\/v2\/product"}],"about":[{"href":"https:\/\/helliston.eu\/sv\/wp-json\/wp\/v2\/types\/product"}],"wp:featuredmedia":[{"embeddable":true,"href":"https:\/\/helliston.eu\/sv\/wp-json\/wp\/v2\/media\/9190"}],"wp:attachment":[{"href":"https:\/\/helliston.eu\/sv\/wp-json\/wp\/v2\/media?parent=9533"}],"wp:term":[{"taxonomy":"product_brand","embeddable":true,"href":"https:\/\/helliston.eu\/sv\/wp-json\/wp\/v2\/product_brand?post=9533"},{"taxonomy":"product_cat","embeddable":true,"href":"https:\/\/helliston.eu\/sv\/wp-json\/wp\/v2\/product_cat?post=9533"},{"taxonomy":"product_tag","embeddable":true,"href":"https:\/\/helliston.eu\/sv\/wp-json\/wp\/v2\/product_tag?post=9533"}],"curies":[{"name":"wp","href":"https:\/\/api.w.org\/{rel}","templated":true}]}}