{"id":9420,"date":"2022-01-05T16:28:33","date_gmt":"2022-01-05T16:28:36","guid":{"rendered":"https:\/\/helliston.eu\/?post_type=product&#038;p=9420"},"modified":"2023-04-01T15:49:26","modified_gmt":"2023-04-01T15:49:26","slug":"hss-reversible-planer-blades-319mm-for-cocraft-hp-318-2-pc","status":"publish","type":"product","link":"https:\/\/helliston.eu\/sv\/produkt\/hss-reversible-planer-blades-319mm-for-cocraft-hp-318-2-pc\/","title":{"rendered":"Hyvelst\u00e5l till Cocraft HP 318, HSS, 318\u00d718,2\u00d73,2mm"},"content":{"rendered":"","protected":false},"excerpt":{"rendered":"<p>HSS hyvelst\u00e5l till planhyveln Cocraft HP 318, 318 x 18,2 x 3,2 mm, V\u00c4NDSK\u00c4R. 2 st\u00e5l\/paket. Tillverkade av motst\u00e5ndskraftigt HSS-snabbst\u00e5l (Rockwellh\u00e5rdhet 63+HRC). Hyvelst\u00e5l \u00e4r omsk\u00e4rpbar. Ytterligare information l\u00e4ngst ned.<\/p>\n","protected":false},"featured_media":9427,"template":"","meta":[],"product_brand":[],"product_cat":[517,1063,1874,370,819],"product_tag":[],"class_list":{"0":"post-9420","1":"product","2":"type-product","3":"status-publish","4":"has-post-thumbnail","6":"product_cat-318-mm-for-dewalt-dw733-dw7332-qs-ryobi-rap-1500g-etc-sv","7":"product_cat-hyvelstal-till-cocraft","8":"product_cat-till-rikt-planhyvel-cocraft-hp-318","9":"product_cat-hyvelstal","10":"product_cat-hyvelstal-hyvelknivar-efter-marken","12":"first","13":"instock","14":"taxable","15":"shipping-taxable","16":"purchasable","17":"product-type-simple"},"jetpack_sharing_enabled":true,"_links":{"self":[{"href":"https:\/\/helliston.eu\/sv\/wp-json\/wp\/v2\/product\/9420","targetHints":{"allow":["GET"]}}],"collection":[{"href":"https:\/\/helliston.eu\/sv\/wp-json\/wp\/v2\/product"}],"about":[{"href":"https:\/\/helliston.eu\/sv\/wp-json\/wp\/v2\/types\/product"}],"wp:featuredmedia":[{"embeddable":true,"href":"https:\/\/helliston.eu\/sv\/wp-json\/wp\/v2\/media\/9427"}],"wp:attachment":[{"href":"https:\/\/helliston.eu\/sv\/wp-json\/wp\/v2\/media?parent=9420"}],"wp:term":[{"taxonomy":"product_brand","embeddable":true,"href":"https:\/\/helliston.eu\/sv\/wp-json\/wp\/v2\/product_brand?post=9420"},{"taxonomy":"product_cat","embeddable":true,"href":"https:\/\/helliston.eu\/sv\/wp-json\/wp\/v2\/product_cat?post=9420"},{"taxonomy":"product_tag","embeddable":true,"href":"https:\/\/helliston.eu\/sv\/wp-json\/wp\/v2\/product_tag?post=9420"}],"curies":[{"name":"wp","href":"https:\/\/api.w.org\/{rel}","templated":true}]}}