{"id":9240,"date":"2022-01-04T15:37:04","date_gmt":"2022-01-04T15:37:07","guid":{"rendered":"https:\/\/helliston.eu\/?post_type=product&#038;p=9240"},"modified":"2023-03-30T18:34:43","modified_gmt":"2023-03-30T18:34:43","slug":"hyvelstal-till-sparky-p3180-hss-180x8x2mm","status":"publish","type":"product","link":"https:\/\/www.helliston.eu\/sv\/produkt\/hyvelstal-till-sparky-p3180-hss-180x8x2mm\/","title":{"rendered":"Hyvelst\u00e5l till Sparky P3180, HSS, 180x8x2mm"},"content":{"rendered":"","protected":false},"excerpt":{"rendered":"<p>HSS hyvelst\u00e5l till Sparky P 3180, 180x8x2mm. 3 hyvelst\u00e5l\/f\u00f6rpackning. Tillverkade av motst\u00e5ndskraftigt HSS-snabbst\u00e5l (Rockwellh\u00e5rdhet 63+HRC). Hyvelst\u00e5l \u00e4r omsk\u00e4rpbar. Ytterligare information l\u00e4ngst ned.<\/p>\n","protected":false},"featured_media":9247,"template":"","meta":[],"product_brand":[],"product_cat":[419,819,2436,2410],"product_tag":[],"class_list":{"0":"post-9240","1":"product","2":"type-product","3":"status-publish","4":"has-post-thumbnail","6":"product_cat-180mm-for-hyvel-triton-tpl180","7":"product_cat-hyvelstal-hyvelknivar-efter-marken","8":"product_cat-till-hyvel-sparky-p-3180","9":"product_cat-hyvelstal-hyvelknivar-tll-sparky","11":"first","12":"instock","13":"taxable","14":"shipping-taxable","15":"purchasable","16":"product-type-simple"},"jetpack_sharing_enabled":true,"_links":{"self":[{"href":"https:\/\/www.helliston.eu\/sv\/wp-json\/wp\/v2\/product\/9240","targetHints":{"allow":["GET"]}}],"collection":[{"href":"https:\/\/www.helliston.eu\/sv\/wp-json\/wp\/v2\/product"}],"about":[{"href":"https:\/\/www.helliston.eu\/sv\/wp-json\/wp\/v2\/types\/product"}],"wp:featuredmedia":[{"embeddable":true,"href":"https:\/\/www.helliston.eu\/sv\/wp-json\/wp\/v2\/media\/9247"}],"wp:attachment":[{"href":"https:\/\/www.helliston.eu\/sv\/wp-json\/wp\/v2\/media?parent=9240"}],"wp:term":[{"taxonomy":"product_brand","embeddable":true,"href":"https:\/\/www.helliston.eu\/sv\/wp-json\/wp\/v2\/product_brand?post=9240"},{"taxonomy":"product_cat","embeddable":true,"href":"https:\/\/www.helliston.eu\/sv\/wp-json\/wp\/v2\/product_cat?post=9240"},{"taxonomy":"product_tag","embeddable":true,"href":"https:\/\/www.helliston.eu\/sv\/wp-json\/wp\/v2\/product_tag?post=9240"}],"curies":[{"name":"wp","href":"https:\/\/api.w.org\/{rel}","templated":true}]}}