{"id":9057,"date":"2021-08-20T13:24:51","date_gmt":"2021-08-20T13:24:52","guid":{"rendered":"https:\/\/helliston.eu\/?post_type=product&#038;p=9057"},"modified":"2022-01-22T12:20:33","modified_gmt":"2022-01-22T12:20:33","slug":"hss-hyvelstal-50mm-till-makita-1051dw-1050dw-50x8x2mm-2-st","status":"publish","type":"product","link":"https:\/\/helliston.eu\/sv\/produkt\/hss-hyvelstal-50mm-till-makita-1051dw-1050dw-50x8x2mm-2-st\/","title":{"rendered":"HSS Hyvelst\u00e5l 50mm till Makita 1051DW, 1050DW, 50x8x2mm, 2 st"},"content":{"rendered":"","protected":false},"excerpt":{"rendered":"<p><strong>HSS-hyvelst\u00e5l 50mm till Makita 1051DW och 1050DW.<\/strong> 2 st\u00e5l\/paket. Tillverkade av motst\u00e5ndskraftigt HSS-snabbst\u00e5l. Ytterligare information l\u00e4ngst ned.<\/p>\n","protected":false},"featured_media":9064,"template":"","meta":[],"product_brand":[],"product_cat":[511,370,1094],"product_tag":[],"class_list":{"0":"post-9057","1":"product","2":"type-product","3":"status-publish","4":"has-post-thumbnail","6":"product_cat-50mm-for-ryobi-pb50a2-sv-hyvelknivar","7":"product_cat-hyvelstal","8":"product_cat-hyvelstal-till-makita","10":"first","11":"instock","12":"taxable","13":"shipping-taxable","14":"purchasable","15":"product-type-simple"},"jetpack_sharing_enabled":true,"_links":{"self":[{"href":"https:\/\/helliston.eu\/sv\/wp-json\/wp\/v2\/product\/9057","targetHints":{"allow":["GET"]}}],"collection":[{"href":"https:\/\/helliston.eu\/sv\/wp-json\/wp\/v2\/product"}],"about":[{"href":"https:\/\/helliston.eu\/sv\/wp-json\/wp\/v2\/types\/product"}],"wp:featuredmedia":[{"embeddable":true,"href":"https:\/\/helliston.eu\/sv\/wp-json\/wp\/v2\/media\/9064"}],"wp:attachment":[{"href":"https:\/\/helliston.eu\/sv\/wp-json\/wp\/v2\/media?parent=9057"}],"wp:term":[{"taxonomy":"product_brand","embeddable":true,"href":"https:\/\/helliston.eu\/sv\/wp-json\/wp\/v2\/product_brand?post=9057"},{"taxonomy":"product_cat","embeddable":true,"href":"https:\/\/helliston.eu\/sv\/wp-json\/wp\/v2\/product_cat?post=9057"},{"taxonomy":"product_tag","embeddable":true,"href":"https:\/\/helliston.eu\/sv\/wp-json\/wp\/v2\/product_tag?post=9057"}],"curies":[{"name":"wp","href":"https:\/\/api.w.org\/{rel}","templated":true}]}}