{"id":8559,"date":"2021-03-03T13:35:12","date_gmt":"2021-03-03T13:35:12","guid":{"rendered":"https:\/\/helliston.eu\/?post_type=product&#038;p=8559"},"modified":"2023-03-18T08:07:39","modified_gmt":"2023-03-18T08:07:39","slug":"hyvelstal-till-gude-gadh-254-p-typ-2-hss-261x165x15mm","status":"publish","type":"product","link":"https:\/\/helliston.eu\/sv\/produkt\/hyvelstal-till-gude-gadh-254-p-typ-2-hss-261x165x15mm\/","title":{"rendered":"Hyvelst\u00e5l till G\u00dcDE GADH 254\/P TYP 2, HSS, 261&#215;16,5&#215;1,5mm"},"content":{"rendered":"","protected":false},"excerpt":{"rendered":"<p>HSS hyvelst\u00e5l till rikthyveln\/ planhyveln G\u00dcDE GADH 254\/P TYP 2, 261 x 16,5 x 1,5 mm. 2 st\u00e5l\/paket. Tillverkade av motst\u00e5ndskraftigt HSS-snabbst\u00e5l (Rockwellh\u00e5rdhet 63+HRC). Hyvelst\u00e5l \u00e4r omsk\u00e4rpbar. Ytterligare information l\u00e4ngst ned.<\/p>\n<p><span style=\"color: #0000ff;\">Innan du best\u00e4ller, kontrollera produktbilderna och dina gamla hyvelblad! Det finns 2 typer av G\u00dcDE GADH 254\/P hyvlar. Den ena hyveln kr\u00e4ver 258x22x1,8mm hyvelblad med 7 h\u00e5l (5 runda, 2 rektangul\u00e4ra), den andra hyveln kr\u00e4ver 261\u00d716,5\u00d71,5mm hyvelblad med 2 h\u00e5l.<\/span><\/p>\n","protected":false},"featured_media":12491,"template":"","meta":[],"product_brand":[],"product_cat":[1916,1079,819],"product_tag":[],"class_list":{"0":"post-8559","1":"product","2":"type-product","3":"status-publish","4":"has-post-thumbnail","6":"product_cat-till-rikt-planhyvel-gude-gadh-254","7":"product_cat-hyvelstal-till-gude","8":"product_cat-hyvelstal-hyvelknivar-efter-marken","10":"first","11":"instock","12":"sale","13":"taxable","14":"shipping-taxable","15":"purchasable","16":"product-type-simple"},"jetpack_sharing_enabled":true,"_links":{"self":[{"href":"https:\/\/helliston.eu\/sv\/wp-json\/wp\/v2\/product\/8559","targetHints":{"allow":["GET"]}}],"collection":[{"href":"https:\/\/helliston.eu\/sv\/wp-json\/wp\/v2\/product"}],"about":[{"href":"https:\/\/helliston.eu\/sv\/wp-json\/wp\/v2\/types\/product"}],"wp:featuredmedia":[{"embeddable":true,"href":"https:\/\/helliston.eu\/sv\/wp-json\/wp\/v2\/media\/12491"}],"wp:attachment":[{"href":"https:\/\/helliston.eu\/sv\/wp-json\/wp\/v2\/media?parent=8559"}],"wp:term":[{"taxonomy":"product_brand","embeddable":true,"href":"https:\/\/helliston.eu\/sv\/wp-json\/wp\/v2\/product_brand?post=8559"},{"taxonomy":"product_cat","embeddable":true,"href":"https:\/\/helliston.eu\/sv\/wp-json\/wp\/v2\/product_cat?post=8559"},{"taxonomy":"product_tag","embeddable":true,"href":"https:\/\/helliston.eu\/sv\/wp-json\/wp\/v2\/product_tag?post=8559"}],"curies":[{"name":"wp","href":"https:\/\/api.w.org\/{rel}","templated":true}]}}