{"id":8341,"date":"2021-01-02T16:36:39","date_gmt":"2021-01-02T16:36:41","guid":{"rendered":"https:\/\/helliston.eu\/?post_type=product&#038;p=8341"},"modified":"2021-02-15T12:08:49","modified_gmt":"2021-02-15T12:08:49","slug":"hss-hyvelstal-260mm-med-2-monteringshal-till-scheppach-hms260-hms2600-2-st","status":"publish","type":"product","link":"https:\/\/helliston.eu\/sv\/produkt\/hss-hyvelstal-260mm-med-2-monteringshal-till-scheppach-hms260-hms2600-2-st\/","title":{"rendered":"HSS Hyvelst\u00e5l 260mm med med 2 MONTERINGSH\u00c5L till Scheppach HMS260, HMS2600, 2 st"},"content":{"rendered":"","protected":false},"excerpt":{"rendered":"<p><strong>HSS-hyvelst\u00e5l 260x18x3mm MED 2 MONTERINGSH\u00c5L till rikthyveln\/ planhyveln Scheppach HMS260, HMS2600.<\/strong> 2 st\u00e5l\/paket.\u00a0Tillverkade av motst\u00e5ndskraftigt HSS-snabbst\u00e5l (rockwellh\u00e5rdhet 63+HRC). Passar fr\u00e4mst till bearbetning av mjukt tr\u00e4, men \u00e4ven av h\u00e5rt. \u00c5terslipbara st\u00e5l. Ytterligare information l\u00e4ngst ned.<\/p>\n","protected":false},"featured_media":6000,"template":"","meta":[],"product_brand":[],"product_cat":[423,2000,2003,370,819,1107],"product_tag":[],"class_list":{"0":"post-8341","1":"product","2":"type-product","3":"status-publish","4":"has-post-thumbnail","6":"product_cat-260mm-for-scheppach-hms260-metabo-elektra-beckum-hc260-hc260m-hc260c-hc260e-hc260es-hc260k-sv","7":"product_cat-till-rikt-planhyvel-scheppach-hms-260-260mm","8":"product_cat-till-rikt-planhyvel-scheppach-hms-2600-260mm","9":"product_cat-hyvelstal","10":"product_cat-hyvelstal-hyvelknivar-efter-marken","11":"product_cat-hyvelstal-till-scheppach","13":"first","14":"outofstock","15":"taxable","16":"shipping-taxable","17":"product-type-simple"},"jetpack_sharing_enabled":true,"_links":{"self":[{"href":"https:\/\/helliston.eu\/sv\/wp-json\/wp\/v2\/product\/8341","targetHints":{"allow":["GET"]}}],"collection":[{"href":"https:\/\/helliston.eu\/sv\/wp-json\/wp\/v2\/product"}],"about":[{"href":"https:\/\/helliston.eu\/sv\/wp-json\/wp\/v2\/types\/product"}],"wp:featuredmedia":[{"embeddable":true,"href":"https:\/\/helliston.eu\/sv\/wp-json\/wp\/v2\/media\/6000"}],"wp:attachment":[{"href":"https:\/\/helliston.eu\/sv\/wp-json\/wp\/v2\/media?parent=8341"}],"wp:term":[{"taxonomy":"product_brand","embeddable":true,"href":"https:\/\/helliston.eu\/sv\/wp-json\/wp\/v2\/product_brand?post=8341"},{"taxonomy":"product_cat","embeddable":true,"href":"https:\/\/helliston.eu\/sv\/wp-json\/wp\/v2\/product_cat?post=8341"},{"taxonomy":"product_tag","embeddable":true,"href":"https:\/\/helliston.eu\/sv\/wp-json\/wp\/v2\/product_tag?post=8341"}],"curies":[{"name":"wp","href":"https:\/\/api.w.org\/{rel}","templated":true}]}}