{"id":8334,"date":"2021-01-02T14:38:02","date_gmt":"2021-01-02T14:38:04","guid":{"rendered":"https:\/\/helliston.eu\/?post_type=product&#038;p=8334"},"modified":"2022-01-22T13:59:49","modified_gmt":"2022-01-22T13:59:49","slug":"hss-wolfram-18-hyvelstal-260mm-med-2-monteringshal-till-scheppach-hm0-hm1-hm2-hmt-2-st","status":"publish","type":"product","link":"https:\/\/helliston.eu\/sv\/produkt\/hss-wolfram-18-hyvelstal-260mm-med-2-monteringshal-till-scheppach-hm0-hm1-hm2-hmt-2-st\/","title":{"rendered":"HSS Wolfram 18% Hyvelst\u00e5l 260mm med 2 MONTERINGSH\u00c5L till Scheppach HM0, HM1, HM2, HMT+, 2 st"},"content":{"rendered":"","protected":false},"excerpt":{"rendered":"<p><strong>T1 HSS Wolfram 18% hyvelst\u00e5l 260x18x3mm MED 2 MONTERINGSH\u00c5L till rikthyveln\/ planhyveln Scheppach HM0, HM1, HM2, HMT+.<\/strong> 2 st\u00e5l\/paket. Tillverkade av det f\u00f6rstklassiga snabbst\u00e5let T1 HSS W18 % (rockwellh\u00e5rdhet 63-65 HRC). J\u00e4mf\u00f6rt med vanliga HSS \u00e4r T1 HSS W18 %-st\u00e5len mer motst\u00e5ndskraftiga \u2013 ett perfekt val vid bearbetning av s\u00e5v\u00e4l h\u00e5rt som mjukt tr\u00e4! St\u00e5len \u00e4r slipbara. Ytterligare information l\u00e4ngst ned.<\/p>\n","protected":false},"featured_media":9206,"template":"","meta":[],"product_brand":[],"product_cat":[423,1989,1990,1996,2004,370,819,1107],"product_tag":[],"class_list":{"0":"post-8334","1":"product","2":"type-product","3":"status-publish","4":"has-post-thumbnail","6":"product_cat-260mm-for-scheppach-hms260-metabo-elektra-beckum-hc260-hc260m-hc260c-hc260e-hc260es-hc260k-sv","7":"product_cat-till-rikt-planhyvel-scheppach-hm0-260mm","8":"product_cat-till-rikt-planhyvel-scheppach-hm1-260mm","9":"product_cat-till-rikt-planhyvel-scheppach-hm2-260mm","10":"product_cat-till-rikt-planhyvel-scheppach-hmt-260-260mm","11":"product_cat-hyvelstal","12":"product_cat-hyvelstal-hyvelknivar-efter-marken","13":"product_cat-hyvelstal-till-scheppach","15":"first","16":"instock","17":"taxable","18":"shipping-taxable","19":"purchasable","20":"product-type-simple"},"jetpack_sharing_enabled":true,"_links":{"self":[{"href":"https:\/\/helliston.eu\/sv\/wp-json\/wp\/v2\/product\/8334","targetHints":{"allow":["GET"]}}],"collection":[{"href":"https:\/\/helliston.eu\/sv\/wp-json\/wp\/v2\/product"}],"about":[{"href":"https:\/\/helliston.eu\/sv\/wp-json\/wp\/v2\/types\/product"}],"wp:featuredmedia":[{"embeddable":true,"href":"https:\/\/helliston.eu\/sv\/wp-json\/wp\/v2\/media\/9206"}],"wp:attachment":[{"href":"https:\/\/helliston.eu\/sv\/wp-json\/wp\/v2\/media?parent=8334"}],"wp:term":[{"taxonomy":"product_brand","embeddable":true,"href":"https:\/\/helliston.eu\/sv\/wp-json\/wp\/v2\/product_brand?post=8334"},{"taxonomy":"product_cat","embeddable":true,"href":"https:\/\/helliston.eu\/sv\/wp-json\/wp\/v2\/product_cat?post=8334"},{"taxonomy":"product_tag","embeddable":true,"href":"https:\/\/helliston.eu\/sv\/wp-json\/wp\/v2\/product_tag?post=8334"}],"curies":[{"name":"wp","href":"https:\/\/api.w.org\/{rel}","templated":true}]}}