{"id":8326,"date":"2021-01-02T14:33:15","date_gmt":"2021-01-02T14:33:17","guid":{"rendered":"https:\/\/helliston.eu\/?post_type=product&#038;p=8326"},"modified":"2022-01-22T14:00:07","modified_gmt":"2022-01-22T14:00:07","slug":"hss-wolfram-18-hyvelstal-260mm-med-2-monteringshal-till-scheppach-hmc-260-hmc-2600-2-st","status":"publish","type":"product","link":"https:\/\/helliston.eu\/sv\/produkt\/hss-wolfram-18-hyvelstal-260mm-med-2-monteringshal-till-scheppach-hmc-260-hmc-2600-2-st\/","title":{"rendered":"HSS Wolfram 18% Hyvelst\u00e5l 260mm med med 2 MONTERINGSH\u00c5L till Scheppach HMC 260, HMC 2600, 2 st"},"content":{"rendered":"","protected":false},"excerpt":{"rendered":"<p><strong>T1 HSS Wolfram 18% hyvelst\u00e5l 260x18x3mm MED 2 MONTERINGSH\u00c5L till rikthyveln\/ planhyveln Scheppach HMC 260, HMC 2600.<\/strong> 2 st\u00e5l\/paket. Tillverkade av det f\u00f6rstklassiga snabbst\u00e5let T1 HSS W18 % (rockwellh\u00e5rdhet 63-65 HRC). J\u00e4mf\u00f6rt med vanliga HSS \u00e4r T1 HSS W18 %-st\u00e5len mer motst\u00e5ndskraftiga \u2013 ett perfekt val vid bearbetning av s\u00e5v\u00e4l h\u00e5rt som mjukt tr\u00e4! St\u00e5len \u00e4r slipbara. Ytterligare information l\u00e4ngst ned.<\/p>\n","protected":false},"featured_media":9206,"template":"","meta":[],"product_brand":[],"product_cat":[423,1997,1998,370,819,1107],"product_tag":[],"class_list":{"0":"post-8326","1":"product","2":"type-product","3":"status-publish","4":"has-post-thumbnail","6":"product_cat-260mm-for-scheppach-hms260-metabo-elektra-beckum-hc260-hc260m-hc260c-hc260e-hc260es-hc260k-sv","7":"product_cat-till-rikt-planhyvel-scheppach-hmc-260mm","8":"product_cat-till-rikt-planhyvel-scheppach-hmc-2600-260mm","9":"product_cat-hyvelstal","10":"product_cat-hyvelstal-hyvelknivar-efter-marken","11":"product_cat-hyvelstal-till-scheppach","13":"first","14":"instock","15":"taxable","16":"shipping-taxable","17":"purchasable","18":"product-type-simple"},"jetpack_sharing_enabled":true,"_links":{"self":[{"href":"https:\/\/helliston.eu\/sv\/wp-json\/wp\/v2\/product\/8326","targetHints":{"allow":["GET"]}}],"collection":[{"href":"https:\/\/helliston.eu\/sv\/wp-json\/wp\/v2\/product"}],"about":[{"href":"https:\/\/helliston.eu\/sv\/wp-json\/wp\/v2\/types\/product"}],"wp:featuredmedia":[{"embeddable":true,"href":"https:\/\/helliston.eu\/sv\/wp-json\/wp\/v2\/media\/9206"}],"wp:attachment":[{"href":"https:\/\/helliston.eu\/sv\/wp-json\/wp\/v2\/media?parent=8326"}],"wp:term":[{"taxonomy":"product_brand","embeddable":true,"href":"https:\/\/helliston.eu\/sv\/wp-json\/wp\/v2\/product_brand?post=8326"},{"taxonomy":"product_cat","embeddable":true,"href":"https:\/\/helliston.eu\/sv\/wp-json\/wp\/v2\/product_cat?post=8326"},{"taxonomy":"product_tag","embeddable":true,"href":"https:\/\/helliston.eu\/sv\/wp-json\/wp\/v2\/product_tag?post=8326"}],"curies":[{"name":"wp","href":"https:\/\/api.w.org\/{rel}","templated":true}]}}