{"id":8310,"date":"2021-01-02T13:16:31","date_gmt":"2021-01-02T13:16:33","guid":{"rendered":"https:\/\/helliston.eu\/?post_type=product&#038;p=8310"},"modified":"2023-03-30T13:41:27","modified_gmt":"2023-03-30T13:41:27","slug":"hyvelstal-till-dewalt-dw733-dw7332-dw733-qs-typ-2-hss-318x19x3mm","status":"publish","type":"product","link":"https:\/\/helliston.eu\/sv\/produkt\/hyvelstal-till-dewalt-dw733-dw7332-dw733-qs-typ-2-hss-318x19x3mm\/","title":{"rendered":"Hyvelst\u00e5l till Dewalt DW733, DW7332, DW733-QS TYP 2, HSS, 318x19x3mm"},"content":{"rendered":"","protected":false},"excerpt":{"rendered":"<p>HSS hyvelst\u00e5l till planhyveln Dewalt DW733, DW7332, DW733-QS TYP 2, 318 x 19 x 3mm. 2 st\u00e5l\/paket. Tillverkade av motst\u00e5ndskraftigt HSS-snabbst\u00e5l (Rockwellh\u00e5rdhet 63+HRC). Hyvelst\u00e5l \u00e4r omsk\u00e4rpbar. Ytterligare information l\u00e4ngst ned.<\/p>\n<p><span style=\"color: #0000ff;\">Innan du best\u00e4ller, kontrollera produktbilderna och dina gamla hyvelblad! Det finns 2 typer av Dewalt DW733 hyvlar. Den ena hyveln kr\u00e4ver 317x25x3mm hyvelblad (med 8 h\u00e5l), den andra hyveln kr\u00e4ver 318x19x3mm hyvelblad (med 2 h\u00e5l).<\/span><\/p>\n","protected":false},"featured_media":9479,"template":"","meta":[],"product_brand":[],"product_cat":[3445,517,1067,1894,370],"product_tag":[],"class_list":{"0":"post-8310","1":"product","2":"type-product","3":"status-publish","4":"has-post-thumbnail","6":"product_cat-dw733-qs-sv","7":"product_cat-318-mm-for-dewalt-dw733-dw7332-qs-ryobi-rap-1500g-etc-sv","8":"product_cat-hyvelstal-till-dewalt","9":"product_cat-till-rikt-planhyvel-dewalt-dw733-dw7332-dw7330-dw733s-260-317-318mm","10":"product_cat-hyvelstal","12":"first","13":"outofstock","14":"taxable","15":"shipping-taxable","16":"purchasable","17":"product-type-simple"},"jetpack_sharing_enabled":true,"_links":{"self":[{"href":"https:\/\/helliston.eu\/sv\/wp-json\/wp\/v2\/product\/8310","targetHints":{"allow":["GET"]}}],"collection":[{"href":"https:\/\/helliston.eu\/sv\/wp-json\/wp\/v2\/product"}],"about":[{"href":"https:\/\/helliston.eu\/sv\/wp-json\/wp\/v2\/types\/product"}],"wp:featuredmedia":[{"embeddable":true,"href":"https:\/\/helliston.eu\/sv\/wp-json\/wp\/v2\/media\/9479"}],"wp:attachment":[{"href":"https:\/\/helliston.eu\/sv\/wp-json\/wp\/v2\/media?parent=8310"}],"wp:term":[{"taxonomy":"product_brand","embeddable":true,"href":"https:\/\/helliston.eu\/sv\/wp-json\/wp\/v2\/product_brand?post=8310"},{"taxonomy":"product_cat","embeddable":true,"href":"https:\/\/helliston.eu\/sv\/wp-json\/wp\/v2\/product_cat?post=8310"},{"taxonomy":"product_tag","embeddable":true,"href":"https:\/\/helliston.eu\/sv\/wp-json\/wp\/v2\/product_tag?post=8310"}],"curies":[{"name":"wp","href":"https:\/\/api.w.org\/{rel}","templated":true}]}}