{"id":7872,"date":"2020-11-15T18:12:29","date_gmt":"2020-11-15T18:12:31","guid":{"rendered":"https:\/\/helliston.eu\/?post_type=product&#038;p=7872"},"modified":"2021-02-15T12:18:45","modified_gmt":"2021-02-15T12:18:45","slug":"hm-tct-hyvelstal-260x20x3mm-med-2-monteringshal-till-metabo-elektra-beckum-hc260-c-e-es-m-k-record-power-dmp106-typ-2-2-st-copy-2","status":"publish","type":"product","link":"https:\/\/helliston.eu\/sv\/produkt\/hm-tct-hyvelstal-260x20x3mm-med-2-monteringshal-till-metabo-elektra-beckum-hc260-c-e-es-m-k-record-power-dmp106-typ-2-2-st-copy-2\/","title":{"rendered":"HM\/TCT Hyvelst\u00e5l 260x20x3mm med 2 monteringsh\u00e5l till Metabo HC 260 C, HC 260 M, HC 260 K, 2 st"},"content":{"rendered":"","protected":false},"excerpt":{"rendered":"<p><strong>HM\/TCT Hyvelst\u00e5l 260x20x3mm MED 2 JUSTERINGSSP\u00c5R till rikthyveln\/ planhyveln Metabo HC260C, HC260M, HC260K.<\/strong> 2 st\u00e5l\/paket. Tillverkade av motst\u00e5ndskraftig volframkarbid (rockwellh\u00e5rdhet 90+HRA). Optimal f\u00f6r alla tr\u00e4slag och tr\u00e4material. J\u00e4mf\u00f6rt med HSS h\u00e5ller HM\/TCT-st\u00e5len sk\u00e4rpan upp till fem g\u00e5nger l\u00e4ngre. St\u00e5len \u00e4r slipbara. Ytterligare information l\u00e4ngst ned.<\/p>\n","protected":false},"featured_media":7439,"template":"","meta":[],"product_brand":[],"product_cat":[1100,1965],"product_tag":[],"class_list":{"0":"post-7872","1":"product","2":"type-product","3":"status-publish","4":"has-post-thumbnail","6":"product_cat-hyvelstal-till-metabo","7":"product_cat-till-rikt-planhyvel-hc260c-hc260m-hc260k-260-mm","9":"first","10":"instock","11":"taxable","12":"shipping-taxable","13":"purchasable","14":"product-type-simple"},"jetpack_sharing_enabled":true,"_links":{"self":[{"href":"https:\/\/helliston.eu\/sv\/wp-json\/wp\/v2\/product\/7872","targetHints":{"allow":["GET"]}}],"collection":[{"href":"https:\/\/helliston.eu\/sv\/wp-json\/wp\/v2\/product"}],"about":[{"href":"https:\/\/helliston.eu\/sv\/wp-json\/wp\/v2\/types\/product"}],"wp:featuredmedia":[{"embeddable":true,"href":"https:\/\/helliston.eu\/sv\/wp-json\/wp\/v2\/media\/7439"}],"wp:attachment":[{"href":"https:\/\/helliston.eu\/sv\/wp-json\/wp\/v2\/media?parent=7872"}],"wp:term":[{"taxonomy":"product_brand","embeddable":true,"href":"https:\/\/helliston.eu\/sv\/wp-json\/wp\/v2\/product_brand?post=7872"},{"taxonomy":"product_cat","embeddable":true,"href":"https:\/\/helliston.eu\/sv\/wp-json\/wp\/v2\/product_cat?post=7872"},{"taxonomy":"product_tag","embeddable":true,"href":"https:\/\/helliston.eu\/sv\/wp-json\/wp\/v2\/product_tag?post=7872"}],"curies":[{"name":"wp","href":"https:\/\/api.w.org\/{rel}","templated":true}]}}