{"id":7859,"date":"2020-11-15T18:01:26","date_gmt":"2020-11-15T18:01:28","guid":{"rendered":"https:\/\/helliston.eu\/?post_type=product&#038;p=7859"},"modified":"2022-01-22T14:08:54","modified_gmt":"2022-01-22T14:08:54","slug":"hss-wolfram-18-hyvelstal-260x20x3mm-till-metabo-hc-260-c-hc-260-m-hc-260-k-2-st","status":"publish","type":"product","link":"https:\/\/helliston.eu\/sv\/produkt\/hss-wolfram-18-hyvelstal-260x20x3mm-till-metabo-hc-260-c-hc-260-m-hc-260-k-2-st\/","title":{"rendered":"HSS Wolfram 18% Hyvelst\u00e5l 260x20x3mm till Metabo HC 260 C, HC 260 M, HC 260 K, (utan justeringssp\u00e5r), 2 st"},"content":{"rendered":"","protected":false},"excerpt":{"rendered":"<p><strong>T1 HSS Wolfram 18% hyvelst\u00e5l 260x20x3mm UTAN JUSTERINGSSP\u00c5R till rikthyveln\/ planhyveln Metabo HC260C, HC260M, HC260K.<\/strong> 2 st\u00e5l\/paket. Tillverkade av det f\u00f6rstklassiga snabbst\u00e5let T1 HSS W18 % (rockwellh\u00e5rdhet 63-65 HRC). J\u00e4mf\u00f6rt med vanliga HSS \u00e4r T1 HSS W18 %-st\u00e5len mer motst\u00e5ndskraftiga \u2013 ett perfekt val vid bearbetning av s\u00e5v\u00e4l h\u00e5rt som mjukt tr\u00e4! St\u00e5len \u00e4r slipbara. Ytterligare information l\u00e4ngst ned.<\/p>\n","protected":false},"featured_media":7552,"template":"","meta":[],"product_brand":[],"product_cat":[1100,1965],"product_tag":[],"class_list":{"0":"post-7859","1":"product","2":"type-product","3":"status-publish","4":"has-post-thumbnail","6":"product_cat-hyvelstal-till-metabo","7":"product_cat-till-rikt-planhyvel-hc260c-hc260m-hc260k-260-mm","9":"first","10":"instock","11":"taxable","12":"shipping-taxable","13":"purchasable","14":"product-type-simple"},"jetpack_sharing_enabled":true,"_links":{"self":[{"href":"https:\/\/helliston.eu\/sv\/wp-json\/wp\/v2\/product\/7859","targetHints":{"allow":["GET"]}}],"collection":[{"href":"https:\/\/helliston.eu\/sv\/wp-json\/wp\/v2\/product"}],"about":[{"href":"https:\/\/helliston.eu\/sv\/wp-json\/wp\/v2\/types\/product"}],"wp:featuredmedia":[{"embeddable":true,"href":"https:\/\/helliston.eu\/sv\/wp-json\/wp\/v2\/media\/7552"}],"wp:attachment":[{"href":"https:\/\/helliston.eu\/sv\/wp-json\/wp\/v2\/media?parent=7859"}],"wp:term":[{"taxonomy":"product_brand","embeddable":true,"href":"https:\/\/helliston.eu\/sv\/wp-json\/wp\/v2\/product_brand?post=7859"},{"taxonomy":"product_cat","embeddable":true,"href":"https:\/\/helliston.eu\/sv\/wp-json\/wp\/v2\/product_cat?post=7859"},{"taxonomy":"product_tag","embeddable":true,"href":"https:\/\/helliston.eu\/sv\/wp-json\/wp\/v2\/product_tag?post=7859"}],"curies":[{"name":"wp","href":"https:\/\/api.w.org\/{rel}","templated":true}]}}