{"id":7853,"date":"2020-11-15T17:52:17","date_gmt":"2020-11-15T17:52:17","guid":{"rendered":"https:\/\/helliston.eu\/?post_type=product&#038;p=7853"},"modified":"2023-03-29T18:21:12","modified_gmt":"2023-03-29T18:21:12","slug":"hyvelstal-till-metabo-hc260c-hc260-m-hc260-k-hss-260x186x15mm","status":"publish","type":"product","link":"https:\/\/helliston.eu\/sv\/produkt\/hyvelstal-till-metabo-hc260c-hc260-m-hc260-k-hss-260x186x15mm\/","title":{"rendered":"Hyvelst\u00e5l till Metabo HC260C, HC260\/M, HC260\/K, HSS, 260&#215;18,6&#215;1,5mm"},"content":{"rendered":"","protected":false},"excerpt":{"rendered":"<p>HSS hyvelst\u00e5l till rikthyveln\/ planhyveln Metabo HC260\/C, HC260\/M, HC260\/K, 260 x 18,6 x 1,5 mm, V\u00c4NDSK\u00c4R. 2 st\u00e5l\/paket. Tillverkade av motst\u00e5ndskraftigt HSS-snabbst\u00e5l (Rockwellh\u00e5rdhet 63+HRC). Hyvelst\u00e5l \u00e4r omsk\u00e4rpbar. Ytterligare information l\u00e4ngst ned.<\/p>\n","protected":false},"featured_media":12880,"template":"","meta":[],"product_brand":[],"product_cat":[819,1100,1965],"product_tag":[4339],"class_list":{"0":"post-7853","1":"product","2":"type-product","3":"status-publish","4":"has-post-thumbnail","6":"product_cat-hyvelstal-hyvelknivar-efter-marken","7":"product_cat-hyvelstal-till-metabo","8":"product_cat-till-rikt-planhyvel-hc260c-hc260m-hc260k-260-mm","9":"product_tag-260-18-sv-2","11":"first","12":"outofstock","13":"taxable","14":"shipping-taxable","15":"purchasable","16":"product-type-simple"},"jetpack_sharing_enabled":true,"_links":{"self":[{"href":"https:\/\/helliston.eu\/sv\/wp-json\/wp\/v2\/product\/7853","targetHints":{"allow":["GET"]}}],"collection":[{"href":"https:\/\/helliston.eu\/sv\/wp-json\/wp\/v2\/product"}],"about":[{"href":"https:\/\/helliston.eu\/sv\/wp-json\/wp\/v2\/types\/product"}],"wp:featuredmedia":[{"embeddable":true,"href":"https:\/\/helliston.eu\/sv\/wp-json\/wp\/v2\/media\/12880"}],"wp:attachment":[{"href":"https:\/\/helliston.eu\/sv\/wp-json\/wp\/v2\/media?parent=7853"}],"wp:term":[{"taxonomy":"product_brand","embeddable":true,"href":"https:\/\/helliston.eu\/sv\/wp-json\/wp\/v2\/product_brand?post=7853"},{"taxonomy":"product_cat","embeddable":true,"href":"https:\/\/helliston.eu\/sv\/wp-json\/wp\/v2\/product_cat?post=7853"},{"taxonomy":"product_tag","embeddable":true,"href":"https:\/\/helliston.eu\/sv\/wp-json\/wp\/v2\/product_tag?post=7853"}],"curies":[{"name":"wp","href":"https:\/\/api.w.org\/{rel}","templated":true}]}}