{"id":6777,"date":"2019-12-25T12:48:54","date_gmt":"2019-12-25T12:48:54","guid":{"rendered":"https:\/\/helliston.eu\/product\/hss-wolfram-18-planer-blades-317-x-12-x-15mm-for-triton-tpt125-2-pc\/"},"modified":"2021-02-11T17:04:58","modified_gmt":"2021-02-11T17:04:58","slug":"hss-wolfram-18-hyvelstal-317-x-12-x-15mm-till-triton-tpt125-2-st","status":"publish","type":"product","link":"https:\/\/helliston.eu\/sv\/produkt\/hss-wolfram-18-hyvelstal-317-x-12-x-15mm-till-triton-tpt125-2-st\/","title":{"rendered":"HSS Wolfram 18% Hyvelst\u00e5l 317 x 12 x 1,5mm till Triton TPT125 (2 st)"},"content":{"rendered":"","protected":false},"excerpt":{"rendered":"<p><strong>T1 HSS Wolfram 18 % hyvelst\u00e5l 317x12x1,5mm till planhyveln Triton TPT125.<\/strong> 2 st\u00e5l\/paket. Tillverkade av det f\u00f6rstklassiga snabbst\u00e5let T1 HSS W18 % (rockwellh\u00e5rdhet 63-65 HRC). J\u00e4mf\u00f6rt med vanliga HSS \u00e4r T1 HSS W18 %-st\u00e5len mer motst\u00e5ndskraftiga \u2013 ett perfekt val vid bearbetning av s\u00e5v\u00e4l h\u00e5rt som mjukt tr\u00e4! St\u00e5len \u00e4r slipbara. Ytterligare information l\u00e4ngst ned.<\/p>\n","protected":false},"featured_media":7315,"template":"","meta":[],"product_brand":[],"product_cat":[430,370,1116,2016],"product_tag":[],"class_list":{"0":"post-6777","1":"product","2":"type-product","3":"status-publish","4":"has-post-thumbnail","6":"product_cat-317mm-for-hyvel-triton-tpt125-thicknesser","7":"product_cat-hyvelstal","8":"product_cat-hyvelstal-till-triton","9":"product_cat-till-rikt-planhyvel-triton-tpt-125-317mm","11":"first","12":"instock","13":"taxable","14":"shipping-taxable","15":"purchasable","16":"product-type-simple"},"jetpack_sharing_enabled":true,"_links":{"self":[{"href":"https:\/\/helliston.eu\/sv\/wp-json\/wp\/v2\/product\/6777","targetHints":{"allow":["GET"]}}],"collection":[{"href":"https:\/\/helliston.eu\/sv\/wp-json\/wp\/v2\/product"}],"about":[{"href":"https:\/\/helliston.eu\/sv\/wp-json\/wp\/v2\/types\/product"}],"wp:featuredmedia":[{"embeddable":true,"href":"https:\/\/helliston.eu\/sv\/wp-json\/wp\/v2\/media\/7315"}],"wp:attachment":[{"href":"https:\/\/helliston.eu\/sv\/wp-json\/wp\/v2\/media?parent=6777"}],"wp:term":[{"taxonomy":"product_brand","embeddable":true,"href":"https:\/\/helliston.eu\/sv\/wp-json\/wp\/v2\/product_brand?post=6777"},{"taxonomy":"product_cat","embeddable":true,"href":"https:\/\/helliston.eu\/sv\/wp-json\/wp\/v2\/product_cat?post=6777"},{"taxonomy":"product_tag","embeddable":true,"href":"https:\/\/helliston.eu\/sv\/wp-json\/wp\/v2\/product_tag?post=6777"}],"curies":[{"name":"wp","href":"https:\/\/api.w.org\/{rel}","templated":true}]}}