{"id":6761,"date":"2020-01-05T18:25:42","date_gmt":"2020-01-05T18:25:42","guid":{"rendered":"https:\/\/helliston.eu\/product\/hss-planer-blades-180x8x2mm-for-triton-tpl-180-3-pc\/"},"modified":"2023-03-30T18:34:54","modified_gmt":"2023-03-30T18:34:54","slug":"hyvelstal-till-triton-tpl180-hss-180x8x2mm","status":"publish","type":"product","link":"https:\/\/helliston.eu\/sv\/produkt\/hyvelstal-till-triton-tpl180-hss-180x8x2mm\/","title":{"rendered":"Hyvelst\u00e5l till Triton TPL180, HSS, 180x8x2mm"},"content":{"rendered":"","protected":false},"excerpt":{"rendered":"<p>HSS hyvelst\u00e5l till Triton TPL 180, 180x8x2mm. 3 hyvelst\u00e5l\/f\u00f6rpackning. Tillverkade av motst\u00e5ndskraftigt HSS-snabbst\u00e5l (Rockwellh\u00e5rdhet 63+HRC). Hyvelst\u00e5l \u00e4r omsk\u00e4rpbar. Ytterligare information l\u00e4ngst ned.<\/p>\n<p>***Dessa blad h\u00e5ller mycket l\u00e4ngre \u00e4n originalbladen. Originalbladen \u00e4r tillverkade av 65Mn-st\u00e5l.***<\/p>\n","protected":false},"featured_media":7510,"template":"","meta":[],"product_brand":[],"product_cat":[419,1116,2017],"product_tag":[],"class_list":{"0":"post-6761","1":"product","2":"type-product","3":"status-publish","4":"has-post-thumbnail","6":"product_cat-180mm-for-hyvel-triton-tpl180","7":"product_cat-hyvelstal-till-triton","8":"product_cat-till-hyvel-triton-tpl-180-180mm","10":"first","11":"instock","12":"taxable","13":"shipping-taxable","14":"purchasable","15":"product-type-simple"},"jetpack_sharing_enabled":true,"_links":{"self":[{"href":"https:\/\/helliston.eu\/sv\/wp-json\/wp\/v2\/product\/6761","targetHints":{"allow":["GET"]}}],"collection":[{"href":"https:\/\/helliston.eu\/sv\/wp-json\/wp\/v2\/product"}],"about":[{"href":"https:\/\/helliston.eu\/sv\/wp-json\/wp\/v2\/types\/product"}],"wp:featuredmedia":[{"embeddable":true,"href":"https:\/\/helliston.eu\/sv\/wp-json\/wp\/v2\/media\/7510"}],"wp:attachment":[{"href":"https:\/\/helliston.eu\/sv\/wp-json\/wp\/v2\/media?parent=6761"}],"wp:term":[{"taxonomy":"product_brand","embeddable":true,"href":"https:\/\/helliston.eu\/sv\/wp-json\/wp\/v2\/product_brand?post=6761"},{"taxonomy":"product_cat","embeddable":true,"href":"https:\/\/helliston.eu\/sv\/wp-json\/wp\/v2\/product_cat?post=6761"},{"taxonomy":"product_tag","embeddable":true,"href":"https:\/\/helliston.eu\/sv\/wp-json\/wp\/v2\/product_tag?post=6761"}],"curies":[{"name":"wp","href":"https:\/\/api.w.org\/{rel}","templated":true}]}}