{"id":3391,"date":"2019-03-07T20:52:43","date_gmt":"2019-03-07T20:52:43","guid":{"rendered":"https:\/\/helliston.eu\/product\/sicksack-reservklinga-reservblad-knivblad-45mm-till-roterande-skarare-rullskarare-rullknivar-10-st\/"},"modified":"2020-01-15T08:35:26","modified_gmt":"2020-01-15T08:35:26","slug":"sicksack-reservklinga-reservblad-knivblad-45mm-till-roterande-skarare-rullskarare-rullknivar-10-st","status":"publish","type":"product","link":"https:\/\/helliston.eu\/sv\/produkt\/sicksack-reservklinga-reservblad-knivblad-45mm-till-roterande-skarare-rullskarare-rullknivar-10-st\/","title":{"rendered":"Sicksack-reservklinga 45mm till roterande sk\u00e4rare, rullsk\u00e4rare, rullknivar (till Olfa, Fiskars, Dremel, Dafa, Martelli, TrueCut, Prym etc), 10 st"},"content":{"rendered":"","protected":false},"excerpt":{"rendered":"<p><strong>45 mm sicksack-reservklinga <\/strong>passar till de flesta roterande sk\u00e4rare, rullsk\u00e4rare, rullknivarna p\u00e5 marknaden (till Olfa, Fiskars, Dremel, Dafa, Martelli, TrueCut osv). Detta g\u00e4ller <strong>standardm\u00e5tt<\/strong>. Tillverkade av h\u00e5llfast <strong>japanskt st\u00e5l (SKS-7). 10 st\/paket. <\/strong>Mer information nedan.<\/p>\n","protected":false},"featured_media":2714,"template":"","meta":[],"product_brand":[],"product_cat":[371],"product_tag":[],"class_list":{"0":"post-3391","1":"product","2":"type-product","3":"status-publish","4":"has-post-thumbnail","6":"product_cat-reservklinga-till-rullskarare-28-45-60-mm-olfa-fiskars-dremel-dafa-martelli-truecut-prym-etc","8":"first","9":"instock","10":"taxable","11":"shipping-taxable","12":"purchasable","13":"product-type-simple"},"jetpack_sharing_enabled":true,"_links":{"self":[{"href":"https:\/\/helliston.eu\/sv\/wp-json\/wp\/v2\/product\/3391","targetHints":{"allow":["GET"]}}],"collection":[{"href":"https:\/\/helliston.eu\/sv\/wp-json\/wp\/v2\/product"}],"about":[{"href":"https:\/\/helliston.eu\/sv\/wp-json\/wp\/v2\/types\/product"}],"wp:featuredmedia":[{"embeddable":true,"href":"https:\/\/helliston.eu\/sv\/wp-json\/wp\/v2\/media\/2714"}],"wp:attachment":[{"href":"https:\/\/helliston.eu\/sv\/wp-json\/wp\/v2\/media?parent=3391"}],"wp:term":[{"taxonomy":"product_brand","embeddable":true,"href":"https:\/\/helliston.eu\/sv\/wp-json\/wp\/v2\/product_brand?post=3391"},{"taxonomy":"product_cat","embeddable":true,"href":"https:\/\/helliston.eu\/sv\/wp-json\/wp\/v2\/product_cat?post=3391"},{"taxonomy":"product_tag","embeddable":true,"href":"https:\/\/helliston.eu\/sv\/wp-json\/wp\/v2\/product_tag?post=3391"}],"curies":[{"name":"wp","href":"https:\/\/api.w.org\/{rel}","templated":true}]}}