{"id":3384,"date":"2019-03-07T15:14:35","date_gmt":"2019-03-07T15:14:35","guid":{"rendered":"https:\/\/helliston.eu\/product\/reservblad-reservskar-blad-80-mm-8-cm-till-handy-handy-mk2-triumph-fonsterskrapa-fargskrapa-10-st\/"},"modified":"2020-03-26T21:25:11","modified_gmt":"2020-03-26T21:25:11","slug":"reservblad-reservskar-blad-80-mm-8-cm-till-handy-handy-mk2-triumph-fonsterskrapa-fargskrapa-10-st","status":"publish","type":"product","link":"https:\/\/www.helliston.eu\/sv\/produkt\/reservblad-reservskar-blad-80-mm-8-cm-till-handy-handy-mk2-triumph-fonsterskrapa-fargskrapa-10-st\/","title":{"rendered":"Reservblad 80mm till Handy, Handy MK2, Triumph F\u00f6nsterskrapa, F\u00e4rgskrapa, 10 st"},"content":{"rendered":"","protected":false},"excerpt":{"rendered":"<div class=\"product-short-description\">\n<div class=\"product-short-description\">\n<p><span class=\"tlid-translation translation\" lang=\"sv\"><span class=\"\" title=\"\"><strong>Reservblad 80x22mm<\/strong> f\u00f6r f\u00f6nsterskrapa, glasskrapa, f\u00e4rgskrapa, golvskrapa (till exempel f\u00f6r Handy, Handy MK2, Triumph).<\/span><\/span><\/p>\n<p><span class=\"tlid-translation translation\" lang=\"sv\"><span title=\"\"><strong>M\u00e5tt:<\/strong> 80 x 22 mm<\/span><br \/>\n<span title=\"\"><strong>Material:<\/strong> kolst\u00e5l (kolst\u00e5l)<\/span><br \/>\n<span title=\"\"><strong>Antal:<\/strong> 1 pack.<\/span> <span class=\"\" title=\"\">(10 reservblad)<\/span><\/span><\/p>\n<\/div>\n<\/div>\n","protected":false},"featured_media":4994,"template":"","meta":[],"product_brand":[],"product_cat":[482,369],"product_tag":[],"class_list":{"0":"post-3384","1":"product","2":"type-product","3":"status-publish","4":"has-post-thumbnail","6":"product_cat-80-mm-for-handy-skrapa-mk2-triumph","7":"product_cat-reservskar-till-fargskrapa-till-sandvik-bahco-ergo-625-650-665-50mm-25mm-65mm-paron-rond-droppe-allway-storch-techno-anza","9":"first","10":"instock","11":"taxable","12":"shipping-taxable","13":"purchasable","14":"product-type-simple"},"jetpack_sharing_enabled":true,"_links":{"self":[{"href":"https:\/\/www.helliston.eu\/sv\/wp-json\/wp\/v2\/product\/3384","targetHints":{"allow":["GET"]}}],"collection":[{"href":"https:\/\/www.helliston.eu\/sv\/wp-json\/wp\/v2\/product"}],"about":[{"href":"https:\/\/www.helliston.eu\/sv\/wp-json\/wp\/v2\/types\/product"}],"wp:featuredmedia":[{"embeddable":true,"href":"https:\/\/www.helliston.eu\/sv\/wp-json\/wp\/v2\/media\/4994"}],"wp:attachment":[{"href":"https:\/\/www.helliston.eu\/sv\/wp-json\/wp\/v2\/media?parent=3384"}],"wp:term":[{"taxonomy":"product_brand","embeddable":true,"href":"https:\/\/www.helliston.eu\/sv\/wp-json\/wp\/v2\/product_brand?post=3384"},{"taxonomy":"product_cat","embeddable":true,"href":"https:\/\/www.helliston.eu\/sv\/wp-json\/wp\/v2\/product_cat?post=3384"},{"taxonomy":"product_tag","embeddable":true,"href":"https:\/\/www.helliston.eu\/sv\/wp-json\/wp\/v2\/product_tag?post=3384"}],"curies":[{"name":"wp","href":"https:\/\/api.w.org\/{rel}","templated":true}]}}