{"id":3383,"date":"2019-03-05T21:15:26","date_gmt":"2019-03-05T21:15:26","guid":{"rendered":"https:\/\/helliston.eu\/product\/hardmetallskar-reservskar-reservblad-paron-till-fargskrapa-volframkarbid-till-bacho-ergo-625-sandvik-1-st\/"},"modified":"2020-01-12T21:53:34","modified_gmt":"2020-01-12T21:53:34","slug":"hardmetallskar-reservskar-reservblad-paron-till-fargskrapa-volframkarbid-till-bacho-ergo-625-sandvik-1-st","status":"publish","type":"product","link":"https:\/\/helliston.eu\/sv\/produkt\/hardmetallskar-reservskar-reservblad-paron-till-fargskrapa-volframkarbid-till-bacho-ergo-625-sandvik-1-st\/","title":{"rendered":"H\u00e5rdmetallsk\u00e4r till f\u00e4rgskrapa, P\u00c4RONFORMIG, 1 st (till Bahco, Sandvik etc)"},"content":{"rendered":"","protected":false},"excerpt":{"rendered":"<p>Reservsk\u00e4rer (p\u00e4ron) till f\u00e4rgskrapa passar utm\u00e4rkt till m\u00e5nga f\u00e4rgskrapor (t.ex. Bahco Ergo 625, Sandvik m fl). Tillverkade av <strong>h\u00f6gkvalitativ blankpolerad <\/strong><strong>h\u00e5rdmetall <\/strong>och passar bra till borttagning av <strong>lack, f\u00e4rg, rost <\/strong>o l fr\u00e5n olika material (<strong>tr\u00e4, metall, betong, plast <\/strong>o a). Mer information nedan.<\/p>\n","protected":false},"featured_media":24930,"template":"","meta":[],"product_brand":[],"product_cat":[3377,369],"product_tag":[],"class_list":{"0":"post-3383","1":"product","2":"type-product","3":"status-publish","4":"has-post-thumbnail","6":"product_cat-till-fargskrapa-bahco-ergo-650-665-625","7":"product_cat-reservskar-till-fargskrapa-till-sandvik-bahco-ergo-625-650-665-50mm-25mm-65mm-paron-rond-droppe-allway-storch-techno-anza","9":"first","10":"instock","11":"taxable","12":"shipping-taxable","13":"purchasable","14":"product-type-simple"},"jetpack_sharing_enabled":true,"_links":{"self":[{"href":"https:\/\/helliston.eu\/sv\/wp-json\/wp\/v2\/product\/3383","targetHints":{"allow":["GET"]}}],"collection":[{"href":"https:\/\/helliston.eu\/sv\/wp-json\/wp\/v2\/product"}],"about":[{"href":"https:\/\/helliston.eu\/sv\/wp-json\/wp\/v2\/types\/product"}],"wp:featuredmedia":[{"embeddable":true,"href":"https:\/\/helliston.eu\/sv\/wp-json\/wp\/v2\/media\/24930"}],"wp:attachment":[{"href":"https:\/\/helliston.eu\/sv\/wp-json\/wp\/v2\/media?parent=3383"}],"wp:term":[{"taxonomy":"product_brand","embeddable":true,"href":"https:\/\/helliston.eu\/sv\/wp-json\/wp\/v2\/product_brand?post=3383"},{"taxonomy":"product_cat","embeddable":true,"href":"https:\/\/helliston.eu\/sv\/wp-json\/wp\/v2\/product_cat?post=3383"},{"taxonomy":"product_tag","embeddable":true,"href":"https:\/\/helliston.eu\/sv\/wp-json\/wp\/v2\/product_tag?post=3383"}],"curies":[{"name":"wp","href":"https:\/\/api.w.org\/{rel}","templated":true}]}}