{"id":3374,"date":"2019-03-07T22:40:32","date_gmt":"2019-03-07T22:40:32","guid":{"rendered":"https:\/\/helliston.eu\/product\/hss-hyvelknivar-hyvelstal-310-35-3-mm-snabbstal-volfram-18-2-st\/"},"modified":"2021-02-12T16:28:45","modified_gmt":"2021-02-12T16:28:45","slug":"hss-hyvelknivar-hyvelstal-310-35-3-mm-snabbstal-volfram-18-2-st","status":"publish","type":"product","link":"https:\/\/www.helliston.eu\/sv\/produkt\/hss-hyvelknivar-hyvelstal-310-35-3-mm-snabbstal-volfram-18-2-st\/","title":{"rendered":"HSS Wolfram 18% Hyvelst\u00e5l 310x35x3mm, 2 st"},"content":{"rendered":"","protected":false},"excerpt":{"rendered":"<p><strong>T1 HSS Wolfram 18% hyvelst\u00e5l 310x35x3mm.<\/strong> 2 st\u00e5l\/paket. Tillverkade av det f\u00f6rstklassiga snabbst\u00e5let T1 HSS W18 % (rockwellh\u00e5rdhet 63-65 HRC). J\u00e4mf\u00f6rt med vanliga HSS \u00e4r T1 HSS W18 %-st\u00e5len mer motst\u00e5ndskraftiga \u2013 ett perfekt val vid bearbetning av s\u00e5v\u00e4l h\u00e5rt som mjukt tr\u00e4! St\u00e5len \u00e4r slipbara. Ytterligare information l\u00e4ngst ned<\/p>\n","protected":false},"featured_media":4715,"template":"","meta":[],"product_brand":[],"product_cat":[251,370,237],"product_tag":[],"class_list":{"0":"post-3374","1":"product","2":"type-product","3":"status-publish","4":"has-post-thumbnail","6":"product_cat-310x35x3mm-sv","7":"product_cat-hyvelstal","8":"product_cat-x35x3mm-planer-blades-sv","10":"first","11":"instock","12":"taxable","13":"shipping-taxable","14":"purchasable","15":"product-type-simple"},"jetpack_sharing_enabled":true,"_links":{"self":[{"href":"https:\/\/www.helliston.eu\/sv\/wp-json\/wp\/v2\/product\/3374","targetHints":{"allow":["GET"]}}],"collection":[{"href":"https:\/\/www.helliston.eu\/sv\/wp-json\/wp\/v2\/product"}],"about":[{"href":"https:\/\/www.helliston.eu\/sv\/wp-json\/wp\/v2\/types\/product"}],"wp:featuredmedia":[{"embeddable":true,"href":"https:\/\/www.helliston.eu\/sv\/wp-json\/wp\/v2\/media\/4715"}],"wp:attachment":[{"href":"https:\/\/www.helliston.eu\/sv\/wp-json\/wp\/v2\/media?parent=3374"}],"wp:term":[{"taxonomy":"product_brand","embeddable":true,"href":"https:\/\/www.helliston.eu\/sv\/wp-json\/wp\/v2\/product_brand?post=3374"},{"taxonomy":"product_cat","embeddable":true,"href":"https:\/\/www.helliston.eu\/sv\/wp-json\/wp\/v2\/product_cat?post=3374"},{"taxonomy":"product_tag","embeddable":true,"href":"https:\/\/www.helliston.eu\/sv\/wp-json\/wp\/v2\/product_tag?post=3374"}],"curies":[{"name":"wp","href":"https:\/\/api.w.org\/{rel}","templated":true}]}}