{"id":25670,"date":"2024-07-08T16:52:43","date_gmt":"2024-07-08T17:26:32","guid":{"rendered":"https:\/\/helliston.eu\/?post_type=product&#038;p=25670"},"modified":"2024-07-08T17:26:47","modified_gmt":"2024-07-08T17:26:47","slug":"10-hardmetallskar-till-lackfras-metabo-lf-724-s-lf-714-s-lf-850-s","status":"publish","type":"product","link":"https:\/\/helliston.eu\/sv\/produkt\/10-hardmetallskar-till-lackfras-metabo-lf-724-s-lf-714-s-lf-850-s\/","title":{"rendered":"10 h\u00e5rdmetallsk\u00e4r till lackfr\u00e4s Metabo LF 724 S, LF 714 S, LF 850 S"},"content":{"rendered":"","protected":false},"excerpt":{"rendered":"<p>V\u00e4ndbara h\u00e5rdmetallsk\u00e4r 14x14x2,0 mm f\u00f6r lackfr\u00e4s Metabo LF724S, LF714S, LF850S. 10 st\/f\u00f6rpackning. Tillverkade av mycket fint tungstenskarbid med en Rockwell-h\u00e5rdhet p\u00e5 93,6 HRA. Dessa reservsk\u00e4r f\u00f6r lackfr\u00e4s Metabo LF-724-S\/LF-714-S, LF-850-S \u00e4r extremt h\u00e5llbara och h\u00f6gpresterande. De fyra sk\u00e4reggarna, sk\u00e4rpta till Ra0.2, s\u00e4kerst\u00e4ller optimal sk\u00e4rpa och en perfekt finish vid varje anv\u00e4ndning.<\/p>\n","protected":false},"featured_media":25549,"template":"","meta":[],"product_brand":[],"product_cat":[369],"product_tag":[],"class_list":{"0":"post-25670","1":"product","2":"type-product","3":"status-publish","4":"has-post-thumbnail","6":"product_cat-reservskar-till-fargskrapa-till-sandvik-bahco-ergo-625-650-665-50mm-25mm-65mm-paron-rond-droppe-allway-storch-techno-anza","8":"first","9":"instock","10":"taxable","11":"shipping-taxable","12":"purchasable","13":"product-type-simple"},"jetpack_sharing_enabled":true,"_links":{"self":[{"href":"https:\/\/helliston.eu\/sv\/wp-json\/wp\/v2\/product\/25670","targetHints":{"allow":["GET"]}}],"collection":[{"href":"https:\/\/helliston.eu\/sv\/wp-json\/wp\/v2\/product"}],"about":[{"href":"https:\/\/helliston.eu\/sv\/wp-json\/wp\/v2\/types\/product"}],"wp:featuredmedia":[{"embeddable":true,"href":"https:\/\/helliston.eu\/sv\/wp-json\/wp\/v2\/media\/25549"}],"wp:attachment":[{"href":"https:\/\/helliston.eu\/sv\/wp-json\/wp\/v2\/media?parent=25670"}],"wp:term":[{"taxonomy":"product_brand","embeddable":true,"href":"https:\/\/helliston.eu\/sv\/wp-json\/wp\/v2\/product_brand?post=25670"},{"taxonomy":"product_cat","embeddable":true,"href":"https:\/\/helliston.eu\/sv\/wp-json\/wp\/v2\/product_cat?post=25670"},{"taxonomy":"product_tag","embeddable":true,"href":"https:\/\/helliston.eu\/sv\/wp-json\/wp\/v2\/product_tag?post=25670"}],"curies":[{"name":"wp","href":"https:\/\/api.w.org\/{rel}","templated":true}]}}