{"id":24989,"date":"2024-05-03T14:35:02","date_gmt":"2024-05-04T11:17:26","guid":{"rendered":"https:\/\/helliston.eu\/product\/reservskar-blad-for-fargskrapa-anza-hardmetall-volframkarbid\/"},"modified":"2024-05-04T14:35:09","modified_gmt":"2024-05-04T14:35:09","slug":"reservskar-blad-for-fargskrapa-anza-hardmetall-volframkarbid","status":"publish","type":"product","link":"https:\/\/helliston.eu\/sv\/produkt\/reservskar-blad-for-fargskrapa-anza-hardmetall-volframkarbid\/","title":{"rendered":"H\u00e5rdmetallsk\u00e4r till f\u00e4rgskrapa Anza, volframkarbid"},"content":{"rendered":"","protected":false},"excerpt":{"rendered":"<p>Reservblad i volframkarbid f\u00f6r f\u00e4rgskrapa Anza. Tillverkade av h\u00f6gkvalitativ mikrokornig volframkarbid. Ers\u00e4ttningsk\u00e4r \u00e4r extremt vassa och idealiska f\u00f6r att avl\u00e4gsna bottenf\u00e4rg, f\u00e4rg, rost och lack. Det h\u00e5rda metallet s\u00e4kerst\u00e4ller en h\u00f6g h\u00e5llbarhet, \u00e4ven vid kr\u00e4vande projekt. I v\u00e5rt sortiment hittar du: 50 mm, 25 mm (triangel), p\u00e4ronformade, droppformade och runda blad. 50 mm-reservsk\u00e4r \u00e4r v\u00e4ndbara och kan anv\u00e4ndas p\u00e5 b\u00e5da sidor<\/p>\n<p><strong>Observera att 50 mm reservsk\u00e4r:<\/strong><\/p>\n<ul>\n<li><strong>s\u00e4ljs i par, d.v.s. en f\u00f6rpackning inneh\u00e5ller 2 h\u00e5rdmetallsk\u00e4r!<\/strong><\/li>\n<li><strong>\u00e4r f\u00f6r Anza skrapa med hammarhuvud och tv\u00e5handsskrapa!<\/strong><\/li>\n<\/ul>\n","protected":false},"featured_media":24860,"template":"","meta":[],"product_brand":[],"product_cat":[3665,369],"product_tag":[],"class_list":{"0":"post-24989","1":"product","2":"type-product","3":"status-publish","4":"has-post-thumbnail","6":"product_cat-reservskar-for-fargskrapa-skrapor-anza","7":"product_cat-reservskar-till-fargskrapa-till-sandvik-bahco-ergo-625-650-665-50mm-25mm-65mm-paron-rond-droppe-allway-storch-techno-anza","9":"first","10":"instock","11":"taxable","12":"shipping-taxable","13":"purchasable","14":"product-type-variable"},"jetpack_sharing_enabled":true,"_links":{"self":[{"href":"https:\/\/helliston.eu\/sv\/wp-json\/wp\/v2\/product\/24989","targetHints":{"allow":["GET"]}}],"collection":[{"href":"https:\/\/helliston.eu\/sv\/wp-json\/wp\/v2\/product"}],"about":[{"href":"https:\/\/helliston.eu\/sv\/wp-json\/wp\/v2\/types\/product"}],"wp:featuredmedia":[{"embeddable":true,"href":"https:\/\/helliston.eu\/sv\/wp-json\/wp\/v2\/media\/24860"}],"wp:attachment":[{"href":"https:\/\/helliston.eu\/sv\/wp-json\/wp\/v2\/media?parent=24989"}],"wp:term":[{"taxonomy":"product_brand","embeddable":true,"href":"https:\/\/helliston.eu\/sv\/wp-json\/wp\/v2\/product_brand?post=24989"},{"taxonomy":"product_cat","embeddable":true,"href":"https:\/\/helliston.eu\/sv\/wp-json\/wp\/v2\/product_cat?post=24989"},{"taxonomy":"product_tag","embeddable":true,"href":"https:\/\/helliston.eu\/sv\/wp-json\/wp\/v2\/product_tag?post=24989"}],"curies":[{"name":"wp","href":"https:\/\/api.w.org\/{rel}","templated":true}]}}