{"id":24985,"date":"2024-05-03T19:44:28","date_gmt":"2024-05-04T11:14:11","guid":{"rendered":"https:\/\/helliston.eu\/product\/reservskar-till-fargskrapa-habo-25mm-50mm-65mm-hardmetall-volframkarbid\/"},"modified":"2024-05-04T14:10:35","modified_gmt":"2024-05-04T14:10:35","slug":"reservskar-till-fargskrapa-habo-25mm-50mm-65mm-hardmetall-volframkarbid","status":"publish","type":"product","link":"https:\/\/helliston.eu\/sv\/produkt\/reservskar-till-fargskrapa-habo-25mm-50mm-65mm-hardmetall-volframkarbid\/","title":{"rendered":"H\u00e5rdmetallsk\u00e4r till f\u00e4rgskrapa Habo, 25mm, 50mm, 65mm, volframkarbid"},"content":{"rendered":"","protected":false},"excerpt":{"rendered":"<p>Reservblad i volframkarbid f\u00f6r Habo 25-mm, 50-mm, 65-mm. Tillverkade av h\u00f6gkvalitativ mikrokornig volframkarbid. Ers\u00e4ttningsk\u00e4r \u00e4r extremt vassa och idealiska f\u00f6r att avl\u00e4gsna bottenf\u00e4rg, f\u00e4rg, rost och lack. Det h\u00e5rda metallet s\u00e4kerst\u00e4ller en h\u00f6g h\u00e5llbarhet, \u00e4ven vid kr\u00e4vande projekt.<\/p>\n","protected":false},"featured_media":24963,"template":"","meta":[],"product_brand":[],"product_cat":[3668,369],"product_tag":[],"class_list":{"0":"post-24985","1":"product","2":"type-product","3":"status-publish","4":"has-post-thumbnail","6":"product_cat-reservskar-for-fargskrapa-skrapor-habo","7":"product_cat-reservskar-till-fargskrapa-till-sandvik-bahco-ergo-625-650-665-50mm-25mm-65mm-paron-rond-droppe-allway-storch-techno-anza","9":"first","10":"instock","11":"taxable","12":"shipping-taxable","13":"purchasable","14":"product-type-variable"},"jetpack_sharing_enabled":true,"_links":{"self":[{"href":"https:\/\/helliston.eu\/sv\/wp-json\/wp\/v2\/product\/24985","targetHints":{"allow":["GET"]}}],"collection":[{"href":"https:\/\/helliston.eu\/sv\/wp-json\/wp\/v2\/product"}],"about":[{"href":"https:\/\/helliston.eu\/sv\/wp-json\/wp\/v2\/types\/product"}],"wp:featuredmedia":[{"embeddable":true,"href":"https:\/\/helliston.eu\/sv\/wp-json\/wp\/v2\/media\/24963"}],"wp:attachment":[{"href":"https:\/\/helliston.eu\/sv\/wp-json\/wp\/v2\/media?parent=24985"}],"wp:term":[{"taxonomy":"product_brand","embeddable":true,"href":"https:\/\/helliston.eu\/sv\/wp-json\/wp\/v2\/product_brand?post=24985"},{"taxonomy":"product_cat","embeddable":true,"href":"https:\/\/helliston.eu\/sv\/wp-json\/wp\/v2\/product_cat?post=24985"},{"taxonomy":"product_tag","embeddable":true,"href":"https:\/\/helliston.eu\/sv\/wp-json\/wp\/v2\/product_tag?post=24985"}],"curies":[{"name":"wp","href":"https:\/\/api.w.org\/{rel}","templated":true}]}}