{"id":24147,"date":"2024-02-25T13:42:11","date_gmt":"2024-05-04T19:26:58","guid":{"rendered":"https:\/\/helliston.eu\/?post_type=product&#038;p=24147"},"modified":"2024-05-04T19:26:58","modified_gmt":"2024-05-04T19:26:58","slug":"t1-w18-hyvelstal-for-holzmann-k5-260l-hss-tungsten-wolfram-volfram-18-250x30x3-mm","status":"publish","type":"product","link":"https:\/\/helliston.eu\/sv\/produkt\/t1-w18-hyvelstal-for-holzmann-k5-260l-hss-tungsten-wolfram-volfram-18-250x30x3-mm\/","title":{"rendered":"T1 W18% Hyvelst\u00e5l till Holzmann K5 260L, HSS Volfram 18%, 250x30x3 mm"},"content":{"rendered":"<p>Helliston HSS W18% hyvelst\u00e5l till Holzmann K5 260L. V\u00e5ra hyvelst\u00e5l har en exceptionellt skarp egg (0,2RA) och robust h\u00e5llbarhet. En 18% volframhalt och en metallh\u00e5rdhet p\u00e5 66 HRC enligt Rockwell s\u00e4kerst\u00e4ller en l\u00e5ng livsl\u00e4ngd och utm\u00e4rkt sk\u00e4rprestanda, \u00e4ven i kr\u00e4vande projekt.<\/p>\n<ol>\n<li><strong>M\u00e4ngd och dimensioner:<\/strong>\n<ul>\n<li>1 upps\u00e4ttning med 3 hyvelst\u00e5l 250 x 30 x 3 mm f\u00f6r Holzmann K5 260L<\/li>\n<\/ul>\n<\/li>\n<li><strong>Vassa och h\u00e5llbara hyvelst\u00e5l:<\/strong>\n<ul>\n<li>V\u00e5ra hyvelst\u00e5l har en exceptionellt vass egg, slipad till en ytfinish p\u00e5 0,2Ra.<\/li>\n<li>HSS Volfram 18% s\u00e4kerst\u00e4ller l\u00e5ng livsl\u00e4ngd och \u00f6verl\u00e4gsen sk\u00e4rprestanda.<\/li>\n<li>V\u00e5ra hyvelst\u00e5l till Holzmann K5 260L \u00e4r h\u00e4rdade till en Rockwell-h\u00e5rdhet p\u00e5 66HRC, vilket ytterligare f\u00f6rb\u00e4ttrar deras h\u00e5llbarhet..<\/li>\n<\/ul>\n<\/li>\n<li><strong>Olika tr\u00e4slag:<\/strong>\n<ul>\n<li>V\u00e5ra utbyteshyvelblad f\u00f6r Holzmann K5 260L \u00e4r idealiska f\u00f6r bearbetning av b\u00e5de mjukt och h\u00e5rt tr\u00e4, fr\u00e5n ek till tall.<\/li>\n<\/ul>\n<\/li>\n<li><strong>Kundsupport:<\/strong>\n<ul>\n<li>Tveka inte att kontakta oss via e-post om du har n\u00e5gra fr\u00e5gor; vi \u00e4r redo att hj\u00e4lpa dig.<\/li>\n<\/ul>\n<\/li>\n<\/ol>\n","protected":false},"excerpt":{"rendered":"<p>T1 HSS W18% hyvelst\u00e5l f\u00f6r Holzmann K5 260L, 250 x 30 x 3 mm. 3 hyvelst\u00e5l\/ f\u00f6rpackning. Tillverkad av slitstarkt HSS-snabbst\u00e5l med 18% volframhalt (Rockwell-h\u00e5rdhet: 66HRC). Hyvelst\u00e5l \u00e4r slipade till 0,2RA och kan slipas om. Se nedan f\u00f6r mer information.<\/p>\n","protected":false},"featured_media":24555,"template":"","meta":[],"product_brand":[],"product_cat":[4030,1085,819],"product_tag":[],"class_list":{"0":"post-24147","1":"product","2":"type-product","3":"status-publish","4":"has-post-thumbnail","6":"product_cat-k5-260l-sv","7":"product_cat-hyvelstal-till-holzmann","8":"product_cat-hyvelstal-hyvelknivar-efter-marken","10":"first","11":"outofstock","12":"taxable","13":"shipping-taxable","14":"purchasable","15":"product-type-simple"},"jetpack_sharing_enabled":true,"_links":{"self":[{"href":"https:\/\/helliston.eu\/sv\/wp-json\/wp\/v2\/product\/24147","targetHints":{"allow":["GET"]}}],"collection":[{"href":"https:\/\/helliston.eu\/sv\/wp-json\/wp\/v2\/product"}],"about":[{"href":"https:\/\/helliston.eu\/sv\/wp-json\/wp\/v2\/types\/product"}],"wp:featuredmedia":[{"embeddable":true,"href":"https:\/\/helliston.eu\/sv\/wp-json\/wp\/v2\/media\/24555"}],"wp:attachment":[{"href":"https:\/\/helliston.eu\/sv\/wp-json\/wp\/v2\/media?parent=24147"}],"wp:term":[{"taxonomy":"product_brand","embeddable":true,"href":"https:\/\/helliston.eu\/sv\/wp-json\/wp\/v2\/product_brand?post=24147"},{"taxonomy":"product_cat","embeddable":true,"href":"https:\/\/helliston.eu\/sv\/wp-json\/wp\/v2\/product_cat?post=24147"},{"taxonomy":"product_tag","embeddable":true,"href":"https:\/\/helliston.eu\/sv\/wp-json\/wp\/v2\/product_tag?post=24147"}],"curies":[{"name":"wp","href":"https:\/\/api.w.org\/{rel}","templated":true}]}}