{"id":24079,"date":"2024-02-25T12:16:22","date_gmt":"2024-02-25T12:16:22","guid":{"rendered":"https:\/\/helliston.eu\/?post_type=product&#038;p=24079"},"modified":"2024-05-04T19:27:04","modified_gmt":"2024-05-04T19:27:04","slug":"t1-w18-hyvelstal-for-lurem-combi-hss-tungsten-wolfram-volfram-18-260x20x25-mm","status":"publish","type":"product","link":"https:\/\/helliston.eu\/sv\/produkt\/t1-w18-hyvelstal-for-lurem-combi-hss-tungsten-wolfram-volfram-18-260x20x25-mm\/","title":{"rendered":"T1 W18% Hyvelst\u00e5l till Lurem Combi, HSS Volfram 18%, 260x20x2,5 mm"},"content":{"rendered":"<p>Helliston HSS W18% hyvelst\u00e5l till rikt- och planhyvel Lurem Combi. V\u00e5ra hyvelst\u00e5l har en exceptionellt skarp egg (0,2RA) och robust h\u00e5llbarhet. En 18% volframhalt och en metallh\u00e5rdhet p\u00e5 66 HRC enligt Rockwell s\u00e4kerst\u00e4ller en l\u00e5ng livsl\u00e4ngd och utm\u00e4rkt sk\u00e4rprestanda, \u00e4ven i kr\u00e4vande projekt.<\/p>\n<ol>\n<li><strong>M\u00e4ngd och dimensioner:<\/strong>\n<ul>\n<li>1 upps\u00e4ttning av 2 hyvelst\u00e5l 260 x 20 x 2,5 mm till rikt- och planhyvel Lurem Combi<\/li>\n<\/ul>\n<\/li>\n<li><strong>Vassa och h\u00e5llbara hyvelst\u00e5l:<\/strong>\n<ul>\n<li>V\u00e5ra hyvelst\u00e5l har en exceptionellt vass egg, slipad till en ytfinish p\u00e5 0,2Ra.<\/li>\n<li>HSS Volfram 18% s\u00e4kerst\u00e4ller l\u00e5ng livsl\u00e4ngd och \u00f6verl\u00e4gsen sk\u00e4rprestanda.<\/li>\n<li>V\u00e5ra hyvelst\u00e5l till rikthyvel och planhyvel Lurem Combi \u00e4r h\u00e4rdade till en Rockwell-h\u00e5rdhet p\u00e5 66HRC, vilket ytterligare f\u00f6rb\u00e4ttrar deras h\u00e5llbarhet..<\/li>\n<\/ul>\n<\/li>\n<li><strong>Olika tr\u00e4slag:<\/strong>\n<ul>\n<li>V\u00e5ra hyvelst\u00e5l f\u00f6r rikt- och planhyvel Lurem Combi \u00e4r idealiska f\u00f6r bearbetning av b\u00e5de mjukt och h\u00e5rt tr\u00e4, fr\u00e5n ek till tall.<\/li>\n<\/ul>\n<\/li>\n<li><strong>Kundsupport:<\/strong>\n<ul>\n<li>Tveka inte att kontakta oss via e-post om du har n\u00e5gra fr\u00e5gor; vi \u00e4r redo att hj\u00e4lpa dig.<\/li>\n<\/ul>\n<\/li>\n<\/ol>\n","protected":false},"excerpt":{"rendered":"<p>T1 HSS W18% hyvelst\u00e5l till rikt- och planhyvel Lurem Combi, 260 x 20 x 2,5 mm. 2 hyvelst\u00e5l per f\u00f6rpackning. Tillverkad av slitstarkt HSS-snabbst\u00e5l med 18% volframhalt (Rockwell-h\u00e5rdhet: 66HRC). Hyvelst\u00e5l \u00e4r slipade till 0,2RA och kan slipas om. Se nedan f\u00f6r mer information.<\/p>\n","protected":false},"featured_media":24597,"template":"","meta":[],"product_brand":[],"product_cat":[4026,819],"product_tag":[],"class_list":{"0":"post-24079","1":"product","2":"type-product","3":"status-publish","4":"has-post-thumbnail","6":"product_cat-kombi-sv","7":"product_cat-hyvelstal-hyvelknivar-efter-marken","9":"first","10":"outofstock","11":"taxable","12":"shipping-taxable","13":"purchasable","14":"product-type-simple"},"jetpack_sharing_enabled":true,"_links":{"self":[{"href":"https:\/\/helliston.eu\/sv\/wp-json\/wp\/v2\/product\/24079","targetHints":{"allow":["GET"]}}],"collection":[{"href":"https:\/\/helliston.eu\/sv\/wp-json\/wp\/v2\/product"}],"about":[{"href":"https:\/\/helliston.eu\/sv\/wp-json\/wp\/v2\/types\/product"}],"wp:featuredmedia":[{"embeddable":true,"href":"https:\/\/helliston.eu\/sv\/wp-json\/wp\/v2\/media\/24597"}],"wp:attachment":[{"href":"https:\/\/helliston.eu\/sv\/wp-json\/wp\/v2\/media?parent=24079"}],"wp:term":[{"taxonomy":"product_brand","embeddable":true,"href":"https:\/\/helliston.eu\/sv\/wp-json\/wp\/v2\/product_brand?post=24079"},{"taxonomy":"product_cat","embeddable":true,"href":"https:\/\/helliston.eu\/sv\/wp-json\/wp\/v2\/product_cat?post=24079"},{"taxonomy":"product_tag","embeddable":true,"href":"https:\/\/helliston.eu\/sv\/wp-json\/wp\/v2\/product_tag?post=24079"}],"curies":[{"name":"wp","href":"https:\/\/api.w.org\/{rel}","templated":true}]}}