{"id":21272,"date":"2023-04-04T14:20:40","date_gmt":"2023-04-06T17:25:37","guid":{"rendered":"https:\/\/helliston.eu\/product\/reservskar-for-bahco-ergo-625-650-665-fargskrapa\/"},"modified":"2023-04-06T19:41:25","modified_gmt":"2023-04-06T19:41:25","slug":"reservskar-hardmetall-volframkarbid-till-bahco-ergo-625-650-665-fargskrapa-skrapor","status":"publish","type":"product","link":"https:\/\/helliston.eu\/sv\/produkt\/reservskar-hardmetall-volframkarbid-till-bahco-ergo-625-650-665-fargskrapa-skrapor\/","title":{"rendered":"Reservsk\u00e4r f\u00f6r Bahco Ergo 625, 650, 665 f\u00e4rgskrapa"},"content":{"rendered":"","protected":false},"excerpt":{"rendered":"<p>H\u00e5rdmetallsk\u00e4r f\u00f6r f\u00e4rgskrapor Bahco Ergo 625, 650, 665, Sandvik: triangel 25mm, 50mm, 65mm, droppformad (DROP), runda (ROUND) och p\u00e4ronformad (PEAR). Tillverkade av h\u00f6gkvalitativ mikrokornig volframkarbid. H\u00e5rdmetallsk\u00e4r h\u00e5ller sig vassa 50 g\u00e5nger l\u00e4ngre \u00e4n konventionella st\u00e5lsk\u00e4r f\u00f6r f\u00e4rgskrapa. Perfekt f\u00f6r antifouling, borttagning av f\u00e4rg och lack fr\u00e5n olika material som tr\u00e4, betong och metall.<\/p>\n<p>***V\u00e5rt eget varum\u00e4rke. Bladen \u00e4r inte ett billigt alternativ till originalbladen. De har utvecklats enligt v\u00e5ra behov i v\u00e5r restaureringsverkstad f\u00f6r gamla tr\u00e4f\u00f6nster och tr\u00e4d\u00f6rrar. Vi kan garantera att knivarna \u00e4r vassa och h\u00e5ller l\u00e4nge.***<\/p>\n","protected":false},"featured_media":24938,"template":"","meta":[],"product_brand":[],"product_cat":[3377,369],"product_tag":[],"class_list":{"0":"post-21272","1":"product","2":"type-product","3":"status-publish","4":"has-post-thumbnail","6":"product_cat-till-fargskrapa-bahco-ergo-650-665-625","7":"product_cat-reservskar-till-fargskrapa-till-sandvik-bahco-ergo-625-650-665-50mm-25mm-65mm-paron-rond-droppe-allway-storch-techno-anza","9":"first","10":"instock","11":"taxable","12":"shipping-taxable","13":"purchasable","14":"product-type-variable"},"jetpack_sharing_enabled":true,"_links":{"self":[{"href":"https:\/\/helliston.eu\/sv\/wp-json\/wp\/v2\/product\/21272","targetHints":{"allow":["GET"]}}],"collection":[{"href":"https:\/\/helliston.eu\/sv\/wp-json\/wp\/v2\/product"}],"about":[{"href":"https:\/\/helliston.eu\/sv\/wp-json\/wp\/v2\/types\/product"}],"wp:featuredmedia":[{"embeddable":true,"href":"https:\/\/helliston.eu\/sv\/wp-json\/wp\/v2\/media\/24938"}],"wp:attachment":[{"href":"https:\/\/helliston.eu\/sv\/wp-json\/wp\/v2\/media?parent=21272"}],"wp:term":[{"taxonomy":"product_brand","embeddable":true,"href":"https:\/\/helliston.eu\/sv\/wp-json\/wp\/v2\/product_brand?post=21272"},{"taxonomy":"product_cat","embeddable":true,"href":"https:\/\/helliston.eu\/sv\/wp-json\/wp\/v2\/product_cat?post=21272"},{"taxonomy":"product_tag","embeddable":true,"href":"https:\/\/helliston.eu\/sv\/wp-json\/wp\/v2\/product_tag?post=21272"}],"curies":[{"name":"wp","href":"https:\/\/api.w.org\/{rel}","templated":true}]}}