{"id":20623,"date":"2023-04-02T18:43:41","date_gmt":"2023-04-02T18:43:42","guid":{"rendered":"https:\/\/helliston.eu\/?post_type=product&#038;p=20623"},"modified":"2023-04-03T19:24:16","modified_gmt":"2023-04-03T19:24:16","slug":"hm-hw-tct-hss-hyvelknivar-hyvelstal-till-t-i-p-eh616-82-x-29-x-3mm","status":"publish","type":"product","link":"https:\/\/helliston.eu\/sv\/produkt\/hm-hw-tct-hss-hyvelknivar-hyvelstal-till-t-i-p-eh616-82-x-29-x-3mm\/","title":{"rendered":"Hyvelst\u00e5l till T.I.P EH616, 82 x 29 x 3mm"},"content":{"rendered":"","protected":false},"excerpt":{"rendered":"<p>Hyvelst\u00e5l till T.I.P EH616, 82 x 29 x 1,1mm. OMSLIPBAR. 1 upps\u00e4ttning = 2 hyvelknivar.<\/p>\n<ul>\n<li>HSS = f\u00f6r mjukt tr\u00e4, sl\u00e4tare ytfinish och vassare \u00e4n TCT-st\u00e5l<\/li>\n<li>TCT = f\u00f6r mjukt och h\u00e5rt tr\u00e4 och h\u00e5ller upp till 5 g\u00e5nger l\u00e4ngre \u00e4n konventionella HSS-hyvelknivar<\/li>\n<\/ul>\n<p>Ytterligare information l\u00e4ngst ned.<\/p>\n","protected":false},"featured_media":20838,"template":"","meta":[],"product_brand":[],"product_cat":[3605,819],"product_tag":[],"class_list":{"0":"post-20623","1":"product","2":"type-product","3":"status-publish","4":"has-post-thumbnail","6":"product_cat-t-i-p-sv","7":"product_cat-hyvelstal-hyvelknivar-efter-marken","9":"first","10":"instock","11":"taxable","12":"shipping-taxable","13":"purchasable","14":"product-type-variable"},"jetpack_sharing_enabled":true,"_links":{"self":[{"href":"https:\/\/helliston.eu\/sv\/wp-json\/wp\/v2\/product\/20623","targetHints":{"allow":["GET"]}}],"collection":[{"href":"https:\/\/helliston.eu\/sv\/wp-json\/wp\/v2\/product"}],"about":[{"href":"https:\/\/helliston.eu\/sv\/wp-json\/wp\/v2\/types\/product"}],"wp:featuredmedia":[{"embeddable":true,"href":"https:\/\/helliston.eu\/sv\/wp-json\/wp\/v2\/media\/20838"}],"wp:attachment":[{"href":"https:\/\/helliston.eu\/sv\/wp-json\/wp\/v2\/media?parent=20623"}],"wp:term":[{"taxonomy":"product_brand","embeddable":true,"href":"https:\/\/helliston.eu\/sv\/wp-json\/wp\/v2\/product_brand?post=20623"},{"taxonomy":"product_cat","embeddable":true,"href":"https:\/\/helliston.eu\/sv\/wp-json\/wp\/v2\/product_cat?post=20623"},{"taxonomy":"product_tag","embeddable":true,"href":"https:\/\/helliston.eu\/sv\/wp-json\/wp\/v2\/product_tag?post=20623"}],"curies":[{"name":"wp","href":"https:\/\/api.w.org\/{rel}","templated":true}]}}