{"id":20455,"date":"2023-04-02T17:48:04","date_gmt":"2023-04-02T18:08:46","guid":{"rendered":"https:\/\/helliston.eu\/product\/aterhardbara-hyvelblad-82-x-29-x-3mm-for-makita-bosch-ryobi-skil-dewalt-etc\/"},"modified":"2023-04-02T18:30:27","modified_gmt":"2023-04-02T18:30:27","slug":"hm-hw-tct-hss-hyvelknivar-omslipbara-hyvelknivar-82-x-29-x-3mm-for-makita-bosch-ryobi-skil-dewalt-etc","status":"publish","type":"product","link":"https:\/\/helliston.eu\/sv\/produkt\/hm-hw-tct-hss-hyvelknivar-omslipbara-hyvelknivar-82-x-29-x-3mm-for-makita-bosch-ryobi-skil-dewalt-etc\/","title":{"rendered":"Omslipbara hyvelknivar 82 x 29 x 3mm f\u00f6r Makita, Bosch, Ryobi, Skil, Dewalt etc."},"content":{"rendered":"","protected":false},"excerpt":{"rendered":"<p>Hyvelst\u00e5l till olika hyvlar som Makita, Bosch, Ryobi, Skil, Dewalt etc. 82 x 29 x 1,1 mm. OMSLIPBAR. 1 upps\u00e4ttning = 2 hyvelknivar.<\/p>\n<ul>\n<li>HSS = f\u00f6r mjukt tr\u00e4, sl\u00e4tare ytfinish och vassare \u00e4n TCT-st\u00e5l<\/li>\n<li>TCT = f\u00f6r mjukt och h\u00e5rt tr\u00e4 och h\u00e5ller upp till 5 g\u00e5nger l\u00e4ngre \u00e4n konventionella HSS-hyvelknivar<\/li>\n<\/ul>\n<p>Ytterligare information l\u00e4ngst ned.<\/p>\n","protected":false},"featured_media":20286,"template":"","meta":[],"product_brand":[],"product_cat":[206,370],"product_tag":[],"class_list":{"0":"post-20455","1":"product","2":"type-product","3":"status-publish","4":"has-post-thumbnail","6":"product_cat-82mm-makita-1100-1100n-n1900b-1902-n1923b-1923h-aeg-bosch-hitachi-makita-mafell-metabo-skil-sv","7":"product_cat-hyvelstal","9":"first","10":"instock","11":"taxable","12":"shipping-taxable","13":"purchasable","14":"product-type-variable"},"jetpack_sharing_enabled":true,"_links":{"self":[{"href":"https:\/\/helliston.eu\/sv\/wp-json\/wp\/v2\/product\/20455","targetHints":{"allow":["GET"]}}],"collection":[{"href":"https:\/\/helliston.eu\/sv\/wp-json\/wp\/v2\/product"}],"about":[{"href":"https:\/\/helliston.eu\/sv\/wp-json\/wp\/v2\/types\/product"}],"wp:featuredmedia":[{"embeddable":true,"href":"https:\/\/helliston.eu\/sv\/wp-json\/wp\/v2\/media\/20286"}],"wp:attachment":[{"href":"https:\/\/helliston.eu\/sv\/wp-json\/wp\/v2\/media?parent=20455"}],"wp:term":[{"taxonomy":"product_brand","embeddable":true,"href":"https:\/\/helliston.eu\/sv\/wp-json\/wp\/v2\/product_brand?post=20455"},{"taxonomy":"product_cat","embeddable":true,"href":"https:\/\/helliston.eu\/sv\/wp-json\/wp\/v2\/product_cat?post=20455"},{"taxonomy":"product_tag","embeddable":true,"href":"https:\/\/helliston.eu\/sv\/wp-json\/wp\/v2\/product_tag?post=20455"}],"curies":[{"name":"wp","href":"https:\/\/api.w.org\/{rel}","templated":true}]}}