{"id":18502,"date":"2023-04-02T09:31:55","date_gmt":"2023-04-02T09:31:58","guid":{"rendered":"https:\/\/helliston.eu\/?post_type=product&#038;p=18502"},"modified":"2023-04-02T10:45:46","modified_gmt":"2023-04-02T10:45:46","slug":"hyvelstal-755mm-till-blackdecker-kress-jet-star-aeg-atlas-copco-bosch-festo-holzher-haffner-mafell-skill-scheer-metabo","status":"publish","type":"product","link":"https:\/\/helliston.eu\/sv\/produkt\/hyvelstal-755mm-till-blackdecker-kress-jet-star-aeg-atlas-copco-bosch-festo-holzher-haffner-mafell-skill-scheer-metabo\/","title":{"rendered":"Hyvelst\u00e5l 75,5mm till BlackDecker, Kress Jet Star, AEG Atlas Copco, Bosch, Festo, HolzHer, Haffner, Mafell, Skill, Scheer, Metabo"},"content":{"rendered":"","protected":false},"excerpt":{"rendered":"<p>Hyvelst\u00e5l 75,5 x 5,5 x 1,1 mm till:<\/p>\n<ul>\n<li>AEG Atlas Copco: HTH75<\/li>\n<li>Black&amp;Decker: DN750, BD750, BD75, KW750, SR600, SR600K<\/li>\n<li>Bosch: 0590, 1590, 1591, P400<\/li>\n<li>Festo: REP 75<\/li>\n<li>Haffner: FH 222<\/li>\n<li>Holzher: 2121, 2320, 2223, 2330, 2286<\/li>\n<li>Kress Jet Star: 6701, HG6702<\/li>\n<li>Mafell: HU 75<\/li>\n<li>Metabo: 6375<\/li>\n<li>Scheer: MH75\/3, MH80<\/li>\n<li>Skil 98H<\/li>\n<\/ul>\n<p>5 set = 10 hyvelst\u00e5l.<\/p>\n<ul>\n<li>HSS = f\u00f6r mjukt tr\u00e4, sl\u00e4tare ytfinish och vassare \u00e4n TCT-st\u00e5l<\/li>\n<li>TCT = f\u00f6r mjukt och h\u00e5rt tr\u00e4 och h\u00e5ller upp till 5 g\u00e5nger l\u00e4ngre \u00e4n konventionella HSS-hyvelknivar<\/li>\n<\/ul>\n<p>Ytterligare information l\u00e4ngst ned.<\/p>\n","protected":false},"featured_media":19020,"template":"","meta":[],"product_brand":[],"product_cat":[200,819],"product_tag":[],"class_list":{"0":"post-18502","1":"product","2":"type-product","3":"status-publish","4":"has-post-thumbnail","6":"product_cat-56mm-755mm-805mm-bosch-gho-12v-20-adler-bh-556-hoffmann-bh-556-wegoma-ap98-aeg-450-dewalt-dw676k-elu-mff40-mf8f80-mff81-sv","7":"product_cat-hyvelstal-hyvelknivar-efter-marken","9":"first","10":"instock","11":"taxable","12":"shipping-taxable","13":"purchasable","14":"product-type-variable"},"jetpack_sharing_enabled":true,"_links":{"self":[{"href":"https:\/\/helliston.eu\/sv\/wp-json\/wp\/v2\/product\/18502","targetHints":{"allow":["GET"]}}],"collection":[{"href":"https:\/\/helliston.eu\/sv\/wp-json\/wp\/v2\/product"}],"about":[{"href":"https:\/\/helliston.eu\/sv\/wp-json\/wp\/v2\/types\/product"}],"wp:featuredmedia":[{"embeddable":true,"href":"https:\/\/helliston.eu\/sv\/wp-json\/wp\/v2\/media\/19020"}],"wp:attachment":[{"href":"https:\/\/helliston.eu\/sv\/wp-json\/wp\/v2\/media?parent=18502"}],"wp:term":[{"taxonomy":"product_brand","embeddable":true,"href":"https:\/\/helliston.eu\/sv\/wp-json\/wp\/v2\/product_brand?post=18502"},{"taxonomy":"product_cat","embeddable":true,"href":"https:\/\/helliston.eu\/sv\/wp-json\/wp\/v2\/product_cat?post=18502"},{"taxonomy":"product_tag","embeddable":true,"href":"https:\/\/helliston.eu\/sv\/wp-json\/wp\/v2\/product_tag?post=18502"}],"curies":[{"name":"wp","href":"https:\/\/api.w.org\/{rel}","templated":true}]}}