{"id":18274,"date":"2023-04-02T07:17:58","date_gmt":"2023-04-02T07:18:01","guid":{"rendered":"https:\/\/helliston.eu\/?post_type=product&#038;p=18274"},"modified":"2023-04-02T08:23:09","modified_gmt":"2023-04-02T08:23:09","slug":"hyvelstal-till-bosch-0590-1590-1591-p400-755mm","status":"publish","type":"product","link":"https:\/\/helliston.eu\/sv\/produkt\/hyvelstal-till-bosch-0590-1590-1591-p400-755mm\/","title":{"rendered":"Hyvelst\u00e5l till Bosch 0590, 1590, 1591, P400, 75,5mm"},"content":{"rendered":"","protected":false},"excerpt":{"rendered":"<p>Hyvelst\u00e5l till Bosch 0590, 1590, 1591, P400, 75,5 x 5,5 x 1,1mm. 5 set = 10 hyvelst\u00e5l.<\/p>\n<ul>\n<li>HSS = f\u00f6r mjukt tr\u00e4, sl\u00e4tare ytfinish och vassare \u00e4n TCT-st\u00e5l<\/li>\n<li>TCT = f\u00f6r mjukt och h\u00e5rt tr\u00e4 och h\u00e5ller upp till 5 g\u00e5nger l\u00e4ngre \u00e4n konventionella HSS-hyvelknivar<\/li>\n<\/ul>\n<p>Ytterligare information l\u00e4ngst ned.<\/p>\n","protected":false},"featured_media":18793,"template":"","meta":[],"product_brand":[],"product_cat":[3504,3505,3506,819],"product_tag":[],"class_list":{"0":"post-18274","1":"product","2":"type-product","3":"status-publish","4":"has-post-thumbnail","6":"product_cat-0590-sv","7":"product_cat-1590-1591-sv","8":"product_cat-p400-sv","9":"product_cat-hyvelstal-hyvelknivar-efter-marken","11":"first","12":"instock","13":"taxable","14":"shipping-taxable","15":"purchasable","16":"product-type-variable"},"jetpack_sharing_enabled":true,"_links":{"self":[{"href":"https:\/\/helliston.eu\/sv\/wp-json\/wp\/v2\/product\/18274","targetHints":{"allow":["GET"]}}],"collection":[{"href":"https:\/\/helliston.eu\/sv\/wp-json\/wp\/v2\/product"}],"about":[{"href":"https:\/\/helliston.eu\/sv\/wp-json\/wp\/v2\/types\/product"}],"wp:featuredmedia":[{"embeddable":true,"href":"https:\/\/helliston.eu\/sv\/wp-json\/wp\/v2\/media\/18793"}],"wp:attachment":[{"href":"https:\/\/helliston.eu\/sv\/wp-json\/wp\/v2\/media?parent=18274"}],"wp:term":[{"taxonomy":"product_brand","embeddable":true,"href":"https:\/\/helliston.eu\/sv\/wp-json\/wp\/v2\/product_brand?post=18274"},{"taxonomy":"product_cat","embeddable":true,"href":"https:\/\/helliston.eu\/sv\/wp-json\/wp\/v2\/product_cat?post=18274"},{"taxonomy":"product_tag","embeddable":true,"href":"https:\/\/helliston.eu\/sv\/wp-json\/wp\/v2\/product_tag?post=18274"}],"curies":[{"name":"wp","href":"https:\/\/api.w.org\/{rel}","templated":true}]}}