{"id":17966,"date":"2023-04-02T06:26:41","date_gmt":"2023-04-02T06:26:43","guid":{"rendered":"https:\/\/helliston.eu\/?post_type=product&#038;p=17966"},"modified":"2023-04-02T08:21:57","modified_gmt":"2023-04-02T08:21:57","slug":"hyvelstal-till-aeg-atlas-copco-450-805mm","status":"publish","type":"product","link":"https:\/\/helliston.eu\/sv\/produkt\/hyvelstal-till-aeg-atlas-copco-450-805mm\/","title":{"rendered":"Hyvelst\u00e5l till AEG ATLAS COPCO 450, 80,5mm"},"content":{"rendered":"","protected":false},"excerpt":{"rendered":"<p>Hyvelst\u00e5l till AEG ATLAS COPCO 450, 80,5 x 5,5 x 1,1 mm. 5 set = 10 hyvelst\u00e5l.<\/p>\n<ul>\n<li>HSS = f\u00f6r mjukt tr\u00e4, sl\u00e4tare ytfinish och vassare \u00e4n TCT-st\u00e5l<\/li>\n<li>TCT = f\u00f6r mjukt och h\u00e5rt tr\u00e4 och h\u00e5ller upp till 5 g\u00e5nger l\u00e4ngre \u00e4n konventionella HSS-hyvelknivar<\/li>\n<\/ul>\n<p>Ytterligare information l\u00e4ngst ned.<\/p>\n","protected":false},"featured_media":18554,"template":"","meta":[],"product_brand":[],"product_cat":[1050,1053,819],"product_tag":[],"class_list":{"0":"post-17966","1":"product","2":"type-product","3":"status-publish","4":"has-post-thumbnail","6":"product_cat-hyvelstal-till-aeg","7":"product_cat-hyvelstal-till-atlas-copco","8":"product_cat-hyvelstal-hyvelknivar-efter-marken","10":"first","11":"instock","12":"taxable","13":"shipping-taxable","14":"purchasable","15":"product-type-variable"},"jetpack_sharing_enabled":true,"_links":{"self":[{"href":"https:\/\/helliston.eu\/sv\/wp-json\/wp\/v2\/product\/17966","targetHints":{"allow":["GET"]}}],"collection":[{"href":"https:\/\/helliston.eu\/sv\/wp-json\/wp\/v2\/product"}],"about":[{"href":"https:\/\/helliston.eu\/sv\/wp-json\/wp\/v2\/types\/product"}],"wp:featuredmedia":[{"embeddable":true,"href":"https:\/\/helliston.eu\/sv\/wp-json\/wp\/v2\/media\/18554"}],"wp:attachment":[{"href":"https:\/\/helliston.eu\/sv\/wp-json\/wp\/v2\/media?parent=17966"}],"wp:term":[{"taxonomy":"product_brand","embeddable":true,"href":"https:\/\/helliston.eu\/sv\/wp-json\/wp\/v2\/product_brand?post=17966"},{"taxonomy":"product_cat","embeddable":true,"href":"https:\/\/helliston.eu\/sv\/wp-json\/wp\/v2\/product_cat?post=17966"},{"taxonomy":"product_tag","embeddable":true,"href":"https:\/\/helliston.eu\/sv\/wp-json\/wp\/v2\/product_tag?post=17966"}],"curies":[{"name":"wp","href":"https:\/\/api.w.org\/{rel}","templated":true}]}}