{"id":17097,"date":"2023-03-31T21:54:18","date_gmt":"2023-03-31T21:54:23","guid":{"rendered":"https:\/\/helliston.eu\/?post_type=product&#038;p=17097"},"modified":"2023-04-02T09:50:07","modified_gmt":"2023-04-02T09:50:07","slug":"planer-blades-for-aeg-atlas-copco-eh102-hb750-hbe800-b39-102mm","status":"publish","type":"product","link":"https:\/\/www.helliston.eu\/sv\/produkt\/planer-blades-for-aeg-atlas-copco-eh102-hb750-hbe800-b39-102mm\/","title":{"rendered":"Hyvelst\u00e5l till AEG, Atlas-Copco EH102, HB750, HBE800, B39, 102mm"},"content":{"rendered":"","protected":false},"excerpt":{"rendered":"<p>Hyvelst\u00e5l till AEG, Atlas-Copco EH102, HB750, HBE800, B39, 102 x 5,5 x 1,1 mm.<\/p>\n<ul>\n<li>HSS = f\u00f6r mjukt tr\u00e4, sl\u00e4tare ytfinish och vassare \u00e4n TCT-st\u00e5l<\/li>\n<li>TCT = f\u00f6r mjukt och h\u00e5rt tr\u00e4 och h\u00e5ller upp till 5 g\u00e5nger l\u00e4ngre \u00e4n konventionella HSS-hyvelknivar<\/li>\n<\/ul>\n<p>Ytterligare information l\u00e4ngst ned.<\/p>\n","protected":false},"featured_media":17333,"template":"","meta":[],"product_brand":[],"product_cat":[211,1050,1053,819],"product_tag":[],"class_list":{"0":"post-17097","1":"product","2":"type-product","3":"status-publish","4":"has-post-thumbnail","6":"product_cat-102mm-for-hyvel-aeg-atlas-copco-eh102-hb750-hbe800-b39","7":"product_cat-hyvelstal-till-aeg","8":"product_cat-hyvelstal-till-atlas-copco","9":"product_cat-hyvelstal-hyvelknivar-efter-marken","11":"first","12":"instock","13":"sale","14":"taxable","15":"shipping-taxable","16":"purchasable","17":"product-type-variable"},"jetpack_sharing_enabled":true,"_links":{"self":[{"href":"https:\/\/www.helliston.eu\/sv\/wp-json\/wp\/v2\/product\/17097","targetHints":{"allow":["GET"]}}],"collection":[{"href":"https:\/\/www.helliston.eu\/sv\/wp-json\/wp\/v2\/product"}],"about":[{"href":"https:\/\/www.helliston.eu\/sv\/wp-json\/wp\/v2\/types\/product"}],"wp:featuredmedia":[{"embeddable":true,"href":"https:\/\/www.helliston.eu\/sv\/wp-json\/wp\/v2\/media\/17333"}],"wp:attachment":[{"href":"https:\/\/www.helliston.eu\/sv\/wp-json\/wp\/v2\/media?parent=17097"}],"wp:term":[{"taxonomy":"product_brand","embeddable":true,"href":"https:\/\/www.helliston.eu\/sv\/wp-json\/wp\/v2\/product_brand?post=17097"},{"taxonomy":"product_cat","embeddable":true,"href":"https:\/\/www.helliston.eu\/sv\/wp-json\/wp\/v2\/product_cat?post=17097"},{"taxonomy":"product_tag","embeddable":true,"href":"https:\/\/www.helliston.eu\/sv\/wp-json\/wp\/v2\/product_tag?post=17097"}],"curies":[{"name":"wp","href":"https:\/\/api.w.org\/{rel}","templated":true}]}}