{"id":16303,"date":"2023-03-31T12:45:09","date_gmt":"2023-03-31T12:45:11","guid":{"rendered":"https:\/\/helliston.eu\/?post_type=product&#038;p=16303"},"modified":"2023-03-31T13:46:19","modified_gmt":"2023-03-31T13:46:19","slug":"hyvelstal-till-makita-dkp180z-dkp181zj-82mm","status":"publish","type":"product","link":"https:\/\/helliston.eu\/sv\/produkt\/hyvelstal-till-makita-dkp180z-dkp181zj-82mm\/","title":{"rendered":"Hyvelst\u00e5l till Makita DKP180Z, DKP181ZJ, 82mm"},"content":{"rendered":"","protected":false},"excerpt":{"rendered":"<p>Hyvelst\u00e5l till Makita DKP180Z, DKP181ZJ, 82 x 5,5 x 1,1mm. 5 set = 10 hyvelst\u00e5l.<\/p>\n<ul>\n<li>HSS = f\u00f6r mjukt tr\u00e4, sl\u00e4tare ytfinish och vassare \u00e4n TCT-st\u00e5l<\/li>\n<li>TCT = f\u00f6r mjukt och h\u00e5rt tr\u00e4 och h\u00e5ller upp till 5 g\u00e5nger l\u00e4ngre \u00e4n konventionella HSS-hyvelst\u00e5l<\/li>\n<\/ul>\n<p>Ytterligare information l\u00e4ngst ned.<\/p>\n<p>***F\u00f6rpackningarna \u00e4r gjorda av h\u00e5rd kartong och \u00e4r utan plast.***<\/p>\n","protected":false},"featured_media":10041,"template":"","meta":[],"product_brand":[],"product_cat":[2342,1950,1951,819,1094],"product_tag":[],"class_list":{"0":"post-16303","1":"product","2":"type-product","3":"status-publish","4":"has-post-thumbnail","6":"product_cat-till-hyvel-dkp","7":"product_cat-till-hyvel-makita-dkp180z","8":"product_cat-till-hyvel-makita-dkp181zj","9":"product_cat-hyvelstal-hyvelknivar-efter-marken","10":"product_cat-hyvelstal-till-makita","12":"first","13":"instock","14":"taxable","15":"shipping-taxable","16":"product-type-variable"},"jetpack_sharing_enabled":true,"_links":{"self":[{"href":"https:\/\/helliston.eu\/sv\/wp-json\/wp\/v2\/product\/16303","targetHints":{"allow":["GET"]}}],"collection":[{"href":"https:\/\/helliston.eu\/sv\/wp-json\/wp\/v2\/product"}],"about":[{"href":"https:\/\/helliston.eu\/sv\/wp-json\/wp\/v2\/types\/product"}],"wp:featuredmedia":[{"embeddable":true,"href":"https:\/\/helliston.eu\/sv\/wp-json\/wp\/v2\/media\/10041"}],"wp:attachment":[{"href":"https:\/\/helliston.eu\/sv\/wp-json\/wp\/v2\/media?parent=16303"}],"wp:term":[{"taxonomy":"product_brand","embeddable":true,"href":"https:\/\/helliston.eu\/sv\/wp-json\/wp\/v2\/product_brand?post=16303"},{"taxonomy":"product_cat","embeddable":true,"href":"https:\/\/helliston.eu\/sv\/wp-json\/wp\/v2\/product_cat?post=16303"},{"taxonomy":"product_tag","embeddable":true,"href":"https:\/\/helliston.eu\/sv\/wp-json\/wp\/v2\/product_tag?post=16303"}],"curies":[{"name":"wp","href":"https:\/\/api.w.org\/{rel}","templated":true}]}}