{"id":15421,"date":"2023-03-31T06:00:51","date_gmt":"2023-03-31T06:00:53","guid":{"rendered":"https:\/\/helliston.eu\/?post_type=product&#038;p=15421"},"modified":"2023-03-31T09:43:16","modified_gmt":"2023-03-31T09:43:16","slug":"hyvelstal-till-parkside-pha-12-b2-56x55x11mm","status":"publish","type":"product","link":"https:\/\/helliston.eu\/sv\/produkt\/hyvelstal-till-parkside-pha-12-b2-56x55x11mm\/","title":{"rendered":"Hyvelst\u00e5l till Parkside PHA 12 B2, 56&#215;5,5&#215;1,1mm"},"content":{"rendered":"","protected":false},"excerpt":{"rendered":"<p>Hyvelst\u00e5l till Parkside PHA 12 B2, 56 x 5,5 x 1,1 mm. 5 set = 10 hyvelst\u00e5l.<\/p>\n<ul>\n<li>HSS = f\u00f6r mjukt tr\u00e4, sl\u00e4tare ytfinish och vassare \u00e4n TCT-st\u00e5l<\/li>\n<li>TCT = f\u00f6r mjukt och h\u00e5rt tr\u00e4 och h\u00e5ller upp till 5 g\u00e5nger l\u00e4ngre \u00e4n konventionella HSS-hyvelst\u00e5l<\/li>\n<\/ul>\n<p>Ytterligare information l\u00e4ngst ned.<\/p>\n<p>***F\u00f6rpackningarna \u00e4r gjorda av h\u00e5rd kartong och \u00e4r utan plast.***<\/p>\n","protected":false},"featured_media":15498,"template":"","meta":[],"product_brand":[],"product_cat":[819,3085,3118],"product_tag":[],"class_list":{"0":"post-15421","1":"product","2":"type-product","3":"status-publish","4":"has-post-thumbnail","6":"product_cat-hyvelstal-hyvelknivar-efter-marken","7":"product_cat-hyvelstal-till-parkside","8":"product_cat-till-hyvel-pha-12-b2","10":"first","11":"instock","12":"taxable","13":"shipping-taxable","14":"purchasable","15":"product-type-variable"},"jetpack_sharing_enabled":true,"_links":{"self":[{"href":"https:\/\/helliston.eu\/sv\/wp-json\/wp\/v2\/product\/15421","targetHints":{"allow":["GET"]}}],"collection":[{"href":"https:\/\/helliston.eu\/sv\/wp-json\/wp\/v2\/product"}],"about":[{"href":"https:\/\/helliston.eu\/sv\/wp-json\/wp\/v2\/types\/product"}],"wp:featuredmedia":[{"embeddable":true,"href":"https:\/\/helliston.eu\/sv\/wp-json\/wp\/v2\/media\/15498"}],"wp:attachment":[{"href":"https:\/\/helliston.eu\/sv\/wp-json\/wp\/v2\/media?parent=15421"}],"wp:term":[{"taxonomy":"product_brand","embeddable":true,"href":"https:\/\/helliston.eu\/sv\/wp-json\/wp\/v2\/product_brand?post=15421"},{"taxonomy":"product_cat","embeddable":true,"href":"https:\/\/helliston.eu\/sv\/wp-json\/wp\/v2\/product_cat?post=15421"},{"taxonomy":"product_tag","embeddable":true,"href":"https:\/\/helliston.eu\/sv\/wp-json\/wp\/v2\/product_tag?post=15421"}],"curies":[{"name":"wp","href":"https:\/\/api.w.org\/{rel}","templated":true}]}}