{"id":15349,"date":"2023-03-30T14:53:04","date_gmt":"2023-03-30T17:00:37","guid":{"rendered":"https:\/\/helliston.eu\/product\/hyvelstal-till-makita-2012-2012nb-hm-tct-306x8x2mm\/"},"modified":"2024-05-02T11:35:58","modified_gmt":"2024-05-02T11:35:58","slug":"hyvelstal-till-makita-2012-2012nb-hm-volframkarbid-tct-306x8x2mm","status":"publish","type":"product","link":"https:\/\/helliston.eu\/sv\/produkt\/hyvelstal-till-makita-2012-2012nb-hm-volframkarbid-tct-306x8x2mm\/","title":{"rendered":"VOLFRAMKARBID hyvelst\u00e5l till Makita 2012, 2012NB, HM, 306x8x2mm"},"content":{"rendered":"","protected":false},"excerpt":{"rendered":"<p>HM hyvelst\u00e5l till planhyveln Makita 2012 &amp; 2012NB, 306 x 8 x 2 mm. 2 st\u00e5l\/paket. Tillverkade av motst\u00e5ndskraftigt h\u00e5rdmetall\/volframkarbid. De h\u00e5rdmetall hyvelst\u00e5l h\u00e5ller mycket l\u00e4ngre \u00e4n konventionella HSS-hyvelst\u00e5l. Hyvelst\u00e5l \u00e4r omsk\u00e4rpbar. Ytterligare information l\u00e4ngst ned.<\/p>\n","protected":false},"featured_media":15341,"template":"","meta":[],"product_brand":[],"product_cat":[1947,1094],"product_tag":[],"class_list":{"0":"post-15349","1":"product","2":"type-product","3":"status-publish","4":"has-post-thumbnail","6":"product_cat-till-rikt-planhyvel-makita-2012-nb-306mm","7":"product_cat-hyvelstal-till-makita","9":"first","10":"instock","11":"taxable","12":"shipping-taxable","13":"purchasable","14":"product-type-simple"},"jetpack_sharing_enabled":true,"_links":{"self":[{"href":"https:\/\/helliston.eu\/sv\/wp-json\/wp\/v2\/product\/15349","targetHints":{"allow":["GET"]}}],"collection":[{"href":"https:\/\/helliston.eu\/sv\/wp-json\/wp\/v2\/product"}],"about":[{"href":"https:\/\/helliston.eu\/sv\/wp-json\/wp\/v2\/types\/product"}],"wp:featuredmedia":[{"embeddable":true,"href":"https:\/\/helliston.eu\/sv\/wp-json\/wp\/v2\/media\/15341"}],"wp:attachment":[{"href":"https:\/\/helliston.eu\/sv\/wp-json\/wp\/v2\/media?parent=15349"}],"wp:term":[{"taxonomy":"product_brand","embeddable":true,"href":"https:\/\/helliston.eu\/sv\/wp-json\/wp\/v2\/product_brand?post=15349"},{"taxonomy":"product_cat","embeddable":true,"href":"https:\/\/helliston.eu\/sv\/wp-json\/wp\/v2\/product_cat?post=15349"},{"taxonomy":"product_tag","embeddable":true,"href":"https:\/\/helliston.eu\/sv\/wp-json\/wp\/v2\/product_tag?post=15349"}],"curies":[{"name":"wp","href":"https:\/\/api.w.org\/{rel}","templated":true}]}}