{"id":15263,"date":"2023-03-30T14:44:04","date_gmt":"2023-03-30T16:23:00","guid":{"rendered":"https:\/\/helliston.eu\/product\/hyvelstal-till-makita-1911b-1911bj-1002ba-hm-tct-110x29x3mm\/"},"modified":"2023-03-30T17:47:53","modified_gmt":"2023-03-30T17:47:53","slug":"hyvelstal-till-makita-1911b-1911bj-1002ba-hm-tct-110x29x3mm","status":"publish","type":"product","link":"https:\/\/helliston.eu\/sv\/produkt\/hyvelstal-till-makita-1911b-1911bj-1002ba-hm-tct-110x29x3mm\/","title":{"rendered":"Hyvelst\u00e5l till Makita 1911B, 1911BJ 1002BA, HM\/TCT, 110x29x3mm"},"content":{"rendered":"","protected":false},"excerpt":{"rendered":"<p>HM\/TCT hyvelst\u00e5l till Makita 1991B &amp; 1002BA, 110 x 29 x 3 mm. 2 st\u00e5l\/paket. Tillverkade av motst\u00e5ndskraftigt h\u00e5rdmetall\/volframkarbid (TCT). H\u00e5rdmetallst\u00e5l h\u00e5ller 5 g\u00e5nger l\u00e4ngre \u00e4n konventionella HSS-hyvelst\u00e5l. Hyvelst\u00e5l \u00e4r omsk\u00e4rpbar. Ytterligare information l\u00e4ngst ned.<\/p>\n","protected":false},"featured_media":15241,"template":"","meta":[],"product_brand":[],"product_cat":[1943,1946,1094],"product_tag":[],"class_list":{"0":"post-15263","1":"product","2":"type-product","3":"status-publish","4":"has-post-thumbnail","6":"product_cat-till-hyvel-makita-1002-ba-110mm","7":"product_cat-till-hyvel-makita-1911-b-110mm","8":"product_cat-hyvelstal-till-makita","10":"first","11":"instock","12":"taxable","13":"shipping-taxable","14":"purchasable","15":"product-type-variable"},"jetpack_sharing_enabled":true,"_links":{"self":[{"href":"https:\/\/helliston.eu\/sv\/wp-json\/wp\/v2\/product\/15263","targetHints":{"allow":["GET"]}}],"collection":[{"href":"https:\/\/helliston.eu\/sv\/wp-json\/wp\/v2\/product"}],"about":[{"href":"https:\/\/helliston.eu\/sv\/wp-json\/wp\/v2\/types\/product"}],"wp:featuredmedia":[{"embeddable":true,"href":"https:\/\/helliston.eu\/sv\/wp-json\/wp\/v2\/media\/15241"}],"wp:attachment":[{"href":"https:\/\/helliston.eu\/sv\/wp-json\/wp\/v2\/media?parent=15263"}],"wp:term":[{"taxonomy":"product_brand","embeddable":true,"href":"https:\/\/helliston.eu\/sv\/wp-json\/wp\/v2\/product_brand?post=15263"},{"taxonomy":"product_cat","embeddable":true,"href":"https:\/\/helliston.eu\/sv\/wp-json\/wp\/v2\/product_cat?post=15263"},{"taxonomy":"product_tag","embeddable":true,"href":"https:\/\/helliston.eu\/sv\/wp-json\/wp\/v2\/product_tag?post=15263"}],"curies":[{"name":"wp","href":"https:\/\/api.w.org\/{rel}","templated":true}]}}