{"id":15014,"date":"2023-03-30T14:24:24","date_gmt":"2023-03-30T15:36:48","guid":{"rendered":"https:\/\/helliston.eu\/product\/hyvelstal-till-makita-2012-2012nb-hss-306x8x2mm\/"},"modified":"2024-05-02T10:53:03","modified_gmt":"2024-05-02T10:53:03","slug":"hyvelstal-till-makita-2012-2012nb-hss-306x8x2mm","status":"publish","type":"product","link":"https:\/\/helliston.eu\/sv\/produkt\/hyvelstal-till-makita-2012-2012nb-hss-306x8x2mm\/","title":{"rendered":"Hyvelst\u00e5l till Makita 2012, 2012NB, HSS, 306x8x2mm"},"content":{"rendered":"","protected":false},"excerpt":{"rendered":"<p>HSS hyvelst\u00e5l till planhyveln Makita 2012 &amp; 2012NB, 306 x 8 x 2 mm. 2 st\u00e5l\/paket. Tillverkade av motst\u00e5ndskraftigt HSS-snabbst\u00e5l (Rockwellh\u00e5rdhet 63+HRC). Hyvelst\u00e5l \u00e4r omsk\u00e4rpbar. Ytterligare information l\u00e4ngst ned.<\/p>\n<p>*** Ny! F\u00f6rpackningen \u00e4r tillverkad av h\u00e5rd kartong och inneh\u00e5ller ingen plast.***<\/p>\n","protected":false},"featured_media":24809,"template":"","meta":[],"product_brand":[],"product_cat":[1947,1094],"product_tag":[],"class_list":{"0":"post-15014","1":"product","2":"type-product","3":"status-publish","4":"has-post-thumbnail","6":"product_cat-till-rikt-planhyvel-makita-2012-nb-306mm","7":"product_cat-hyvelstal-till-makita","9":"first","10":"instock","11":"sale","12":"taxable","13":"shipping-taxable","14":"purchasable","15":"product-type-simple"},"jetpack_sharing_enabled":true,"_links":{"self":[{"href":"https:\/\/helliston.eu\/sv\/wp-json\/wp\/v2\/product\/15014","targetHints":{"allow":["GET"]}}],"collection":[{"href":"https:\/\/helliston.eu\/sv\/wp-json\/wp\/v2\/product"}],"about":[{"href":"https:\/\/helliston.eu\/sv\/wp-json\/wp\/v2\/types\/product"}],"wp:featuredmedia":[{"embeddable":true,"href":"https:\/\/helliston.eu\/sv\/wp-json\/wp\/v2\/media\/24809"}],"wp:attachment":[{"href":"https:\/\/helliston.eu\/sv\/wp-json\/wp\/v2\/media?parent=15014"}],"wp:term":[{"taxonomy":"product_brand","embeddable":true,"href":"https:\/\/helliston.eu\/sv\/wp-json\/wp\/v2\/product_brand?post=15014"},{"taxonomy":"product_cat","embeddable":true,"href":"https:\/\/helliston.eu\/sv\/wp-json\/wp\/v2\/product_cat?post=15014"},{"taxonomy":"product_tag","embeddable":true,"href":"https:\/\/helliston.eu\/sv\/wp-json\/wp\/v2\/product_tag?post=15014"}],"curies":[{"name":"wp","href":"https:\/\/api.w.org\/{rel}","templated":true}]}}