{"id":14939,"date":"2023-03-30T12:05:30","date_gmt":"2023-03-30T12:05:31","guid":{"rendered":"https:\/\/helliston.eu\/?post_type=product&#038;p=14939"},"modified":"2023-03-30T12:36:18","modified_gmt":"2023-03-30T12:36:18","slug":"hyvelstal-till-fartools-rb1800-rb1280-hss-159x165x3mm","status":"publish","type":"product","link":"https:\/\/helliston.eu\/sv\/produkt\/hyvelstal-till-fartools-rb1800-rb1280-hss-159x165x3mm\/","title":{"rendered":"Hyvelst\u00e5l till Fartools RB1800, RB1280, HSS, 159&#215;16,5x3mm"},"content":{"rendered":"","protected":false},"excerpt":{"rendered":"<div class=\"product-short-description\">\n<p>HSS hyvelst\u00e5l till rikthyveln\/ planhyveln Fartools RB1800, RB1280, 159 x 16,5 x 3 mm. 2 st\u00e5l\/paket. Tillverkade av motst\u00e5ndskraftigt HSS-snabbst\u00e5l (Rockwellh\u00e5rdhet 63+HRC). Hyvelst\u00e5l \u00e4r omsk\u00e4rpbar. Ytterligare information l\u00e4ngst ned.<\/p>\n<\/div>\n","protected":false},"featured_media":25189,"template":"","meta":[],"product_brand":[],"product_cat":[3425,3424,2472,819,3086,3120],"product_tag":[4355],"class_list":{"0":"post-14939","1":"product","2":"type-product","3":"status-publish","4":"has-post-thumbnail","6":"product_cat-rb1280-sv","7":"product_cat-rb1800-sv","8":"product_cat-hyvelstal-till-fartools","9":"product_cat-hyvelstal-hyvelknivar-efter-marken","10":"product_cat-hyvelstal-till-sip","11":"product_cat-till-hyvel-01497","12":"product_tag-159-16-sv","14":"first","15":"instock","16":"taxable","17":"shipping-taxable","18":"purchasable","19":"product-type-simple"},"jetpack_sharing_enabled":true,"_links":{"self":[{"href":"https:\/\/helliston.eu\/sv\/wp-json\/wp\/v2\/product\/14939","targetHints":{"allow":["GET"]}}],"collection":[{"href":"https:\/\/helliston.eu\/sv\/wp-json\/wp\/v2\/product"}],"about":[{"href":"https:\/\/helliston.eu\/sv\/wp-json\/wp\/v2\/types\/product"}],"wp:featuredmedia":[{"embeddable":true,"href":"https:\/\/helliston.eu\/sv\/wp-json\/wp\/v2\/media\/25189"}],"wp:attachment":[{"href":"https:\/\/helliston.eu\/sv\/wp-json\/wp\/v2\/media?parent=14939"}],"wp:term":[{"taxonomy":"product_brand","embeddable":true,"href":"https:\/\/helliston.eu\/sv\/wp-json\/wp\/v2\/product_brand?post=14939"},{"taxonomy":"product_cat","embeddable":true,"href":"https:\/\/helliston.eu\/sv\/wp-json\/wp\/v2\/product_cat?post=14939"},{"taxonomy":"product_tag","embeddable":true,"href":"https:\/\/helliston.eu\/sv\/wp-json\/wp\/v2\/product_tag?post=14939"}],"curies":[{"name":"wp","href":"https:\/\/api.w.org\/{rel}","templated":true}]}}