{"id":14876,"date":"2023-03-29T17:35:26","date_gmt":"2023-03-29T17:35:28","guid":{"rendered":"https:\/\/helliston.eu\/?post_type=product&#038;p=14876"},"modified":"2023-03-29T18:20:06","modified_gmt":"2023-03-29T18:20:06","slug":"hyvelstal-till-mophorn-1500w-hss-318x182x32mm","status":"publish","type":"product","link":"https:\/\/helliston.eu\/sv\/produkt\/hyvelstal-till-mophorn-1500w-hss-318x182x32mm\/","title":{"rendered":"Hyvelst\u00e5l till Mophorn 1500W, HSS, 318&#215;18,2&#215;3,2mm"},"content":{"rendered":"","protected":false},"excerpt":{"rendered":"<p>HSS hyvelst\u00e5l till planhyveln Mophorn 1500W, 318 x 18,2 x 3,2 mm, V\u00c4NDSK\u00c4R. 2 st\u00e5l\/paket. Tillverkade av motst\u00e5ndskraftigt HSS-snabbst\u00e5l (Rockwellh\u00e5rdhet 63+HRC). Hyvelst\u00e5l \u00e4r omsk\u00e4rpbar. Ytterligare information l\u00e4ngst ned.<\/p>\n","protected":false},"featured_media":17889,"template":"","meta":[],"product_brand":[],"product_cat":[517,370,819,3084],"product_tag":[],"class_list":{"0":"post-14876","1":"product","2":"type-product","3":"status-publish","4":"has-post-thumbnail","6":"product_cat-318-mm-for-dewalt-dw733-dw7332-qs-ryobi-rap-1500g-etc-sv","7":"product_cat-hyvelstal","8":"product_cat-hyvelstal-hyvelknivar-efter-marken","9":"product_cat-hyvelstal-till-mophorn","11":"first","12":"instock","13":"taxable","14":"shipping-taxable","15":"purchasable","16":"product-type-simple"},"jetpack_sharing_enabled":true,"_links":{"self":[{"href":"https:\/\/helliston.eu\/sv\/wp-json\/wp\/v2\/product\/14876","targetHints":{"allow":["GET"]}}],"collection":[{"href":"https:\/\/helliston.eu\/sv\/wp-json\/wp\/v2\/product"}],"about":[{"href":"https:\/\/helliston.eu\/sv\/wp-json\/wp\/v2\/types\/product"}],"wp:featuredmedia":[{"embeddable":true,"href":"https:\/\/helliston.eu\/sv\/wp-json\/wp\/v2\/media\/17889"}],"wp:attachment":[{"href":"https:\/\/helliston.eu\/sv\/wp-json\/wp\/v2\/media?parent=14876"}],"wp:term":[{"taxonomy":"product_brand","embeddable":true,"href":"https:\/\/helliston.eu\/sv\/wp-json\/wp\/v2\/product_brand?post=14876"},{"taxonomy":"product_cat","embeddable":true,"href":"https:\/\/helliston.eu\/sv\/wp-json\/wp\/v2\/product_cat?post=14876"},{"taxonomy":"product_tag","embeddable":true,"href":"https:\/\/helliston.eu\/sv\/wp-json\/wp\/v2\/product_tag?post=14876"}],"curies":[{"name":"wp","href":"https:\/\/api.w.org\/{rel}","templated":true}]}}