{"id":13077,"date":"2022-08-23T06:03:43","date_gmt":"2022-08-23T06:03:43","guid":{"rendered":"https:\/\/helliston.eu\/?post_type=product&#038;p=13077"},"modified":"2023-03-22T15:02:31","modified_gmt":"2023-03-22T15:02:31","slug":"hyvelstal-till-metabo-dh330-dh316-hss-333x12x15mm","status":"publish","type":"product","link":"https:\/\/helliston.eu\/sv\/produkt\/hyvelstal-till-metabo-dh330-dh316-hss-333x12x15mm\/","title":{"rendered":"Hyvelst\u00e5l till Metabo DH330, DH316, HSS, 333x12x1,5mm"},"content":{"rendered":"","protected":false},"excerpt":{"rendered":"<p>HSS hyvelst\u00e5l till planhyveln Metabo DH330, DH316, 333 x 12 x 1,5 mm. 2 st\u00e5l\/paket. Tillverkade av motst\u00e5ndskraftigt HSS-snabbst\u00e5l (Rockwellh\u00e5rdhet 63+HRC). Hyvelst\u00e5l \u00e4r omsk\u00e4rpbar. Ytterligare information l\u00e4ngst ned.<\/p>\n","protected":false},"featured_media":13098,"template":"","meta":[],"product_brand":[],"product_cat":[441,370,1966,1964],"product_tag":[],"class_list":{"0":"post-13077","1":"product","2":"type-product","3":"status-publish","4":"has-post-thumbnail","6":"product_cat-330mm-332mm-for-hyvel-metabo-dh330-dh316","7":"product_cat-hyvelstal","8":"product_cat-till-rikt-planhyvel-metabo-dh-316-332-mm","9":"product_cat-till-rikt-planhyvel-metabo-dh330-332mm","11":"first","12":"instock","13":"sale","14":"taxable","15":"shipping-taxable","16":"purchasable","17":"product-type-simple"},"jetpack_sharing_enabled":true,"_links":{"self":[{"href":"https:\/\/helliston.eu\/sv\/wp-json\/wp\/v2\/product\/13077","targetHints":{"allow":["GET"]}}],"collection":[{"href":"https:\/\/helliston.eu\/sv\/wp-json\/wp\/v2\/product"}],"about":[{"href":"https:\/\/helliston.eu\/sv\/wp-json\/wp\/v2\/types\/product"}],"wp:featuredmedia":[{"embeddable":true,"href":"https:\/\/helliston.eu\/sv\/wp-json\/wp\/v2\/media\/13098"}],"wp:attachment":[{"href":"https:\/\/helliston.eu\/sv\/wp-json\/wp\/v2\/media?parent=13077"}],"wp:term":[{"taxonomy":"product_brand","embeddable":true,"href":"https:\/\/helliston.eu\/sv\/wp-json\/wp\/v2\/product_brand?post=13077"},{"taxonomy":"product_cat","embeddable":true,"href":"https:\/\/helliston.eu\/sv\/wp-json\/wp\/v2\/product_cat?post=13077"},{"taxonomy":"product_tag","embeddable":true,"href":"https:\/\/helliston.eu\/sv\/wp-json\/wp\/v2\/product_tag?post=13077"}],"curies":[{"name":"wp","href":"https:\/\/api.w.org\/{rel}","templated":true}]}}