{"id":13055,"date":"2022-08-22T11:48:33","date_gmt":"2022-08-22T11:48:33","guid":{"rendered":"https:\/\/helliston.eu\/?post_type=product&#038;p=13055"},"modified":"2023-03-11T18:15:39","modified_gmt":"2023-03-11T18:15:39","slug":"hss-hyvelstal-till-blackdecker-dn75-75x12x15mm-2-st","status":"publish","type":"product","link":"https:\/\/helliston.eu\/sv\/produkt\/hss-hyvelstal-till-blackdecker-dn75-75x12x15mm-2-st\/","title":{"rendered":"HSS Hyvelst\u00e5l till Black&#038;Decker DN75, 75x12x1,5mm, 2 st"},"content":{"rendered":"","protected":false},"excerpt":{"rendered":"<p><strong>HSS hyvelst\u00e5l till hyveln Black&amp;Decker, 75x12x1,5mm.<\/strong>\u00a02 st\u00e5l\/paket. Tillverkade av motst\u00e5ndskraftigt HSS-snabbst\u00e5l (rockwellh\u00e5rdhet 63+HRC). St\u00e5len \u00e4r slipbara. Ytterligare information l\u00e4ngst ned.<\/p>\n","protected":false},"featured_media":25470,"template":"","meta":[],"product_brand":[],"product_cat":[200,1057,1849],"product_tag":[],"class_list":{"0":"post-13055","1":"product","2":"type-product","3":"status-publish","4":"has-post-thumbnail","6":"product_cat-56mm-755mm-805mm-bosch-gho-12v-20-adler-bh-556-hoffmann-bh-556-wegoma-ap98-aeg-450-dewalt-dw676k-elu-mff40-mf8f80-mff81-sv","7":"product_cat-hyvelstal-till-black-decker","8":"product_cat-till-hyvel-black-decker-dn75","10":"first","11":"instock","12":"taxable","13":"shipping-taxable","14":"purchasable","15":"product-type-simple"},"jetpack_sharing_enabled":true,"_links":{"self":[{"href":"https:\/\/helliston.eu\/sv\/wp-json\/wp\/v2\/product\/13055","targetHints":{"allow":["GET"]}}],"collection":[{"href":"https:\/\/helliston.eu\/sv\/wp-json\/wp\/v2\/product"}],"about":[{"href":"https:\/\/helliston.eu\/sv\/wp-json\/wp\/v2\/types\/product"}],"wp:featuredmedia":[{"embeddable":true,"href":"https:\/\/helliston.eu\/sv\/wp-json\/wp\/v2\/media\/25470"}],"wp:attachment":[{"href":"https:\/\/helliston.eu\/sv\/wp-json\/wp\/v2\/media?parent=13055"}],"wp:term":[{"taxonomy":"product_brand","embeddable":true,"href":"https:\/\/helliston.eu\/sv\/wp-json\/wp\/v2\/product_brand?post=13055"},{"taxonomy":"product_cat","embeddable":true,"href":"https:\/\/helliston.eu\/sv\/wp-json\/wp\/v2\/product_cat?post=13055"},{"taxonomy":"product_tag","embeddable":true,"href":"https:\/\/helliston.eu\/sv\/wp-json\/wp\/v2\/product_tag?post=13055"}],"curies":[{"name":"wp","href":"https:\/\/api.w.org\/{rel}","templated":true}]}}