{"id":10473,"date":"2022-01-29T18:43:20","date_gmt":"2022-01-29T18:43:22","guid":{"rendered":"https:\/\/helliston.eu\/?post_type=product&#038;p=10473"},"modified":"2023-03-18T08:09:00","modified_gmt":"2023-03-18T08:09:00","slug":"hyvelstal-till-fox-femi-f22-564-250-hss-261x165x15mm","status":"publish","type":"product","link":"https:\/\/www.helliston.eu\/sv\/produkt\/hyvelstal-till-fox-femi-f22-564-250-hss-261x165x15mm\/","title":{"rendered":"Hyvelst\u00e5l till FOX FEMI F22-564\/250, HSS, 261&#215;16,5&#215;1,5mm"},"content":{"rendered":"","protected":false},"excerpt":{"rendered":"<p>HSS hyvelst\u00e5l till rikthyveln\/ planhyveln FOX FEMI F22-564\/250, 261 x 16,5 x 1,5 mm. 2 st\u00e5l\/paket. Tillverkade av motst\u00e5ndskraftigt HSS-snabbst\u00e5l (Rockwellh\u00e5rdhet 63+HRC). Hyvelst\u00e5l \u00e4r omsk\u00e4rpbar. Ytterligare information l\u00e4ngst ned.<\/p>\n","protected":false},"featured_media":12589,"template":"","meta":[],"product_brand":[],"product_cat":[1912,1077,819],"product_tag":[],"class_list":{"0":"post-10473","1":"product","2":"type-product","3":"status-publish","4":"has-post-thumbnail","6":"product_cat-till-rikt-planhyvel-fox-f22-564","7":"product_cat-hyvelstal-till-fox","8":"product_cat-hyvelstal-hyvelknivar-efter-marken","10":"first","11":"instock","12":"sale","13":"taxable","14":"shipping-taxable","15":"purchasable","16":"product-type-simple"},"jetpack_sharing_enabled":true,"_links":{"self":[{"href":"https:\/\/www.helliston.eu\/sv\/wp-json\/wp\/v2\/product\/10473","targetHints":{"allow":["GET"]}}],"collection":[{"href":"https:\/\/www.helliston.eu\/sv\/wp-json\/wp\/v2\/product"}],"about":[{"href":"https:\/\/www.helliston.eu\/sv\/wp-json\/wp\/v2\/types\/product"}],"wp:featuredmedia":[{"embeddable":true,"href":"https:\/\/www.helliston.eu\/sv\/wp-json\/wp\/v2\/media\/12589"}],"wp:attachment":[{"href":"https:\/\/www.helliston.eu\/sv\/wp-json\/wp\/v2\/media?parent=10473"}],"wp:term":[{"taxonomy":"product_brand","embeddable":true,"href":"https:\/\/www.helliston.eu\/sv\/wp-json\/wp\/v2\/product_brand?post=10473"},{"taxonomy":"product_cat","embeddable":true,"href":"https:\/\/www.helliston.eu\/sv\/wp-json\/wp\/v2\/product_cat?post=10473"},{"taxonomy":"product_tag","embeddable":true,"href":"https:\/\/www.helliston.eu\/sv\/wp-json\/wp\/v2\/product_tag?post=10473"}],"curies":[{"name":"wp","href":"https:\/\/api.w.org\/{rel}","templated":true}]}}