{"id":10357,"date":"2022-01-28T21:11:18","date_gmt":"2022-01-28T21:11:20","guid":{"rendered":"https:\/\/helliston.eu\/?post_type=product&#038;p=10357"},"modified":"2023-03-30T12:36:29","modified_gmt":"2023-03-30T12:36:29","slug":"hyvelstal-till-einhell-bt-sp-1300-hss-159x165x3mm","status":"publish","type":"product","link":"https:\/\/helliston.eu\/sv\/produkt\/hyvelstal-till-einhell-bt-sp-1300-hss-159x165x3mm\/","title":{"rendered":"Hyvelst\u00e5l till Einhell BT-SP 1300, HSS, 159&#215;16,5x3mm"},"content":{"rendered":"","protected":false},"excerpt":{"rendered":"<div class=\"product-short-description\">\n<p>HSS hyvelst\u00e5l till rikthyveln\/ planhyveln Einhell BT-SP 1300, 159 x 16,5 x 3 mm. 2 st\u00e5l\/paket. Tillverkade av motst\u00e5ndskraftigt HSS-snabbst\u00e5l (Rockwellh\u00e5rdhet 63+HRC). Hyvelst\u00e5l \u00e4r omsk\u00e4rpbar. Ytterligare information l\u00e4ngst ned.<\/p>\n<\/div>\n","protected":false},"featured_media":25329,"template":"","meta":[],"product_brand":[],"product_cat":[3100,1071,819],"product_tag":[4355],"class_list":{"0":"post-10357","1":"product","2":"type-product","3":"status-publish","4":"has-post-thumbnail","6":"product_cat-till-hyvel-einhell-bt-sp-1300","7":"product_cat-hyvelstal-till-einhell","8":"product_cat-hyvelstal-hyvelknivar-efter-marken","9":"product_tag-159-16-sv","11":"first","12":"instock","13":"taxable","14":"shipping-taxable","15":"purchasable","16":"product-type-simple"},"jetpack_sharing_enabled":true,"_links":{"self":[{"href":"https:\/\/helliston.eu\/sv\/wp-json\/wp\/v2\/product\/10357","targetHints":{"allow":["GET"]}}],"collection":[{"href":"https:\/\/helliston.eu\/sv\/wp-json\/wp\/v2\/product"}],"about":[{"href":"https:\/\/helliston.eu\/sv\/wp-json\/wp\/v2\/types\/product"}],"wp:featuredmedia":[{"embeddable":true,"href":"https:\/\/helliston.eu\/sv\/wp-json\/wp\/v2\/media\/25329"}],"wp:attachment":[{"href":"https:\/\/helliston.eu\/sv\/wp-json\/wp\/v2\/media?parent=10357"}],"wp:term":[{"taxonomy":"product_brand","embeddable":true,"href":"https:\/\/helliston.eu\/sv\/wp-json\/wp\/v2\/product_brand?post=10357"},{"taxonomy":"product_cat","embeddable":true,"href":"https:\/\/helliston.eu\/sv\/wp-json\/wp\/v2\/product_cat?post=10357"},{"taxonomy":"product_tag","embeddable":true,"href":"https:\/\/helliston.eu\/sv\/wp-json\/wp\/v2\/product_tag?post=10357"}],"curies":[{"name":"wp","href":"https:\/\/api.w.org\/{rel}","templated":true}]}}