{"id":10277,"date":"2022-01-28T19:38:20","date_gmt":"2022-01-28T19:38:21","guid":{"rendered":"https:\/\/helliston.eu\/?post_type=product&#038;p=10277"},"modified":"2023-03-18T10:02:12","modified_gmt":"2023-03-18T10:02:12","slug":"hyvelstal-till-scheppach-hms850-typ-2-hss-210x165x15mm","status":"publish","type":"product","link":"https:\/\/www.helliston.eu\/sv\/produkt\/hyvelstal-till-scheppach-hms850-typ-2-hss-210x165x15mm\/","title":{"rendered":"Hyvelst\u00e5l till Scheppach HMS850 TYP 2, HSS, 210\u00d716,5\u00d71,5mm"},"content":{"rendered":"","protected":false},"excerpt":{"rendered":"<p><strong>HSS hyvelst\u00e5l till rikthyveln\/ planhyveln till Scheppach HMS850 TYP 2, 210&#215;16,5&#215;1,5mm.<\/strong> 2 st\u00e5l\/paket. Tillverkade av motst\u00e5ndskraftigt HSS-snabbst\u00e5l (Rockwellh\u00e5rdhet 63+HRC). Hyvelst\u00e5l \u00e4r omsk\u00e4rpbar. Ytterligare information l\u00e4ngst ned.<\/p>\n<p><span style=\"color: #0000ff;\">Innan du best\u00e4ller, kontrollera produktbilderna och dina gamla hyvelblad! Det finns 2 typer av Scheppach HMS850 hyvlar. Den ena hyveln kr\u00e4ver 210x22x1,8mm hyvelblad med 6 h\u00e5l (4 runda, 2 rektangul\u00e4ra), den andra hyveln kr\u00e4ver 210\u00d716,5\u00d71,5mm hyvelblad med 2 h\u00e5l.<\/span><\/p>\n","protected":false},"featured_media":12335,"template":"","meta":[],"product_brand":[],"product_cat":[2363,819,1107],"product_tag":[4316],"class_list":{"0":"post-10277","1":"product","2":"type-product","3":"status-publish","4":"has-post-thumbnail","6":"product_cat-till-rikt-planhyvel-scheppach-hms-850","7":"product_cat-hyvelstal-hyvelknivar-efter-marken","8":"product_cat-hyvelstal-till-scheppach","9":"product_tag-210x16-sv","11":"first","12":"instock","13":"taxable","14":"shipping-taxable","15":"purchasable","16":"product-type-simple"},"jetpack_sharing_enabled":true,"_links":{"self":[{"href":"https:\/\/www.helliston.eu\/sv\/wp-json\/wp\/v2\/product\/10277","targetHints":{"allow":["GET"]}}],"collection":[{"href":"https:\/\/www.helliston.eu\/sv\/wp-json\/wp\/v2\/product"}],"about":[{"href":"https:\/\/www.helliston.eu\/sv\/wp-json\/wp\/v2\/types\/product"}],"wp:featuredmedia":[{"embeddable":true,"href":"https:\/\/www.helliston.eu\/sv\/wp-json\/wp\/v2\/media\/12335"}],"wp:attachment":[{"href":"https:\/\/www.helliston.eu\/sv\/wp-json\/wp\/v2\/media?parent=10277"}],"wp:term":[{"taxonomy":"product_brand","embeddable":true,"href":"https:\/\/www.helliston.eu\/sv\/wp-json\/wp\/v2\/product_brand?post=10277"},{"taxonomy":"product_cat","embeddable":true,"href":"https:\/\/www.helliston.eu\/sv\/wp-json\/wp\/v2\/product_cat?post=10277"},{"taxonomy":"product_tag","embeddable":true,"href":"https:\/\/www.helliston.eu\/sv\/wp-json\/wp\/v2\/product_tag?post=10277"}],"curies":[{"name":"wp","href":"https:\/\/api.w.org\/{rel}","templated":true}]}}