{"id":10271,"date":"2022-01-28T19:38:12","date_gmt":"2022-01-28T19:38:13","guid":{"rendered":"https:\/\/helliston.eu\/?post_type=product&#038;p=10271"},"modified":"2023-03-18T10:01:16","modified_gmt":"2023-03-18T10:01:16","slug":"hyvelstal-till-atika-adh-204-typ-2-hss-210x165x15mm","status":"publish","type":"product","link":"https:\/\/helliston.eu\/sv\/produkt\/hyvelstal-till-atika-adh-204-typ-2-hss-210x165x15mm\/","title":{"rendered":"Hyvelst\u00e5l till ATIKA ADH 204 TYP 2, HSS, 210&#215;16,5&#215;1,5mm"},"content":{"rendered":"","protected":false},"excerpt":{"rendered":"<p>Hyvelst\u00e5l till rikthyveln och planhyveln ATIKA ADH 204 TYP 2, HSS, 210 x 16,5 x 1,5 mm. 2 st\u00e5l\/paket. Tillverkade av motst\u00e5ndskraftigt HSS-snabbst\u00e5l (rockwellh\u00e5rdhet 63+HRC). St\u00e5len \u00e4r slipbara. Ytterligare information l\u00e4ngst ned.<\/p>\n<p><span style=\"color: #0000ff;\">Obs! Kontrollera f\u00f6re k\u00f6pet om st\u00e5len passar till din hyvel. Du kan t ex j\u00e4mf\u00f6ra bilderna p\u00e5 varorna med de st\u00e5l som levererades tillsammans med maskinen. ATIKA ADH 204 har n\u00e4mligen flera olika hyvelmodeller med samma namn. Till en modell passar st\u00e5l p\u00e5 210x22x1,8mm (med 6 h\u00e5l), men till en annan st\u00e5l p\u00e5 210\u00d716,5\u00d71,5mm (med tv\u00e5 h\u00e5l).<\/span><\/p>\n","protected":false},"featured_media":12321,"template":"","meta":[],"product_brand":[],"product_cat":[1836,1052,819],"product_tag":[4316],"class_list":{"0":"post-10271","1":"product","2":"type-product","3":"status-publish","4":"has-post-thumbnail","6":"product_cat-till-rikt-planhyvel-atika-adh-204-210mm","7":"product_cat-hyvelstal-till-atika","8":"product_cat-hyvelstal-hyvelknivar-efter-marken","9":"product_tag-210x16-sv","11":"first","12":"instock","13":"taxable","14":"shipping-taxable","15":"purchasable","16":"product-type-simple"},"jetpack_sharing_enabled":true,"_links":{"self":[{"href":"https:\/\/helliston.eu\/sv\/wp-json\/wp\/v2\/product\/10271","targetHints":{"allow":["GET"]}}],"collection":[{"href":"https:\/\/helliston.eu\/sv\/wp-json\/wp\/v2\/product"}],"about":[{"href":"https:\/\/helliston.eu\/sv\/wp-json\/wp\/v2\/types\/product"}],"wp:featuredmedia":[{"embeddable":true,"href":"https:\/\/helliston.eu\/sv\/wp-json\/wp\/v2\/media\/12321"}],"wp:attachment":[{"href":"https:\/\/helliston.eu\/sv\/wp-json\/wp\/v2\/media?parent=10271"}],"wp:term":[{"taxonomy":"product_brand","embeddable":true,"href":"https:\/\/helliston.eu\/sv\/wp-json\/wp\/v2\/product_brand?post=10271"},{"taxonomy":"product_cat","embeddable":true,"href":"https:\/\/helliston.eu\/sv\/wp-json\/wp\/v2\/product_cat?post=10271"},{"taxonomy":"product_tag","embeddable":true,"href":"https:\/\/helliston.eu\/sv\/wp-json\/wp\/v2\/product_tag?post=10271"}],"curies":[{"name":"wp","href":"https:\/\/api.w.org\/{rel}","templated":true}]}}