{"id":10210,"date":"2022-01-28T19:00:43","date_gmt":"2022-01-28T19:00:45","guid":{"rendered":"https:\/\/helliston.eu\/?post_type=product&#038;p=10210"},"modified":"2023-03-18T10:00:52","modified_gmt":"2023-03-18T10:00:52","slug":"hyvelstal-till-mini-kompacta-komp-200-2-hss-210x165x15mm","status":"publish","type":"product","link":"https:\/\/helliston.eu\/sv\/produkt\/hyvelstal-till-mini-kompacta-komp-200-2-hss-210x165x15mm\/","title":{"rendered":"Hyvelst\u00e5l till Mini-Kompacta Komp. 200\/2, HSS, 210\u00d716,5\u00d71,5mm"},"content":{"rendered":"","protected":false},"excerpt":{"rendered":"<p><strong>HSS hyvelst\u00e5l till rikthyveln\/ planhyveln f\u00f6r Mini-Kompacta Komp. 200\/2, 210&#215;16,5&#215;1,5mm.<\/strong> 2 st\u00e5l\/paket. Tillverkade av motst\u00e5ndskraftigt HSS-snabbst\u00e5l (Rockwellh\u00e5rdhet 63+HRC). Hyvelst\u00e5l \u00e4r omsk\u00e4rpbar. Ytterligare information l\u00e4ngst ned.<\/p>\n","protected":false},"featured_media":12181,"template":"","meta":[],"product_brand":[],"product_cat":[2560,819,2561],"product_tag":[4316],"class_list":{"0":"post-10210","1":"product","2":"type-product","3":"status-publish","4":"has-post-thumbnail","6":"product_cat-hyvelstal-till-hyvel-compa","7":"product_cat-hyvelstal-hyvelknivar-efter-marken","8":"product_cat-till-hyvel-mini-kompacta-komp-200-2","9":"product_tag-210x16-sv","11":"first","12":"instock","13":"taxable","14":"shipping-taxable","15":"purchasable","16":"product-type-simple"},"jetpack_sharing_enabled":true,"_links":{"self":[{"href":"https:\/\/helliston.eu\/sv\/wp-json\/wp\/v2\/product\/10210","targetHints":{"allow":["GET"]}}],"collection":[{"href":"https:\/\/helliston.eu\/sv\/wp-json\/wp\/v2\/product"}],"about":[{"href":"https:\/\/helliston.eu\/sv\/wp-json\/wp\/v2\/types\/product"}],"wp:featuredmedia":[{"embeddable":true,"href":"https:\/\/helliston.eu\/sv\/wp-json\/wp\/v2\/media\/12181"}],"wp:attachment":[{"href":"https:\/\/helliston.eu\/sv\/wp-json\/wp\/v2\/media?parent=10210"}],"wp:term":[{"taxonomy":"product_brand","embeddable":true,"href":"https:\/\/helliston.eu\/sv\/wp-json\/wp\/v2\/product_brand?post=10210"},{"taxonomy":"product_cat","embeddable":true,"href":"https:\/\/helliston.eu\/sv\/wp-json\/wp\/v2\/product_cat?post=10210"},{"taxonomy":"product_tag","embeddable":true,"href":"https:\/\/helliston.eu\/sv\/wp-json\/wp\/v2\/product_tag?post=10210"}],"curies":[{"name":"wp","href":"https:\/\/api.w.org\/{rel}","templated":true}]}}