{"id":10200,"date":"2022-01-28T19:00:33","date_gmt":"2022-01-28T19:00:35","guid":{"rendered":"https:\/\/helliston.eu\/?post_type=product&#038;p=10200"},"modified":"2023-03-18T10:00:48","modified_gmt":"2023-03-18T10:00:48","slug":"hyvelstal-till-lumag-hob-204-hss-210x165x15mm","status":"publish","type":"product","link":"https:\/\/helliston.eu\/sv\/produkt\/hyvelstal-till-lumag-hob-204-hss-210x165x15mm\/","title":{"rendered":"Hyvelst\u00e5l till Lumag HOB 204, HSS, 210&#215;16,5&#215;1,5mm"},"content":{"rendered":"","protected":false},"excerpt":{"rendered":"<p>HSS Hyvelst\u00e5l till rikthyveln och planhyveln <strong>LUMAG HOB 204<\/strong>, 210 x 16,5 x 1,5 mm. 2 st\u00e5l\/paket. Tillverkade av motst\u00e5ndskraftigt HSS-snabbst\u00e5l (rockwellh\u00e5rdhet 63+HRC). St\u00e5len \u00e4r slipbara. Ytterligare information l\u00e4ngst ned.<\/p>\n","protected":false},"featured_media":12153,"template":"","meta":[],"product_brand":[],"product_cat":[2558,819,2559],"product_tag":[4316],"class_list":{"0":"post-10200","1":"product","2":"type-product","3":"status-publish","4":"has-post-thumbnail","6":"product_cat-till-hyvel-lumag-hob-204","7":"product_cat-hyvelstal-hyvelknivar-efter-marken","8":"product_cat-hyvelstal-till-lumag","9":"product_tag-210x16-sv","11":"first","12":"instock","13":"taxable","14":"shipping-taxable","15":"purchasable","16":"product-type-simple"},"jetpack_sharing_enabled":true,"_links":{"self":[{"href":"https:\/\/helliston.eu\/sv\/wp-json\/wp\/v2\/product\/10200","targetHints":{"allow":["GET"]}}],"collection":[{"href":"https:\/\/helliston.eu\/sv\/wp-json\/wp\/v2\/product"}],"about":[{"href":"https:\/\/helliston.eu\/sv\/wp-json\/wp\/v2\/types\/product"}],"wp:featuredmedia":[{"embeddable":true,"href":"https:\/\/helliston.eu\/sv\/wp-json\/wp\/v2\/media\/12153"}],"wp:attachment":[{"href":"https:\/\/helliston.eu\/sv\/wp-json\/wp\/v2\/media?parent=10200"}],"wp:term":[{"taxonomy":"product_brand","embeddable":true,"href":"https:\/\/helliston.eu\/sv\/wp-json\/wp\/v2\/product_brand?post=10200"},{"taxonomy":"product_cat","embeddable":true,"href":"https:\/\/helliston.eu\/sv\/wp-json\/wp\/v2\/product_cat?post=10200"},{"taxonomy":"product_tag","embeddable":true,"href":"https:\/\/helliston.eu\/sv\/wp-json\/wp\/v2\/product_tag?post=10200"}],"curies":[{"name":"wp","href":"https:\/\/api.w.org\/{rel}","templated":true}]}}