{"id":10199,"date":"2022-01-28T19:00:33","date_gmt":"2022-01-28T19:00:35","guid":{"rendered":"https:\/\/helliston.eu\/?post_type=product&#038;p=10199"},"modified":"2023-03-18T10:00:50","modified_gmt":"2023-03-18T10:00:50","slug":"hyvelstal-till-pow-x204-x204a-hss-210x165x15mm","status":"publish","type":"product","link":"https:\/\/helliston.eu\/sv\/produkt\/hyvelstal-till-pow-x204-x204a-hss-210x165x15mm\/","title":{"rendered":"Hyvelst\u00e5l till POW X204, X204A, HSS, 210\u00d716,5\u00d71,5mm"},"content":{"rendered":"","protected":false},"excerpt":{"rendered":"<p><strong>HSS hyvelst\u00e5l till rikthyveln\/ planhyveln f\u00f6r POW X204, X204A, 210&#215;16,5&#215;1,5mm.<\/strong> 2 st\u00e5l\/paket. Tillverkade av motst\u00e5ndskraftigt HSS-snabbst\u00e5l (Rockwellh\u00e5rdhet 63+HRC). Hyvelst\u00e5l \u00e4r omsk\u00e4rpbar. Ytterligare information l\u00e4ngst ned.<\/p>\n","protected":false},"featured_media":12167,"template":"","meta":[],"product_brand":[],"product_cat":[819,1982,1983,1104],"product_tag":[4316],"class_list":{"0":"post-10199","1":"product","2":"type-product","3":"status-publish","4":"has-post-thumbnail","6":"product_cat-hyvelstal-hyvelknivar-efter-marken","7":"product_cat-till-rikt-planhyvel-powerplus-pow-x204","8":"product_cat-till-rikt-planhyvel-powerplus-pow-x204a","9":"product_cat-hyvelstal-till-powerplus-pow","10":"product_tag-210x16-sv","12":"first","13":"instock","14":"taxable","15":"shipping-taxable","16":"purchasable","17":"product-type-simple"},"jetpack_sharing_enabled":true,"_links":{"self":[{"href":"https:\/\/helliston.eu\/sv\/wp-json\/wp\/v2\/product\/10199","targetHints":{"allow":["GET"]}}],"collection":[{"href":"https:\/\/helliston.eu\/sv\/wp-json\/wp\/v2\/product"}],"about":[{"href":"https:\/\/helliston.eu\/sv\/wp-json\/wp\/v2\/types\/product"}],"wp:featuredmedia":[{"embeddable":true,"href":"https:\/\/helliston.eu\/sv\/wp-json\/wp\/v2\/media\/12167"}],"wp:attachment":[{"href":"https:\/\/helliston.eu\/sv\/wp-json\/wp\/v2\/media?parent=10199"}],"wp:term":[{"taxonomy":"product_brand","embeddable":true,"href":"https:\/\/helliston.eu\/sv\/wp-json\/wp\/v2\/product_brand?post=10199"},{"taxonomy":"product_cat","embeddable":true,"href":"https:\/\/helliston.eu\/sv\/wp-json\/wp\/v2\/product_cat?post=10199"},{"taxonomy":"product_tag","embeddable":true,"href":"https:\/\/helliston.eu\/sv\/wp-json\/wp\/v2\/product_tag?post=10199"}],"curies":[{"name":"wp","href":"https:\/\/api.w.org\/{rel}","templated":true}]}}