{"id":3427,"date":"2019-03-03T18:21:55","date_gmt":"2019-03-03T18:21:55","guid":{"rendered":"https:\/\/helliston.eu\/retur-och-aterbetalning\/"},"modified":"2020-07-01T11:35:49","modified_gmt":"2020-07-01T11:35:49","slug":"returvillkor","status":"publish","type":"page","link":"https:\/\/helliston.eu\/sv\/returvillkor\/","title":{"rendered":"Returvillkor"},"content":{"rendered":"<div class=\"row row-collapse row-full-width align-middle align-center\"  id=\"row-370379996\">\n\n\t<div id=\"col-224903657\" class=\"col medium-8 large-8\"  >\n\t\t\t\t<div class=\"col-inner\"  >\n\t\t\t\n\t\t\t\n<div class=\"row row-large align-middle align-center\"  id=\"row-1599031000\">\n\n\t<div id=\"col-268520512\" class=\"col small-12 large-12\"  >\n\t\t\t\t<div class=\"col-inner\"  >\n\t\t\t\n\t\t\t\n\t<div id=\"gap-2095377998\" class=\"gap-element clearfix\" style=\"display:block; height:auto;\">\n\t\t\n<style>\n#gap-2095377998 {\n  padding-top: 30px;\n}\n<\/style>\n\t<\/div>\n\t\n<p style=\"text-align: center;\">Vi l\u00e4gger stor vikt vid varornas kvalitet f\u00f6r att du ska bli n\u00f6jd med det du har best\u00e4llt. Om de varor du best\u00e4llt inte skulle motsvara dina f\u00f6rv\u00e4ntningar, har du 30 dagars returr\u00e4tt fr\u00e5n och med att du har tagit emot varorna, och beh\u00f6ver d\u00e5 inte motivera varf\u00f6r du \u00f6nskar returnera dem.<\/p>\n\t\t<\/div>\n\t\t\t\t\t<\/div>\n\n\t\n<\/div>\n\t\t<\/div>\n\t\t\t\t\t<\/div>\n\n\t\n<\/div>\n<div class=\"row row-collapse row-full-width align-center\"  id=\"row-1825236751\">\n\n\t<div id=\"col-441090084\" class=\"col medium-4 small-12 large-4\"  >\n\t\t\t\t<div class=\"col-inner\"  >\n\t\t\t\n\t\t\t\n<div class=\"container section-title-container\" ><h3 class=\"section-title section-title-center\"><b aria-hidden=\"true\"><\/b><span class=\"section-title-main\" >Allm\u00e4nna villkor<\/span><b aria-hidden=\"true\"><\/b><\/h3><\/div>\n\t\t<\/div>\n\t\t\t\t\t<\/div>\n\n\t\n\n\t<div id=\"col-499251543\" class=\"col medium-6 small-10 large-6\"  >\n\t\t\t\t<div class=\"col-inner\"  >\n\t\t\t\n\t\t\t\n<ul>\n<li>Efter att du har mottagit varorna har du inom 30 dagar r\u00e4tt att s\u00e4ga upp ditt avtal med oss (se F\u00f6rs\u00e4ljningsvillkor).<\/li>\n<li>Om \u00e4ven betalning f\u00f6r transport gjordes vid k\u00f6p av vara, ing\u00e5r \u00e4ven det beloppet i returen. (Observera att det inte g\u00e4ller vid expressleverans, exempelvis med DHL, DPD-Express eller ParcelConnect o.l.)<\/li>\n<\/ul>\n\t\t<\/div>\n\t\t\t\t\t<\/div>\n\n\t\n<\/div>\n\t<div id=\"gap-1549174527\" class=\"gap-element clearfix\" style=\"display:block; height:auto;\">\n\t\t\n<style>\n#gap-1549174527 {\n  padding-top: 30px;\n}\n<\/style>\n\t<\/div>\n\t\n<div class=\"row row-collapse row-full-width align-center\"  id=\"row-1110998935\">\n\n\t<div id=\"col-1248921989\" class=\"col medium-4 small-12 large-4\"  >\n\t\t\t\t<div class=\"col-inner\"  >\n\t\t\t\n\t\t\t\n<div class=\"container section-title-container\" ><h3 class=\"section-title section-title-center\"><b aria-hidden=\"true\"><\/b><span class=\"section-title-main\" >G\u00e4llande regler<\/span><b aria-hidden=\"true\"><\/b><\/h3><\/div>\n\t\t<\/div>\n\t\t\t\t\t<\/div>\n\n\t\n\n\t<div id=\"col-1409688470\" class=\"col medium-6 small-10 large-6\"  >\n\t\t\t\t<div class=\"col-inner\"  >\n\t\t\t\n\t\t\t\n<ul>\n<li>Under 30 dagar har du r\u00e4tt att beh\u00e5lla varorna f\u00f6r p\u00e5seende, precis som i en traditionell butik.<\/li>\n<li>Kunden ansvarar sj\u00e4lv f\u00f6r om varorna minskar i v\u00e4rde, exempelvis till f\u00f6ljd av anv\u00e4ndning eller felaktig hantering.<\/li>\n<li>Om varorna har blivit skadade eller f\u00f6rst\u00f6rda p\u00e5 annat vis och d\u00e4rigenom har fallit i v\u00e4rde, har vi r\u00e4tt att kompensera best\u00e4llningen enbart delvis, eller, om varans skick s\u00e5 kr\u00e4ver, avst\u00e5 fr\u00e5n att kompensera den.<\/li>\n<\/ul>\n\t\t<\/div>\n\t\t\t\t\t<\/div>\n\n\t\n<\/div>\n\t<div id=\"gap-284259519\" class=\"gap-element clearfix\" style=\"display:block; height:auto;\">\n\t\t\n<style>\n#gap-284259519 {\n  padding-top: 30px;\n}\n<\/style>\n\t<\/div>\n\t\n\t<div id=\"gap-2074160752\" class=\"gap-element clearfix\" style=\"display:block; height:auto;\">\n\t\t\n<style>\n#gap-2074160752 {\n  padding-top: 30px;\n}\n<\/style>\n\t<\/div>\n\t\n<div class=\"row row-collapse row-full-width align-center\"  id=\"row-431963181\">\n\n\t<div id=\"col-2024649512\" class=\"col medium-4 small-12 large-4\"  >\n\t\t\t\t<div class=\"col-inner\"  >\n\t\t\t\n\t\t\t\n<div class=\"container section-title-container\" ><h3 class=\"section-title section-title-center\"><b aria-hidden=\"true\"><\/b><span class=\"section-title-main\" >Hur ska du g\u00e5 till v\u00e4ga?<\/span><b aria-hidden=\"true\"><\/b><\/h3><\/div>\n\t\t<\/div>\n\t\t\t\t\t<\/div>\n\n\t\n\n\t<div id=\"col-1015716889\" class=\"col medium-6 small-10 large-6\"  >\n\t\t\t\t<div class=\"col-inner\"  >\n\t\t\t\n\t\t\t\n<ul>\n<li>F\u00f6r att returnera varor kan du ta kontakt med oss via mejl () eller fylla i returformul\u00e4ret, som du hittar h\u00e4r:<\/li>\n<li>Om du vill ta kontakt emd oss via mejl, var god ange i mejlet vilket datum du gjorde k\u00f6pet, numret p\u00e5 r\u00e4kningen eller best\u00e4llningen samt vad de varor du vill returnera heter.<\/li>\n<li>D\u00e4refter kan du skicka tillbaka varorna till oss med det transportslag du sj\u00e4lv f\u00f6redrar.<\/li>\n<\/ul>\n\t\t<\/div>\n\t\t\t\t\t<\/div>\n\n\t\n<\/div>\n\t<div id=\"gap-632386268\" class=\"gap-element clearfix\" style=\"display:block; height:auto;\">\n\t\t\n<style>\n#gap-632386268 {\n  padding-top: 30px;\n}\n<\/style>\n\t<\/div>\n\t\n<div class=\"row row-collapse row-full-width align-center\"  id=\"row-1999857507\">\n\n\t<div id=\"col-298391775\" class=\"col medium-4 small-12 large-4\"  >\n\t\t\t\t<div class=\"col-inner\"  >\n\t\t\t\n\t\t\t\n<div class=\"container section-title-container\" ><h3 class=\"section-title section-title-center\"><b aria-hidden=\"true\"><\/b><span class=\"section-title-main\" >Leveransavgifter<\/span><b aria-hidden=\"true\"><\/b><\/h3><\/div>\n\t\t<\/div>\n\t\t\t\t\t<\/div>\n\n\t\n\n\t<div id=\"col-991594216\" class=\"col medium-6 small-10 large-6\"  >\n\t\t\t\t<div class=\"col-inner\"  >\n\t\t\t\n\t\t\t\n<ul>\n<li>Om inget annat avtalats betalas returkostnaderna av kunden.<\/li>\n<li>I f\u00f6ljande fall st\u00e5r vi f\u00f6r returkostnaderna: Om 1) f\u00f6rs\u00e4ndelsen inneh\u00e5ller varor som inte motsvarar best\u00e4llningen, 2) vi har skickat dig defekta varor, 3) f\u00f6rs\u00e4ndelsen inte inneh\u00e5ller alla varor som best\u00e4llts eller 4) vi i webbutiken har l\u00e4mnat felaktig informaiton om varorna.<\/li>\n<\/ul>\n\t\t<\/div>\n\t\t\t\t\t<\/div>\n\n\t\n<\/div>\n\t<div id=\"gap-506056530\" class=\"gap-element clearfix\" style=\"display:block; height:auto;\">\n\t\t\n<style>\n#gap-506056530 {\n  padding-top: 30px;\n}\n<\/style>\n\t<\/div>\n\t\n<div class=\"row row-collapse row-full-width align-center\"  id=\"row-1454072339\">\n\n\t<div id=\"col-1685548966\" class=\"col medium-4 small-12 large-4\"  >\n\t\t\t\t<div class=\"col-inner\"  >\n\t\t\t\n\t\t\t\n<div class=\"container section-title-container\" ><h3 class=\"section-title section-title-center\"><b aria-hidden=\"true\"><\/b><span class=\"section-title-main\" >\u00c5terbetalning av pengar<\/span><b aria-hidden=\"true\"><\/b><\/h3><\/div>\n\t\t<\/div>\n\t\t\t\t\t<\/div>\n\n\t\n\n\t<div id=\"col-933115662\" class=\"col medium-6 small-10 large-6\"  >\n\t\t\t\t<div class=\"col-inner\"  >\n\t\t\t\n\t\t\t\n<ul>\n<li>N\u00e4r vi har f\u00e5tt besked om returen, betalar vi inom 14 dagar tillbaka k\u00f6pesumman till samma konto som den betalades fr\u00e5n.<\/li>\n<li>Vi kan skjuta upp \u00e5terbetalningen tills vi har mottagit varan eller tills vi har f\u00e5tt bekr\u00e4ftelse p\u00e5 att varan \u00e4r p\u00e5 v\u00e4g till oss.<\/li>\n<li>Om \u00e4ven betalning f\u00f6r transport gjordes vid k\u00f6p av vara, ing\u00e5r \u00e4ven det beloppet i returen.<\/li>\n<li>Belopp som betalats f\u00f6r externa frakttj\u00e4nster (exempelvis Itella Smartkuller, DPD eller DHL Express) \u00e5terbetalas inte.<\/li>\n<\/ul>\n\t\t<\/div>\n\t\t\t\t\t<\/div>\n\n\t\n<\/div>\n","protected":false},"excerpt":{"rendered":"","protected":false},"author":1,"featured_media":0,"parent":0,"menu_order":0,"comment_status":"closed","ping_status":"closed","template":"page-blank.php","meta":{"footnotes":""},"class_list":["post-3427","page","type-page","status-publish","hentry"],"jetpack_sharing_enabled":true,"_links":{"self":[{"href":"https:\/\/helliston.eu\/sv\/wp-json\/wp\/v2\/pages\/3427","targetHints":{"allow":["GET"]}}],"collection":[{"href":"https:\/\/helliston.eu\/sv\/wp-json\/wp\/v2\/pages"}],"about":[{"href":"https:\/\/helliston.eu\/sv\/wp-json\/wp\/v2\/types\/page"}],"author":[{"embeddable":true,"href":"https:\/\/helliston.eu\/sv\/wp-json\/wp\/v2\/users\/1"}],"replies":[{"embeddable":true,"href":"https:\/\/helliston.eu\/sv\/wp-json\/wp\/v2\/comments?post=3427"}],"version-history":[{"count":5,"href":"https:\/\/helliston.eu\/sv\/wp-json\/wp\/v2\/pages\/3427\/revisions"}],"predecessor-version":[{"id":7109,"href":"https:\/\/helliston.eu\/sv\/wp-json\/wp\/v2\/pages\/3427\/revisions\/7109"}],"wp:attachment":[{"href":"https:\/\/helliston.eu\/sv\/wp-json\/wp\/v2\/media?parent=3427"}],"curies":[{"name":"wp","href":"https:\/\/api.w.org\/{rel}","templated":true}]}}