{"id":3424,"date":"2019-02-27T14:29:59","date_gmt":"2019-02-27T14:29:59","guid":{"rendered":"https:\/\/helliston.eu\/integritetspolicy\/"},"modified":"2020-07-01T15:07:48","modified_gmt":"2020-07-01T15:07:48","slug":"integritetspolicy","status":"publish","type":"page","link":"https:\/\/helliston.eu\/sv\/integritetspolicy\/","title":{"rendered":"Integritetspolicy"},"content":{"rendered":"\n\t<section class=\"section\" id=\"section_1705576440\">\n\t\t<div class=\"section-bg fill\" >\n\t\t\t\t\t\t\t\t\t\n\t\t\t\n\n\t\t<\/div>\n\n\t\t\n\n\t\t<div class=\"section-content relative\">\n\t\t\t\n<div class=\"row align-center\"  id=\"row-1502466911\">\n\n\t<div id=\"col-81968130\" class=\"col medium-11 small-12 large-11\"  >\n\t\t\t\t<div class=\"col-inner\"  >\n\t\t\t\n\t\t\t\n<h1 style=\"text-align: center;\">INTEGRITETSPOLICY<\/h1>\n<p>Ansvarig f\u00f6r hantering av personuppgifter i webbutiken <a href=\"http:\/\/www.helliston.eu\">www.helliston.eu<\/a> \u00e4r Helliston Nord O\u00dc (Org.nr.: 14984655), p\u00e5 adressen Peetri 1B, 80029 P\u00e4rnu, Estland. Tel.: (+372) 53457161, e-post: info@helliston.eu<\/p>\n<h3><strong>Vilka personuppgifter samlar vi in?<\/strong><\/h3>\n<p>Vi samlar bara in de personuppgifter som beh\u00f6vs f\u00f6r att genomf\u00f6ra best\u00e4llningar och vid behov f\u00f6r att ta kontakt med kunden:<\/p>\n<ul>\n<li>Namn, telefonnummer och epostadress<\/li>\n<li>Varumottagningsadress<\/li>\n<li>Bankkontonummer<\/li>\n<li>Pris p\u00e5 varor och tj\u00e4nster samt betalningsuppgifter (k\u00f6phistorik)<\/li>\n<li>Kundserviceuppgifter<\/li>\n<\/ul>\n<h3><strong>Vad finns det f\u00f6r r\u00e4ttslig grund till denna insamling av personuppgifter?<\/strong><\/h3>\n<p>Vi samlar in personuppgifterna enligt syftena med det avtal vi har slutit med dig (<a href=\"https:\/\/helliston.eu\/sv\/forsaljningsvillkor\/\">F\u00f6rs\u00e4ljningsvillkor<\/a>).<\/p>\n<p>Vi samlar in personuppgifterna f\u00f6r att uppfylla juridiska skyldigheter (t ex bokf\u00f6ring och l\u00f6sande av konsumenttvister).<\/p>\n<p>Bankkontonumret anv\u00e4nder vi vid \u00e5terbetalning till kunderna<\/p>\n<p>Personuppgifter (s\u00e5som mejladress, telefonnummer och namn) samlar vi in f\u00f6r att l\u00f6sa fr\u00e5gor relaterade till k\u00f6p av varor och tj\u00e4nster (kundservice).<\/p>\n<p>Vi samlar ocks\u00e5 in IP-adresserna eller andra n\u00e4tidentifikatorer fr\u00e5n dem som anv\u00e4nder webbutiken f\u00f6r att sammanst\u00e4lla n\u00e4tanv\u00e4ndningsstatistik.<\/p>\n<h3><strong>Vilket syfte har vi med att samla in dina personuppgifter?<\/strong><\/h3>\n<p>Vi anv\u00e4nder dina personuppgifter f\u00f6r att kunna behandla best\u00e4llningar och leverera varor.<\/p>\n<p>Uppgifterna i k\u00f6phistoriken (k\u00f6pdatum, vara, antal, kunddata) anv\u00e4nder vi f\u00f6r att f\u00e5 en \u00f6verblick \u00f6ver k\u00f6pta varor och tj\u00e4nster och f\u00f6r att analysera vad kunderna f\u00f6redrar.<\/p>\n<h3><strong>Vilka uppgifter ser vi?<\/strong><\/h3>\n<p>Om du har ett konto i v\u00e5r webbutik, kan vi se ditt namn, din adress, ditt telefonnummer och din mejladress. Det \u00e4r den information som beh\u00f6vs f\u00f6r att genomf\u00f6ra en best\u00e4llning.<\/p>\n<p>Det samma g\u00e4ller f\u00f6r dem som best\u00e4ller varor i v\u00e5r webbutik utan att skapa ett konto.<\/p>\n<p>Dessutom ser vi information om best\u00e4llda varor.<\/p>\n<h3><strong>Vem har vi r\u00e4tt att vidarebefordra dina personuppgifter till?<\/strong><\/h3>\n<p>Vi har r\u00e4tt att vidarebefordra dina uppgifter till den transport\u00f6r som ska leverera varor till dig. Vid leverans till paketautomat vidarebefordras bara namn, telefonnummer och mejladress. Bud och leverant\u00f6rer av vanlig post f\u00e5r \u00e4ven veta din adress.<\/p>\n<p>Dessutom kan vi vidarebefordra fakturauppgifter till bokf\u00f6ringsfirmor vid genomg\u00e5ng av bokf\u00f6ring.<\/p>\n<p>Vi kan \u00e4ven vidarebefordra dina uppgifter till it-leverant\u00f6rer, men enbart ifall det beh\u00f6vs f\u00f6r att f\u00e5 v\u00e5r webbutik att fungera eller f\u00f6r att kunna garantera s\u00e4ker datahantering.<\/p>\n<h3><strong>Hur l\u00e4nge sparar vi personuppgifter?<\/strong><\/h3>\n<p>Om du har ett konto i v\u00e5r webbutiki, sparas d\u00e5na uppgifter i v\u00e5rt it-system tills du sj\u00e4lv avslutar det eller ber om att f\u00e5 det avslutat.<\/p>\n<p>Om du l\u00e4gger en best\u00e4llning utan att skapa ett konto, ser vi din k\u00f6phistorik i tre \u00e5r.<\/p>\n<p>Bokf\u00f6ringsuppgifter (till exempel fakturauppgifter) sparar vi i 7 \u00e5r i enlighet med vad som f\u00f6reskrivs i lag.<\/p>\n<p>Vid betalningar eller konsumenttvister sparar vi personuppgifterna tills st\u00e4llda krav \u00e4r l\u00f6sta eller tills giltighetstiden har l\u00f6pt ut.<\/p>\n<h3><strong>Vilka r\u00e4ttigheter har du till dina personuppgifter?<\/strong><\/h3>\n<p>Du har r\u00e4tt till att f\u00e5 veta vilka personuppgifter vi kan se, ifall du har ett konto i v\u00e5r webbutik eller har lagt en best\u00e4llning via v\u00e5r webbplats.<\/p>\n<p>Om du har ett konto p\u00e5 v\u00e5r webbplats, har du r\u00e4tt att \u00e4ndra dina uppgifter i den anv\u00e4ndarprofil du har i webbutiken.<\/p>\n<p>Om du har ett konto p\u00e5 v\u00e5r webbplats, har du r\u00e4tt att radera det eller via mejl beg\u00e4ra att vi g\u00f6r det \u00e5t dig. Efter att kontot \u00e4r raderat kommer dina personuppgifter inte att finnas kvar i v\u00e5rt system, med undantag f\u00f6r uppgifter som beh\u00f6ver sparas f\u00f6r bokf\u00f6ring eller f\u00f6r att l\u00f6sa konsumenttvister.<\/p>\n<h3><strong>Lagrar vi \u00e4ven andra uppgifter?<\/strong><\/h3>\n<p>Ja. Som m\u00e5nga andra anv\u00e4nder vi Google Analytics f\u00f6r att m\u00e4ta trafiken p\u00e5 v\u00e5r webbplats och b\u00e4ttre f\u00f6rst\u00e5 v\u00e5ra kunders beteende. De uppgifter vi ser via Google Analytics \u00e4r opersonliga och kan inte s\u00e4ttas i samband med n\u00e5gon viss person.<\/p>\n<h3><strong>Hur skyddar vi personuppgifterna?<\/strong><\/h3>\n<p>Personuppgifterna lagras i servrar hos Veebimajutus p\u00e5 EU-territorium eller p\u00e5 territorium i land anslutna till EU:s ekonomiska zon. Uppgifterna kan komma att vidarebefordras till l\u00e4nder, vars datas\u00e4kerhetsniv\u00e5 har bed\u00f6mts tillr\u00e4cklig av Europeiska kommissionen och till f\u00f6retag i USA, som har anslutit sig till dess ramverk f\u00f6r integritetsskydd (Privacy Shield).<\/p>\n<p>Vi g\u00f6r f\u00f6r egen del allt f\u00f6r att skydda dina personuppgifter. Vi vidtar adekvata, fysiska, organisatoriska och informationstekniska s\u00e4kerhets\u00e5tg\u00e4rder f\u00f6r att skydda dina personuppgifter fr\u00e5n oavsiktlig eller olaglig radering, f\u00f6rlust eller \u00e4ndring och mot otill\u00e5ten \u00e5tkomst eller offentligg\u00f6rande.<\/p>\n<p>Om du misst\u00e4nker att dina uppgifter anv\u00e4nds p\u00e5 olagligt s\u00e4tt, ber vi dig meddela oss detta s\u00e5 snart det \u00e4r m\u00f6jligt.<\/p>\n<p>Vi sj\u00e4lva har tillg\u00e5ng till personuppgifterna enbart f\u00f6r att kunna behandla best\u00e4llningar och utr\u00e4tta \u00e4renden som st\u00e5r i samband med dessa (kundtj\u00e4nst och kundkontakt).<\/p>\n<p>Vi vidarebefordrar enbart personuppgifter till v\u00e5ra ombud (t ex leverant\u00f6rer av transport- eller bokf\u00f6ringstj\u00e4nster) inom ramen f\u00f6r de avtal som slutits med dem. De \u00e4r f\u00f6rpliktigade att garantera att l\u00e4mpliga \u00e5tg\u00e4rder vidtas vid hantering av personuppgifter.<\/p>\n<h3><strong>Skickar vi ut reklam via mejl?<\/strong><\/h3>\n<p>Ja, men bara om du har gett samtycke till det. Vi f\u00f6rs\u00f6ker skicka s\u00e5 f\u00e5 mejl som m\u00f6jligt, och dessa \u00e4r inte riktade, vilket inneb\u00e4r att vi p\u00e5 detta vis varken unders\u00f6ker vad v\u00e5ra kunder \u00e4r intresserade av eller skickar ut personliga reklamerbjudanden.<\/p>\n<p>Om du inte vill ha reklammejl fr\u00e5n oss, s\u00e5 klicka p\u00e5 avregistreringsl\u00e4nken i mejlet eller skriv till oss.<\/p>\n<h3><strong>Var g\u00e5r gr\u00e4nsen f\u00f6r v\u00e5rt ansvar?<\/strong><\/h3>\n<p>I v\u00e5r webbutik publicerar vi ocks\u00e5 l\u00e4nkar till andra webbplatser, f\u00f6r vars inneh\u00e5ll eller datas\u00e4kerhetsrutiner vi inte ansvarar. Vid de tidpunkter, d\u00e5 vi har lagt till dessa l\u00e4nkar, har vi inte haft anledning att tvivla p\u00e5 att de \u00e4r s\u00e4kra.<\/p>\n<h3><strong>Hur l\u00f6ser vi tvister?<\/strong><\/h3>\n<p>G\u00e4llande fr\u00e5gor om skydd av personuppgifter har du alltid r\u00e4tt att v\u00e4nda dig till oss och till Datainspektionen i Estland.<\/p>\n<p>Tvister g\u00e4llande hantering av personuppgifter hanteras via v\u00e5r kundtj\u00e4nst p\u00e5 mejladressen <a href=\"mailto:info@helliston.eu\">info@helliston.eu<\/a>. Bevakningsmyndighet \u00e4r Datainspektionen i Estland (<a href=\"mailto:info@aki.ee\">info@aki.ee<\/a>).<\/p>\n\t\t<\/div>\n\t\t\t\t\t<\/div>\n\n\t\n<\/div>\n\t\t<\/div>\n\n\t\t\n<style>\n#section_1705576440 {\n  padding-top: 30px;\n  padding-bottom: 30px;\n}\n<\/style>\n\t<\/section>\n\t\n","protected":false},"excerpt":{"rendered":"","protected":false},"author":1,"featured_media":0,"parent":0,"menu_order":0,"comment_status":"closed","ping_status":"closed","template":"page-blank.php","meta":{"footnotes":""},"class_list":["post-3424","page","type-page","status-publish","hentry"],"jetpack_sharing_enabled":true,"_links":{"self":[{"href":"https:\/\/helliston.eu\/sv\/wp-json\/wp\/v2\/pages\/3424","targetHints":{"allow":["GET"]}}],"collection":[{"href":"https:\/\/helliston.eu\/sv\/wp-json\/wp\/v2\/pages"}],"about":[{"href":"https:\/\/helliston.eu\/sv\/wp-json\/wp\/v2\/types\/page"}],"author":[{"embeddable":true,"href":"https:\/\/helliston.eu\/sv\/wp-json\/wp\/v2\/users\/1"}],"replies":[{"embeddable":true,"href":"https:\/\/helliston.eu\/sv\/wp-json\/wp\/v2\/comments?post=3424"}],"version-history":[{"count":5,"href":"https:\/\/helliston.eu\/sv\/wp-json\/wp\/v2\/pages\/3424\/revisions"}],"predecessor-version":[{"id":7168,"href":"https:\/\/helliston.eu\/sv\/wp-json\/wp\/v2\/pages\/3424\/revisions\/7168"}],"wp:attachment":[{"href":"https:\/\/helliston.eu\/sv\/wp-json\/wp\/v2\/media?parent=3424"}],"curies":[{"name":"wp","href":"https:\/\/api.w.org\/{rel}","templated":true}]}}