{"id":3415,"date":"2019-03-03T18:06:38","date_gmt":"2019-03-03T18:06:38","guid":{"rendered":"https:\/\/helliston.eu\/leverans\/"},"modified":"2023-04-08T13:58:03","modified_gmt":"2023-04-08T13:58:03","slug":"leveransvillkor","status":"publish","type":"page","link":"https:\/\/helliston.eu\/sv\/leveransvillkor\/","title":{"rendered":"Leveransvillkor"},"content":{"rendered":"\n\t<section class=\"section\" id=\"section_1259218274\">\n\t\t<div class=\"section-bg fill\" >\n\t\t\t\t\t\t\t\t\t\n\t\t\t\n\n\t\t<\/div>\n\n\t\t\n\n\t\t<div class=\"section-content relative\">\n\t\t\t\n<div class=\"row align-center\"  id=\"row-2069146254\">\n\n\n\t<div id=\"col-11004955\" class=\"col medium-7 small-12 large-7\"  >\n\t\t\t\t<div class=\"col-inner text-center\"  >\n\t\t\t\n\t\t\t\n\n<div class=\"ux-logo has-hover align-middle ux_logo inline-block\" style=\"max-width: 100%!important; width: 137.142857143px!important\"><div class=\"ux-logo-link block image-\" title=\"\" href=\"\" style=\"padding: 15px;\"><img decoding=\"async\" src=\"https:\/\/helliston.eu\/wp-content\/uploads\/2020\/01\/Posti-Logo.jpg\" title=\"\" alt=\"\" class=\"ux-logo-image block\" style=\"height:50px;\" \/><\/div><\/div>\n\n<div class=\"ux-logo has-hover align-middle ux_logo inline-block\" style=\"max-width: 100%!important; width: 187.894736842px!important\"><div class=\"ux-logo-link block image-\" title=\"\" href=\"\" style=\"padding: 15px;\"><img decoding=\"async\" src=\"https:\/\/helliston.eu\/wp-content\/uploads\/2020\/01\/Postnord-Logo.jpg\" title=\"\" alt=\"\" class=\"ux-logo-image block\" style=\"height:30px;\" \/><\/div><\/div>\n\n<div class=\"ux-logo has-hover align-middle ux_logo inline-block\" style=\"max-width: 100%!important; width: 193.043478261px!important\"><div class=\"ux-logo-link block image-\" title=\"\" href=\"\" style=\"padding: 15px;\"><img decoding=\"async\" src=\"https:\/\/helliston.eu\/wp-content\/uploads\/2020\/01\/Posten-Logo.jpg\" title=\"\" alt=\"\" class=\"ux-logo-image block\" style=\"height:50px;\" \/><\/div><\/div>\n\n\n\t\t<\/div>\n\t\t\t\t\t<\/div>\n\n\t\n\n\t<div id=\"col-1801277100\" class=\"col medium-7 small-12 large-7\"  >\n\t\t\t\t<div class=\"col-inner text-center\"  >\n\t\t\t\n\t\t\t\n\n<div class=\"ux-logo has-hover align-middle ux_logo inline-block\" style=\"max-width: 100%!important; width: 81.3698630137px!important\"><div class=\"ux-logo-link block image-\" title=\"\" href=\"\" style=\"padding: 15px;\"><img decoding=\"async\" src=\"https:\/\/helliston.eu\/wp-content\/uploads\/2020\/01\/logo_717x696.jpg\" title=\"\" alt=\"\" class=\"ux-logo-image block\" style=\"height:50px;\" \/><\/div><\/div>\n\n<div class=\"ux-logo has-hover align-middle ux_logo inline-block\" style=\"max-width: 100%!important; width: 83.1914893617px!important\"><div class=\"ux-logo-link block image-\" title=\"\" href=\"\" style=\"padding: 15px;\"><img decoding=\"async\" src=\"https:\/\/helliston.eu\/wp-content\/uploads\/2020\/01\/Itella-Logo.jpg\" title=\"\" alt=\"\" class=\"ux-logo-image block\" style=\"height:50px;\" \/><\/div><\/div>\n\n<div class=\"ux-logo has-hover align-middle ux_logo inline-block\" style=\"max-width: 100%!important; width: 141.940298507px!important\"><div class=\"ux-logo-link block image-\" title=\"\" href=\"\" style=\"padding: 15px;\"><img decoding=\"async\" src=\"https:\/\/helliston.eu\/wp-content\/uploads\/2020\/01\/DPD-Logo.jpg\" title=\"\" alt=\"\" class=\"ux-logo-image block\" style=\"height:50px;\" \/><\/div><\/div>\n\n<div class=\"ux-logo has-hover align-middle ux_logo inline-block\" style=\"max-width: 100%!important; width: 161.818181818px!important\"><div class=\"ux-logo-link block image-\" title=\"\" href=\"\" style=\"padding: 15px;\"><img decoding=\"async\" src=\"https:\/\/helliston.eu\/wp-content\/uploads\/2020\/01\/DHL-Logo.jpg\" title=\"\" alt=\"\" class=\"ux-logo-image block\" style=\"height:29px;\" \/><\/div><\/div>\n\n\n\t\t<\/div>\n\t\t\t\t\t<\/div>\n\n\t\n\n<\/div>\n<div class=\"row\"  id=\"row-1465625089\">\n\n\t<div id=\"col-1425627853\" class=\"col medium-2 small-12 large-2\"  >\n\t\t\t\t<div class=\"col-inner\"  >\n\t\t\t\n\t\t\t\n\t\t<\/div>\n\t\t\t\t\t<\/div>\n\n\t\n\n\t<div id=\"col-1867159183\" class=\"col medium-8 small-12 large-8\"  >\n\t\t\t\t<div class=\"col-inner\"  >\n\t\t\t\n\t\t\t\n<h3><strong>SVERIGE\/ FINLAND<\/strong><\/h3>\n<h4><strong>SVERIGE<\/strong><\/h4>\n<ul>\n<li>Alla skickade best\u00e4llningar \u00e4r sp\u00e5rbara via\u00a0<a href=\"http:\/\/www.postnord.se\/\">postnord.se<\/a><br \/>(om du inte ser informationen omedelbart, v\u00e4nta lite, det kan ta lite tid innan PostNord f\u00e5r information om det inkommande paketet)<\/li>\n<li>Mindre f\u00f6rem\u00e5l levereras bekv\u00e4mt till din <span data-text-color=\"primary\"><strong>postl\u00e5da<\/strong><\/span>.<\/li>\n<li>Vanlig leveranstid fr\u00e5n Baltikum till Sverige \u00e4r cirka\u00a0<span data-text-color=\"primary\"><strong>3-5 dagar<\/strong><\/span>.<\/li>\n<li>Leveranskostnaderna till Sverige \u00e4r\u00a0<span data-text-color=\"primary\"><strong>4,90 \u20ac<\/strong><\/span>\u00a0(inklusive Sveriges moms)<\/li>\n<\/ul>\n<h4><strong>FINLAND<\/strong><\/h4>\n<ul>\n<li>Det finns tv\u00e5 leveransalternativ (b\u00e5da kan sp\u00e5ras via\u00a0<a href=\"http:\/\/www.posti.fi\/\">posti.fi<\/a>\u00a0):\n<ol>\n<li>till <span data-text-color=\"primary\"><strong>postl\u00e5da<\/strong><\/span>\u00a0eller till det lokala postkontoret \u2013\n<ul>\n<li>Leveranstid: cirka\u00a0<span data-text-color=\"primary\"><strong>3-7 dagar<\/strong><\/span><\/li>\n<li>Leveranskostnader:\u00a0<span data-text-color=\"primary\"><strong>4,90 \u20ac<\/strong><\/span>\u00a0(inklusive Finlands moms)<\/li>\n<\/ul>\n<\/li>\n<li>till Postis\u00a0<span data-text-color=\"primary\"><strong>paketsk\u00e5p<\/strong><\/span>\u00a0(snabb och bekv\u00e4mt)\n<ul>\n<li>Leveranstid: &#8211; cirka<span data-text-color=\"primary\"><strong>\u00a02-4 dagar<\/strong><\/span><\/li>\n<li>Leveranskostnader:\u00a0<span data-text-color=\"primary\"><strong>9,90 \u20ac<\/strong><\/span>\u00a0(inklusive Finlands moms)<\/li>\n<\/ul>\n<\/li>\n<\/ol>\n<\/li>\n<\/ul>\n\t\t<\/div>\n\t\t\t\t\t<\/div>\n\n\t\n\n\t<div id=\"col-1521145492\" class=\"col medium-2 small-12 large-2\"  >\n\t\t\t\t<div class=\"col-inner\"  >\n\t\t\t\n\t\t\t\n\t\t<\/div>\n\t\t\t\t\t<\/div>\n\n\t\n<\/div>\n<div class=\"row\"  id=\"row-2142671172\">\n\n\t<div id=\"col-87161797\" class=\"col medium-2 small-12 large-2\"  >\n\t\t\t\t<div class=\"col-inner\"  >\n\t\t\t\n\t\t\t\n\t\t<\/div>\n\t\t\t\t\t<\/div>\n\n\t\n\n\t<div id=\"col-1495517591\" class=\"col medium-8 small-12 large-8\"  >\n\t\t\t\t<div class=\"col-inner\"  >\n\t\t\t\n\t\t\t\n<h4><strong>1. ALLM\u00c4NNA VILLKOR<\/strong><\/h4>\n<p>1.1. Alla paket kommer att skickas med ett sp\u00e5rningsnummer.<\/p>\n<p>1.2. Vi skickar till Europa, Utomeuropeiska Frankrike, USA, Kanada, Australien.<\/p>\n<p>1.3. De exakta fraktkostnaderna kommer att ber\u00e4knas i kassan.<\/p>\n<p>1.4. Vi skickar best\u00e4llningen inom 24 timmar fr\u00e5n m\u00e5ndag till fredag morgon efter att vi mottagit betalningen.<\/p>\n<p>1.5. Uts\u00e4ndningsplatsen \u00e4r Estland, Baltikum, Europeiska unionen.<\/p>\n<h4><strong>2. FRAKTKOSTNADER<\/strong><\/h4>\n<p>2.1. Den exakta fraktkostnaden kommer att ber\u00e4knas i kassan.<\/p>\n<p>2.2. Det exakta priset beror p\u00e5 destinationslandet och p\u00e5 destinationslandets moms (om best\u00e4llningen kommer att skickas inom EU).<\/p>\n<p>2.3. Fraktkostnaderna b\u00f6rjar fr\u00e5n en liten avgift p\u00e5 2,90 \u20ac (inklusive Estlands moms).<\/p>\n<h4><strong>3. FRAKTMETODER<\/strong><\/h4>\n<p>3.1. De exakta leveranss\u00e4tten kommer att visas i kassan.<\/p>\n<p>3.2. Standardleveransmetoden \u00e4r av det lokala postf\u00f6retaget (best\u00e4llningarna kan sp\u00e5ras via de lokala posternas webbplatser som USPS, PostNord, La Poste, Royal Mail, Poste Italene, Correos, Posti etc).<\/p>\n<p>3.3. Andra frakts\u00e4tt inkluderar DHL, Fedex, GLS, Itella.<\/p>\n<h4><strong>4. LEVERANSTID<\/strong><\/h4>\n<p>4.1. Leveranstiden f\u00f6r de best\u00e4llda varorna beror p\u00e5 transporttj\u00e4nstleverant\u00f6rerna och p\u00e5 kundens adress och plats.<\/p>\n<p>4.2. EU och Europa = cirka 3-7 dagar.<\/p>\n<p>4.3. Utanf\u00f6r Europa = cirka 5-14 dagar.<\/p>\n<h4><strong>5. AVBOKNING AV LEVERANS<\/strong><\/h4>\n<p>5.1. Efter att best\u00e4llningen har skickats med post kan vi inte garantera att leveransen h\u00e4vs (om du kontaktar oss direkt inom en dag efter att vi har skickat best\u00e4llningen b\u00f6r det finnas m\u00f6jlighet att avbryta best\u00e4llningen, men vi kan inte garantera det. Det beror p\u00e5 hur snabbt leveransf\u00f6retaget skickar paketet utomlands).<\/p>\n<p>5.2 Om best\u00e4llningen redan \u00e4r skickad kan du tacka nej till paketet om postf\u00f6retaget f\u00f6rs\u00f6ker leverera det. Efter att ha avvisat paketet \u00e4r postf\u00f6retaget skyldigt att returnera paketet till oss. Efter att ha mottagit den \u00e5terbetalar vi best\u00e4llningen.<\/p>\n<h4><strong>6. SKADAD ELLER F\u00d6RLASTNA PAKET<\/strong><\/h4>\n<p>6.1. Om best\u00e4llningen \u00e4r skadad och den inte kan anv\u00e4ndas l\u00e4ngre eller om den f\u00f6rsvann p\u00e5 rutten, kontakta oss direkt.<\/p>\n<p>6.2. Antingen \u00e5terbetalar vi alla kostnader eller skickar det igen (beroende p\u00e5 kundens \u00f6nskem\u00e5l).<\/p>\n<h4><strong>7. F\u00d6RS\u00c4NDNING AV F\u00d6RS\u00c4NDNINGAR<\/strong><\/h4>\n<p>7.1. Vi tar inget ansvar f\u00f6r f\u00f6rseningen av leveransen om den stannar inom intervallet 7 dagar efter utlovad leveranstid.<\/p>\n<p>7.2. Vi tar inget ansvar f\u00f6r f\u00f6rseningen av leveransen orsakad av force majeur.<\/p>\n<p>7.3. Vi tar inget ansvar f\u00f6r f\u00f6rseningen av leveransen om adressen som kunden angett var falsk.<\/p>\n<h4><strong>8. FRAKT INOM ESTLAND<\/strong><\/h4>\n<p>8.1. Fraktkostnaden b\u00f6rjar fr\u00e5n 2,90 \u20ac.<\/p>\n<p>8.2. Leveranss\u00e4tt:<\/p>\n<p>8.2.1. Paketterminaler: Omniva, Itella<\/p>\n<p>8.2.3. Bud: Itella<\/p>\n<p>8.3. Leveranstid: inom 1-3 dagar efter postning av paketet.<\/p>\n\t\t<\/div>\n\t\t\t\t\t<\/div>\n\n\t\n\n\t<div id=\"col-1026153104\" class=\"col medium-2 small-12 large-2\"  >\n\t\t\t\t<div class=\"col-inner\"  >\n\t\t\t\n\t\t\t\n\t\t<\/div>\n\t\t\t\t\t<\/div>\n\n\t\n<\/div>\n\t\t<\/div>\n\n\t\t\n<style>\n#section_1259218274 {\n  padding-top: 30px;\n  padding-bottom: 30px;\n}\n<\/style>\n\t<\/section>\n\t\n","protected":false},"excerpt":{"rendered":"","protected":false},"author":1,"featured_media":0,"parent":0,"menu_order":0,"comment_status":"closed","ping_status":"closed","template":"page-blank.php","meta":{"footnotes":""},"class_list":["post-3415","page","type-page","status-publish","hentry"],"jetpack_sharing_enabled":true,"_links":{"self":[{"href":"https:\/\/helliston.eu\/sv\/wp-json\/wp\/v2\/pages\/3415","targetHints":{"allow":["GET"]}}],"collection":[{"href":"https:\/\/helliston.eu\/sv\/wp-json\/wp\/v2\/pages"}],"about":[{"href":"https:\/\/helliston.eu\/sv\/wp-json\/wp\/v2\/types\/page"}],"author":[{"embeddable":true,"href":"https:\/\/helliston.eu\/sv\/wp-json\/wp\/v2\/users\/1"}],"replies":[{"embeddable":true,"href":"https:\/\/helliston.eu\/sv\/wp-json\/wp\/v2\/comments?post=3415"}],"version-history":[{"count":5,"href":"https:\/\/helliston.eu\/sv\/wp-json\/wp\/v2\/pages\/3415\/revisions"}],"predecessor-version":[{"id":21601,"href":"https:\/\/helliston.eu\/sv\/wp-json\/wp\/v2\/pages\/3415\/revisions\/21601"}],"wp:attachment":[{"href":"https:\/\/helliston.eu\/sv\/wp-json\/wp\/v2\/media?parent=3415"}],"curies":[{"name":"wp","href":"https:\/\/api.w.org\/{rel}","templated":true}]}}