{"id":3403,"date":"2019-03-31T14:32:51","date_gmt":"2019-03-31T14:32:51","guid":{"rendered":"https:\/\/helliston.eu\/kontakta-oss\/"},"modified":"2020-07-01T14:58:55","modified_gmt":"2020-07-01T14:58:55","slug":"kontakta-oss","status":"publish","type":"page","link":"https:\/\/www.helliston.eu\/sv\/kontakta-oss\/","title":{"rendered":"Kontakta oss"},"content":{"rendered":"\n\t<section class=\"section\" id=\"section_109571782\">\n\t\t<div class=\"section-bg fill\" >\n\t\t\t\t\t\t\t\t\t\n\t\t\t\n\n\t\t<\/div>\n\n\t\t\n\n\t\t<div class=\"section-content relative\">\n\t\t\t\n<div class=\"row row-collapse align-center\"  id=\"row-1327018861\">\n\n\t<div id=\"col-2085763109\" class=\"col medium-5 small-12 large-5\"  >\n\t\t\t\t<div class=\"col-inner\"  >\n\t\t\t\n\t\t\t\n\n  <div class=\"banner has-hover\" id=\"banner-887746883\">\n          <div class=\"banner-inner fill\">\n        <div class=\"banner-bg fill\" >\n                                                \n                    <\/div>\n\t\t\n        <div class=\"banner-layers container\">\n            <div class=\"fill banner-link\"><\/div>            \n   <div id=\"text-box-960561626\" class=\"text-box banner-layer x5 md-x50 lg-x50 y100 md-y50 lg-y50 res-text\">\n                                <div class=\"text-box-content text dark\">\n              \n              <div class=\"text-inner text-left\">\n                  \n<h3 class=\"uppercase\"><strong>Skriv till oss<br \/><\/strong><\/h3>\n<p><span style=\"font-size: 150%;\"><strong>Skriv till oss om du har fr\u00e5gor eller problem. Vi f\u00f6rs\u00f6ker alltid vara till hj\u00e4lp s\u00e5 gott vi kan.<br \/><\/strong><\/span><\/p>\n<p>\u00a0<\/p>\n<div class=\"row row-collapse row-full-width\"  id=\"row-1699941544\">\n\n\t<div id=\"col-509771112\" class=\"col medium-6 large-6\"  >\n\t\t\t\t<div class=\"col-inner\"  >\n\t\t\t\n\t\t\t\n<h3 class=\"uppercase\" style=\"text-align: left;\"><strong>Post &amp; <br \/>Fakturor<br \/><\/strong><\/h3>\n<p><span style=\"font-size: 150%;\"><strong>HELLISTON NORD O\u00dc<br \/>PEETRI 1B<br \/>80029 P\u00c4RNU<br \/>ESTLAND<br \/><\/strong><\/span><\/p>\n\t\t<\/div>\n\t\t\t\t\t<\/div>\n\n\t\n\n\t<div id=\"col-325922043\" class=\"col medium-6 large-6\"  >\n\t\t\t\t<div class=\"col-inner\"  >\n\t\t\t\n\t\t\t\n<h3 class=\"uppercase\"><strong>Bes\u00f6k &amp; <br \/>lager<br \/><\/strong><\/h3>\n<p><span style=\"font-size: 150%;\"><strong>HELLISTON NORD O\u00dc<br \/>KAKUAMI 6<br \/>80031 P\u00c4RNU<br \/>ESTLAND<br \/><\/strong><\/span><\/p>\n\t\t<\/div>\n\t\t\t\t\t<\/div>\n\n\t\n<\/div>\n<div class=\"row align-center\"  id=\"row-1107474582\">\n\n\t<div id=\"col-1922636301\" class=\"col medium-6 small-8 large-6\"  >\n\t\t\t\t<div class=\"col-inner\"  >\n\t\t\t\n\t\t\t\n<h4><strong><img loading=\"lazy\" decoding=\"async\" class=\"alignnonewp-image-1489\" src=\"https:\/\/helliston.eu\/wp-content\/uploads\/2019\/03\/mobile-300x300.png\" alt=\"\" width=\"20\" height=\"20\" srcset=\"https:\/\/www.helliston.eu\/wp-content\/uploads\/2019\/03\/mobile-300x300.png 300w, https:\/\/www.helliston.eu\/wp-content\/uploads\/2019\/03\/mobile-247x247.png 247w, https:\/\/www.helliston.eu\/wp-content\/uploads\/2019\/03\/mobile-510x510.png 510w, https:\/\/www.helliston.eu\/wp-content\/uploads\/2019\/03\/mobile-150x150.png 150w, https:\/\/www.helliston.eu\/wp-content\/uploads\/2019\/03\/mobile-100x100.png 100w, https:\/\/www.helliston.eu\/wp-content\/uploads\/2019\/03\/mobile.png 512w\" sizes=\"auto, (max-width: 20px) 100vw, 20px\" \/><img loading=\"lazy\" decoding=\"async\" class=\"alignnonewp-image-1501\" src=\"https:\/\/helliston.eu\/wp-content\/uploads\/2019\/03\/whatsapp_logo-300x300.png\" alt=\"\" width=\"22\" height=\"22\" srcset=\"https:\/\/www.helliston.eu\/wp-content\/uploads\/2019\/03\/whatsapp_logo-300x300.png 300w, https:\/\/www.helliston.eu\/wp-content\/uploads\/2019\/03\/whatsapp_logo-247x247.png 247w, https:\/\/www.helliston.eu\/wp-content\/uploads\/2019\/03\/whatsapp_logo-510x510.png 510w, https:\/\/www.helliston.eu\/wp-content\/uploads\/2019\/03\/whatsapp_logo-150x150.png 150w, https:\/\/www.helliston.eu\/wp-content\/uploads\/2019\/03\/whatsapp_logo-768x768.png 768w, https:\/\/www.helliston.eu\/wp-content\/uploads\/2019\/03\/whatsapp_logo-100x100.png 100w, https:\/\/www.helliston.eu\/wp-content\/uploads\/2019\/03\/whatsapp_logo.png 1000w\" sizes=\"auto, (max-width: 22px) 100vw, 22px\" \/> +372 53457161<\/strong><\/h4>\n<h4><strong><img loading=\"lazy\" decoding=\"async\" class=\"alignnonewp-image-1495\" src=\"https:\/\/helliston.eu\/wp-content\/uploads\/2019\/03\/email-300x300.png\" alt=\"\" width=\"19\" height=\"19\" srcset=\"https:\/\/www.helliston.eu\/wp-content\/uploads\/2019\/03\/email-300x300.png 300w, https:\/\/www.helliston.eu\/wp-content\/uploads\/2019\/03\/email-247x247.png 247w, https:\/\/www.helliston.eu\/wp-content\/uploads\/2019\/03\/email-510x510.png 510w, https:\/\/www.helliston.eu\/wp-content\/uploads\/2019\/03\/email-150x150.png 150w, https:\/\/www.helliston.eu\/wp-content\/uploads\/2019\/03\/email-100x100.png 100w, https:\/\/www.helliston.eu\/wp-content\/uploads\/2019\/03\/email.png 512w\" sizes=\"auto, (max-width: 19px) 100vw, 19px\" \/> info@helliston.eu<\/strong><\/h4>\n\t\t<\/div>\n\t\t\t\t\t<\/div>\n\n\t\n<\/div>\n\t<div id=\"gap-1091386054\" class=\"gap-element clearfix\" style=\"display:block; height:auto;\">\n\t\t\n<style>\n#gap-1091386054 {\n  padding-top: 10px;\n}\n<\/style>\n\t<\/div>\n\t\n              <\/div>\n           <\/div>\n                            \n<style>\n#text-box-960561626 {\n  width: 88%;\n}\n#text-box-960561626 .text-box-content {\n  font-size: 100%;\n}\n@media (min-width:550px) {\n  #text-box-960561626 {\n    width: 85%;\n  }\n}\n<\/style>\n    <\/div>\n \n        <\/div>\n      <\/div>\n\n            \n<style>\n#banner-887746883 {\n  padding-top: 650px;\n  background-color: rgba(0, 120, 255, 0.91);\n}\n@media (min-width:550px) {\n  #banner-887746883 {\n    padding-top: 500px;\n  }\n}\n<\/style>\n  <\/div>\n\n\n\t\t<\/div>\n\t\t\t\t\t<\/div>\n\n\t\n\n\t<div id=\"col-74462807\" class=\"col medium-6 small-12 large-6\"  >\n\t\t\t\t<div class=\"col-inner\"  >\n\t\t\t\n\t\t\t\n\n  <div class=\"banner has-hover\" id=\"banner-1731153230\">\n          <div class=\"banner-inner fill\">\n        <div class=\"banner-bg fill\" >\n                                                \n                    <\/div>\n\t\t\n        <div class=\"banner-layers container\">\n            <div class=\"fill banner-link\"><\/div>            \n   <div id=\"text-box-800424650\" class=\"text-box banner-layer x50 md-x50 lg-x50 y50 md-y50 lg-y50 res-text\">\n                                <div class=\"text-box-content text \">\n              \n              <div class=\"text-inner text-center\">\n                  \n\t<div id=\"gap-615954134\" class=\"gap-element clearfix\" style=\"display:block; height:auto;\">\n\t\t\n<style>\n#gap-615954134 {\n  padding-top: 40px;\n}\n<\/style>\n\t<\/div>\n\t\n\n<div class=\"wpcf7 no-js\" id=\"wpcf7-f3476-o1\" lang=\"\" dir=\"ltr\" data-wpcf7-id=\"3476\">\n<div class=\"screen-reader-response\"><p role=\"status\" aria-live=\"polite\" aria-atomic=\"true\"><\/p> <ul><\/ul><\/div>\n<form action=\"\/sv\/wp-json\/wp\/v2\/pages\/3403#wpcf7-f3476-o1\" method=\"post\" class=\"wpcf7-form init\" aria-label=\"Kontaktformul\u00e4r\" novalidate=\"novalidate\" data-status=\"init\">\n<fieldset class=\"hidden-fields-container\"><input type=\"hidden\" name=\"_wpcf7\" value=\"3476\" \/><input type=\"hidden\" name=\"_wpcf7_version\" value=\"6.1.2\" \/><input type=\"hidden\" name=\"_wpcf7_locale\" value=\"\" \/><input type=\"hidden\" name=\"_wpcf7_unit_tag\" value=\"wpcf7-f3476-o1\" \/><input type=\"hidden\" name=\"_wpcf7_container_post\" value=\"0\" \/><input type=\"hidden\" name=\"_wpcf7_posted_data_hash\" value=\"\" \/><input type=\"hidden\" name=\"_wpcf7_recaptcha_response\" value=\"\" \/>\n<\/fieldset>\n<div class=\"form-group\">\n\t<div class=\"custom-input-box\">\n\t\t<p><i class=\"Simple-Line-Icons-user\"><\/i><span class=\"wpcf7-form-control-wrap\" data-name=\"your-name\"><input size=\"40\" maxlength=\"400\" class=\"wpcf7-form-control wpcf7-text wpcf7-validates-as-required form-control\" aria-required=\"true\" aria-invalid=\"false\" placeholder=\"Namn*\" value=\"\" type=\"text\" name=\"your-name\" \/><\/span>\n\t\t<\/p>\n\t<\/div>\n<\/div>\n<div class=\"form-group\">\n\t<div class=\"custom-input-box\">\n\t\t<p><i class=\"Simple-Line-Icons-envelope\"><\/i><span class=\"wpcf7-form-control-wrap\" data-name=\"your-email\"><input size=\"40\" maxlength=\"400\" class=\"wpcf7-form-control wpcf7-email wpcf7-validates-as-required wpcf7-text wpcf7-validates-as-email form-control\" aria-required=\"true\" aria-invalid=\"false\" placeholder=\"E-post*\" value=\"\" type=\"email\" name=\"your-email\" \/><\/span>\n\t\t<\/p>\n\t<\/div>\n<\/div>\n<div class=\"form-group\">\n\t<div class=\"custom-input-box\">\n\t\t<p><i class=\"Simple-Line-Icons-bubble\"><\/i><span class=\"wpcf7-form-control-wrap\" data-name=\"your-message\"><textarea cols=\"40\" rows=\"10\" maxlength=\"2000\" class=\"wpcf7-form-control wpcf7-textarea wpcf7-validates-as-required form-control\" aria-required=\"true\" aria-invalid=\"false\" placeholder=\"Meddelande*\" name=\"your-message\"><\/textarea><\/span>\n\t\t<\/p>\n\t<\/div>\n<\/div>\n<div class=\"submit-btn\">\n\n<\/div>\n<div class=\"submit-btn\">\n\t<p><input class=\"wpcf7-form-control wpcf7-submit has-spinner\" type=\"submit\" value=\"Skicka\" \/>\n\t<\/p>\n<\/div><p style=\"display: none !important;\" class=\"akismet-fields-container\" data-prefix=\"_wpcf7_ak_\"><label>&#916;<textarea name=\"_wpcf7_ak_hp_textarea\" cols=\"45\" rows=\"8\" maxlength=\"100\"><\/textarea><\/label><input type=\"hidden\" id=\"ak_js_1\" name=\"_wpcf7_ak_js\" value=\"165\"\/><script>document.getElementById( \"ak_js_1\" ).setAttribute( \"value\", ( new Date() ).getTime() );<\/script><\/p><div class=\"wpcf7-response-output\" aria-hidden=\"true\"><\/div>\n<\/form>\n<\/div>\n\n              <\/div>\n           <\/div>\n                            \n<style>\n#text-box-800424650 {\n  width: 88%;\n}\n#text-box-800424650 .text-box-content {\n  font-size: 129%;\n}\n<\/style>\n    <\/div>\n \n        <\/div>\n      <\/div>\n\n            \n<style>\n#banner-1731153230 {\n  padding-top: 500px;\n  background-color: rgba(255, 255, 255, 0.74);\n}\n<\/style>\n  <\/div>\n\n\n\t\t<\/div>\n\t\t\t\t\t<\/div>\n\n\t\n<\/div>\n\t<div id=\"gap-12137392\" class=\"gap-element clearfix\" style=\"display:block; height:auto;\">\n\t\t\n<style>\n#gap-12137392 {\n  padding-top: 30px;\n}\n<\/style>\n\t<\/div>\n\t\n\t\t<\/div>\n\n\t\t\n<style>\n#section_109571782 {\n  padding-top: 0px;\n  padding-bottom: 0px;\n}\n@media (min-width:550px) {\n  #section_109571782 {\n    padding-top: 50px;\n    padding-bottom: 50px;\n  }\n}\n<\/style>\n\t<\/section>\n\t\n","protected":false},"excerpt":{"rendered":"","protected":false},"author":1,"featured_media":0,"parent":0,"menu_order":0,"comment_status":"closed","ping_status":"closed","template":"page-blank.php","meta":{"footnotes":""},"class_list":["post-3403","page","type-page","status-publish","hentry"],"jetpack_sharing_enabled":true,"_links":{"self":[{"href":"https:\/\/www.helliston.eu\/sv\/wp-json\/wp\/v2\/pages\/3403","targetHints":{"allow":["GET"]}}],"collection":[{"href":"https:\/\/www.helliston.eu\/sv\/wp-json\/wp\/v2\/pages"}],"about":[{"href":"https:\/\/www.helliston.eu\/sv\/wp-json\/wp\/v2\/types\/page"}],"author":[{"embeddable":true,"href":"https:\/\/www.helliston.eu\/sv\/wp-json\/wp\/v2\/users\/1"}],"replies":[{"embeddable":true,"href":"https:\/\/www.helliston.eu\/sv\/wp-json\/wp\/v2\/comments?post=3403"}],"version-history":[{"count":5,"href":"https:\/\/www.helliston.eu\/sv\/wp-json\/wp\/v2\/pages\/3403\/revisions"}],"predecessor-version":[{"id":7164,"href":"https:\/\/www.helliston.eu\/sv\/wp-json\/wp\/v2\/pages\/3403\/revisions\/7164"}],"wp:attachment":[{"href":"https:\/\/www.helliston.eu\/sv\/wp-json\/wp\/v2\/media?parent=3403"}],"curies":[{"name":"wp","href":"https:\/\/api.w.org\/{rel}","templated":true}]}}